{"id":5945,"date":"2023-11-21T14:54:26","date_gmt":"2023-11-21T17:54:26","guid":{"rendered":"https:\/\/www.visiteobrasil.com.br\/news\/?page_id=5945"},"modified":"2023-11-21T14:54:26","modified_gmt":"2023-11-21T17:54:26","slug":"destinos-turisticos-dos-estados-unidos","status":"publish","type":"page","link":"https:\/\/www.visiteobrasil.com.br\/news\/destinos-turisticos-dos-estados-unidos\/","title":{"rendered":"Destinos tur\u00edsticos dos Estados Unidos"},"content":{"rendered":"<p style=\"text-align: right;\">Os Estados Unidos oferecem uma gama diversificada de destinos tur\u00edsticos. De <strong>Boston<\/strong> a <strong>Honolulu<\/strong>, <strong>Las Vegas<\/strong> a <strong>Nova Iorque<\/strong>, e <strong>San Francisco<\/strong> a <strong>Washington<\/strong>, cada cidade possui uma personalidade \u00fanica. <strong>Miami<\/strong> brilha com praias ensolaradas, enquanto <strong>Orlando<\/strong> encanta com parques tem\u00e1ticos.<strong> Los Angeles<\/strong> \u00e9 o centro do entretenimento, <strong>San Diego<\/strong> \u00e9 conhecida por suas praias, e <strong>Chicago<\/strong> exibe uma arquitetura deslumbrante. Em resumo, os <a href=\"https:\/\/pt.wikipedia.org\/wiki\/Estados_Unidos\" target=\"_blank\" rel=\"noopener\">Estados Unidos<\/a> proporcionam uma experi\u00eancia tur\u00edstica variada, desde metr\u00f3poles vibrantes at\u00e9 para\u00edsos naturais.<\/p>\n<p>Saiba mais clicando na cidade desejada e conhe\u00e7a sua historia, como \u00e9 a cidade, o que fazer, dentre outros:<\/p>\n<h2><a href=\"https:\/\/visiteobrasil.com.br\/internacional\/america-do-norte\/estados-unidos\/boston\">Boston<\/a><br \/>\n<a href=\"https:\/\/visiteobrasil.com.br\/internacional\/america-do-norte\/estados-unidos\/chicago\">Chicago<\/a><br \/>\n<a href=\"https:\/\/visiteobrasil.com.br\/internacional\/america-do-norte\/estados-unidos\/honolulu-havai\">Honolulu &#8211; Hava\u00ed<\/a><br \/>\n<a href=\"https:\/\/visiteobrasil.com.br\/internacional\/america-do-norte\/estados-unidos\/las-vegas\">Las Vegas<\/a><br \/>\n<a href=\"https:\/\/visiteobrasil.com.br\/internacional\/america-do-norte\/estados-unidos\/los-angelis\">Los Angelis<\/a><br \/>\n<a href=\"https:\/\/visiteobrasil.com.br\/internacional\/america-do-norte\/estados-unidos\/miami\">Miami<\/a><br \/>\n<a href=\"https:\/\/visiteobrasil.com.br\/internacional\/america-do-norte\/estados-unidos\/nova-iorque\">Nova Iorque<\/a><br \/>\n<a href=\"https:\/\/visiteobrasil.com.br\/internacional\/america-do-norte\/estados-unidos\/orlando\">Orlando<\/a><br \/>\n<a href=\"https:\/\/visiteobrasil.com.br\/internacional\/america-do-norte\/estados-unidos\/san-diego\">San Diego<\/a><br \/>\n<a href=\"https:\/\/visiteobrasil.com.br\/internacional\/america-do-norte\/estados-unidos\/san-francisco\">San Francisco<\/a><br \/>\n<a href=\"https:\/\/visiteobrasil.com.br\/internacional\/america-do-norte\/estados-unidos\/washington-\">Washington<\/a><\/h2>\n","protected":false},"excerpt":{"rendered":"<p>Os Estados Unidos oferecem uma gama diversificada de destinos tur\u00edsticos. De Boston a Honolulu, Las Vegas a Nova Iorque, e San Francisco a Washington, cada cidade possui uma personalidade \u00fanica. Miami brilha com praias ensolaradas, enquanto Orlando encanta com parques tem\u00e1ticos. Los Angeles \u00e9 o centro do entretenimento, San Diego \u00e9 conhecida por suas praias, [&hellip;]<\/p>\n","protected":false},"author":2,"featured_media":5946,"parent":0,"menu_order":0,"comment_status":"closed","ping_status":"closed","template":"","meta":{"footnotes":""},"class_list":["post-5945","page","type-page","status-publish","has-post-thumbnail","hentry"],"jetpack-related-posts":[{"id":5948,"url":"https:\/\/www.visiteobrasil.com.br\/news\/destinos-turisticos-do-mexico\/","url_meta":{"origin":5945,"position":0},"title":"Destinos tur\u00edsticos do M\u00e9xico","author":"Ramon","date":"21 de novembro de 2023","format":false,"excerpt":"O M\u00e9xico \u00e9 um tesouro tur\u00edstico diversificado. Na Cidade do M\u00e9xico, mergulhe na rica cultura e hist\u00f3ria. Acapulco oferece praias deslumbrantes e vida noturna animada. Canc\u00fan \u00e9 um para\u00edso caribenho com suas \u00e1guas cristalinas. Los Cabos encanta com paisagens desertas e oceano magn\u00edfico. Puerto Vallarta combina charme hist\u00f3rico com praias\u2026","rel":"","context":"Post similar","block_context":{"text":"Post similar","link":""},"img":{"alt_text":"M\u00e9xico - Los Cabos - San Jos\u00e9","src":"https:\/\/i0.wp.com\/www.visiteobrasil.com.br\/news\/wp-content\/uploads\/2023\/11\/los-cabos-san-jose-del-cabo-foto-stan-shebs-licenca-creative-commons.jpg?fit=900%2C599&ssl=1&resize=350%2C200","width":350,"height":200,"srcset":"https:\/\/i0.wp.com\/www.visiteobrasil.com.br\/news\/wp-content\/uploads\/2023\/11\/los-cabos-san-jose-del-cabo-foto-stan-shebs-licenca-creative-commons.jpg?fit=900%2C599&ssl=1&resize=350%2C200 1x, https:\/\/i0.wp.com\/www.visiteobrasil.com.br\/news\/wp-content\/uploads\/2023\/11\/los-cabos-san-jose-del-cabo-foto-stan-shebs-licenca-creative-commons.jpg?fit=900%2C599&ssl=1&resize=525%2C300 1.5x, https:\/\/i0.wp.com\/www.visiteobrasil.com.br\/news\/wp-content\/uploads\/2023\/11\/los-cabos-san-jose-del-cabo-foto-stan-shebs-licenca-creative-commons.jpg?fit=900%2C599&ssl=1&resize=700%2C400 2x"},"classes":[]},{"id":6017,"url":"https:\/\/www.visiteobrasil.com.br\/news\/destinos-turisticos-da-russia\/","url_meta":{"origin":5945,"position":1},"title":"Destinos tur\u00edsticos da R\u00fassia","author":"Ramon","date":"21 de novembro de 2023","format":false,"excerpt":"A R\u00fassia oferece destinos tur\u00edsticos ic\u00f4nicos como Moscou, a capital vibrante, conhecida pela Pra\u00e7a Vermelha e pelo Kremlin, refletindo a grandiosidade hist\u00f3rica e cultural do pa\u00eds. San Petersburgo, \u00e0s margens do rio Neva, encanta com sua arquitetura elegante, destacando o Museu Hermitage e o Pal\u00e1cio de Inverno. Ambas as cidades\u2026","rel":"","context":"Post similar","block_context":{"text":"Post similar","link":""},"img":{"alt_text":"R\u00fassia - Moscou : Catedral de S\u00e3o Bas\u00edlio","src":"https:\/\/i0.wp.com\/www.visiteobrasil.com.br\/news\/wp-content\/uploads\/2023\/11\/moscou-catedral-de-sao-basilio-foto-alves-gaspar-licenca-cc-by-sa-3-0.jpg?fit=900%2C599&ssl=1&resize=350%2C200","width":350,"height":200,"srcset":"https:\/\/i0.wp.com\/www.visiteobrasil.com.br\/news\/wp-content\/uploads\/2023\/11\/moscou-catedral-de-sao-basilio-foto-alves-gaspar-licenca-cc-by-sa-3-0.jpg?fit=900%2C599&ssl=1&resize=350%2C200 1x, https:\/\/i0.wp.com\/www.visiteobrasil.com.br\/news\/wp-content\/uploads\/2023\/11\/moscou-catedral-de-sao-basilio-foto-alves-gaspar-licenca-cc-by-sa-3-0.jpg?fit=900%2C599&ssl=1&resize=525%2C300 1.5x, https:\/\/i0.wp.com\/www.visiteobrasil.com.br\/news\/wp-content\/uploads\/2023\/11\/moscou-catedral-de-sao-basilio-foto-alves-gaspar-licenca-cc-by-sa-3-0.jpg?fit=900%2C599&ssl=1&resize=700%2C400 2x"},"classes":[]},{"id":6004,"url":"https:\/\/www.visiteobrasil.com.br\/news\/destinos-turisticos-dos-emirados-arabes\/","url_meta":{"origin":5945,"position":2},"title":"Destinos tur\u00edsticos dos Emirados \u00c1rabes","author":"Ramon","date":"21 de novembro de 2023","format":false,"excerpt":"Os Emirados \u00c1rabes Unidos oferecem destinos tur\u00edsticos glamorosos e futuristas, como Abu Dhabi, a capital, conhecida por sua arquitetura moderna e a Grande Mesquita Sheikh Zayed. Dubai, uma cidade cosmopolita, \u00e9 famosa por seus arranha-c\u00e9us imponentes, o Burj Khalifa, e a ilha artificial Palm Jumeirah. Ambas as cidades oferecem experi\u00eancias\u2026","rel":"","context":"Post similar","block_context":{"text":"Post similar","link":""},"img":{"alt_text":"","src":"","width":0,"height":0},"classes":[]},{"id":4869,"url":"https:\/\/www.visiteobrasil.com.br\/news\/pernambuco\/","url_meta":{"origin":5945,"position":3},"title":"Pernambuco","author":"Ramon","date":"12 de outubro de 2023","format":false,"excerpt":"Previous Next O estado de Pernambuco, situado na Regi\u00e3o Nordeste do Brasil, \u00e9 um lugar de hist\u00f3ria rica e um centro cultural vibrante. Sua capital, Recife, \u00e9 conhecida por suas influ\u00eancias europeias, africanas e ind\u00edgenas, que se manifestam em sua arquitetura, m\u00fasica e gastronomia. O Recife Antigo, parte do centro\u2026","rel":"","context":"Post similar","block_context":{"text":"Post similar","link":""},"img":{"alt_text":"Pernambuco - Praia dos Cafrneiros - Tamandar\u00e9","src":"https:\/\/i0.wp.com\/www.visiteobrasil.com.br\/news\/wp-content\/uploads\/2023\/10\/Pernambuco-Praia-dos-carneiros-Tamandare.jpg?fit=900%2C300&ssl=1&resize=350%2C200","width":350,"height":200,"srcset":"https:\/\/i0.wp.com\/www.visiteobrasil.com.br\/news\/wp-content\/uploads\/2023\/10\/Pernambuco-Praia-dos-carneiros-Tamandare.jpg?fit=900%2C300&ssl=1&resize=350%2C200 1x, https:\/\/i0.wp.com\/www.visiteobrasil.com.br\/news\/wp-content\/uploads\/2023\/10\/Pernambuco-Praia-dos-carneiros-Tamandare.jpg?fit=900%2C300&ssl=1&resize=525%2C300 1.5x, https:\/\/i0.wp.com\/www.visiteobrasil.com.br\/news\/wp-content\/uploads\/2023\/10\/Pernambuco-Praia-dos-carneiros-Tamandare.jpg?fit=900%2C300&ssl=1&resize=700%2C400 2x"},"classes":[]},{"id":5995,"url":"https:\/\/www.visiteobrasil.com.br\/news\/destinos-turisticos-de-cingapura\/","url_meta":{"origin":5945,"position":4},"title":"Destinos tur\u00edsticos de Cingapura","author":"Ramon","date":"21 de novembro de 2023","format":false,"excerpt":"Cingapura, uma cidade-estado, \u00e9 um destino tur\u00edstico fascinante que combina modernidade e tradi\u00e7\u00e3o. A Cidade de Cingapura \u00e9 um centro cosmopolita, repleto de arranha-c\u00e9us imponentes, atra\u00e7\u00f5es futur\u00edsticas como Marina Bay Sands e uma mistura \u00fanica de culturas. Os visitantes podem explorar bairros \u00e9tnicos, como Chinatown e Little India, desfrutar da\u2026","rel":"","context":"Post similar","block_context":{"text":"Post similar","link":""},"img":{"alt_text":"Cingapura - Cidade de Cingapura - Centro financeiro","src":"https:\/\/i0.wp.com\/www.visiteobrasil.com.br\/news\/wp-content\/uploads\/2023\/11\/cingapura-centro-financeiro-de-singapura-a-noite-foto-erwin-soo-licenca-cc-by-sa-2-0.jpg?fit=900%2C599&ssl=1&resize=350%2C200","width":350,"height":200,"srcset":"https:\/\/i0.wp.com\/www.visiteobrasil.com.br\/news\/wp-content\/uploads\/2023\/11\/cingapura-centro-financeiro-de-singapura-a-noite-foto-erwin-soo-licenca-cc-by-sa-2-0.jpg?fit=900%2C599&ssl=1&resize=350%2C200 1x, https:\/\/i0.wp.com\/www.visiteobrasil.com.br\/news\/wp-content\/uploads\/2023\/11\/cingapura-centro-financeiro-de-singapura-a-noite-foto-erwin-soo-licenca-cc-by-sa-2-0.jpg?fit=900%2C599&ssl=1&resize=525%2C300 1.5x, https:\/\/i0.wp.com\/www.visiteobrasil.com.br\/news\/wp-content\/uploads\/2023\/11\/cingapura-centro-financeiro-de-singapura-a-noite-foto-erwin-soo-licenca-cc-by-sa-2-0.jpg?fit=900%2C599&ssl=1&resize=700%2C400 2x"},"classes":[]},{"id":4611,"url":"https:\/\/www.visiteobrasil.com.br\/news\/destinos-internacionais\/","url_meta":{"origin":5945,"position":5},"title":"Destinos Internacionais","author":"Ramon","date":"11 de outubro de 2023","format":false,"excerpt":"Viajar para destinos internacionais oferece uma oportunidade \u00fanica de explorar culturas, paisagens e experi\u00eancias que s\u00e3o t\u00e3o diversas quanto inspiradoras. Nos destinos internacionais, de cidades hist\u00f3ricas a para\u00edsos naturais, o mundo est\u00e1 repleto de destinos tur\u00edsticos que cativam viajantes \u00e1vidos em busca de aventura e descoberta. Cada lugar tem suas\u2026","rel":"","context":"Post similar","block_context":{"text":"Post similar","link":""},"img":{"alt_text":"Destinos internacionais: Jap\u00e3o - Kyoto: Castelo de Nijo","src":"https:\/\/i0.wp.com\/www.visiteobrasil.com.br\/news\/wp-content\/uploads\/2023\/10\/kyoto-castelo-de-nijo-foto-araisyohei-licenca-cc-by-sa-3-0gr.jpg?fit=900%2C300&ssl=1&resize=350%2C200","width":350,"height":200,"srcset":"https:\/\/i0.wp.com\/www.visiteobrasil.com.br\/news\/wp-content\/uploads\/2023\/10\/kyoto-castelo-de-nijo-foto-araisyohei-licenca-cc-by-sa-3-0gr.jpg?fit=900%2C300&ssl=1&resize=350%2C200 1x, https:\/\/i0.wp.com\/www.visiteobrasil.com.br\/news\/wp-content\/uploads\/2023\/10\/kyoto-castelo-de-nijo-foto-araisyohei-licenca-cc-by-sa-3-0gr.jpg?fit=900%2C300&ssl=1&resize=525%2C300 1.5x, https:\/\/i0.wp.com\/www.visiteobrasil.com.br\/news\/wp-content\/uploads\/2023\/10\/kyoto-castelo-de-nijo-foto-araisyohei-licenca-cc-by-sa-3-0gr.jpg?fit=900%2C300&ssl=1&resize=700%2C400 2x"},"classes":[]}],"jetpack_sharing_enabled":true,"jetpack_likes_enabled":true,"_links":{"self":[{"href":"https:\/\/www.visiteobrasil.com.br\/news\/wp-json\/wp\/v2\/pages\/5945","targetHints":{"allow":["GET"]}}],"collection":[{"href":"https:\/\/www.visiteobrasil.com.br\/news\/wp-json\/wp\/v2\/pages"}],"about":[{"href":"https:\/\/www.visiteobrasil.com.br\/news\/wp-json\/wp\/v2\/types\/page"}],"author":[{"embeddable":true,"href":"https:\/\/www.visiteobrasil.com.br\/news\/wp-json\/wp\/v2\/users\/2"}],"replies":[{"embeddable":true,"href":"https:\/\/www.visiteobrasil.com.br\/news\/wp-json\/wp\/v2\/comments?post=5945"}],"version-history":[{"count":2,"href":"https:\/\/www.visiteobrasil.com.br\/news\/wp-json\/wp\/v2\/pages\/5945\/revisions"}],"predecessor-version":[{"id":6134,"href":"https:\/\/www.visiteobrasil.com.br\/news\/wp-json\/wp\/v2\/pages\/5945\/revisions\/6134"}],"wp:featuredmedia":[{"embeddable":true,"href":"https:\/\/www.visiteobrasil.com.br\/news\/wp-json\/wp\/v2\/media\/5946"}],"wp:attachment":[{"href":"https:\/\/www.visiteobrasil.com.br\/news\/wp-json\/wp\/v2\/media?parent=5945"}],"curies":[{"name":"wp","href":"https:\/\/api.w.org\/{rel}","templated":true}]}}