{"id":5920,"date":"2023-11-21T12:54:21","date_gmt":"2023-11-21T15:54:21","guid":{"rendered":"https:\/\/www.visiteobrasil.com.br\/news\/?page_id=5920"},"modified":"2023-11-21T12:54:21","modified_gmt":"2023-11-21T15:54:21","slug":"destinos-turisticos-da-alemanha","status":"publish","type":"page","link":"https:\/\/www.visiteobrasil.com.br\/news\/destinos-turisticos-da-alemanha\/","title":{"rendered":"Destinos tur\u00edsticos da Alemanha"},"content":{"rendered":"<p style=\"text-align: right;\">A Alemanha \u00e9 um destino tur\u00edstico fascinante, destacando-se por cidades como <strong>Berlim<\/strong>, conhecida por sua hist\u00f3ria vibrante e arquitetura \u00fanica. <strong>Frankfurt<\/strong>, um centro financeiro global, oferece uma mistura de modernidade e tradi\u00e7\u00e3o cultural. <strong>Heidelberg<\/strong>, com seu charme medieval, \u00e9 famosa por seu castelo e atmosfera rom\u00e2ntica. <strong>Munique<\/strong>, a capital da Baviera, \u00e9 celebrada por sua cultura cervejeira e arquitetura barroca. <strong>Nurembergue<\/strong> destaca-se por sua rica <a href=\"https:\/\/pt.wikipedia.org\/wiki\/Idade_M%C3%A9dia\" target=\"_blank\" rel=\"noopener\">hist\u00f3ria medieval<\/a> e mercado de Natal encantador. Cada cidade contribui para uma experi\u00eancia tur\u00edstica alem\u00e3 rica e diversificada.<\/p>\n<p>Saiba mais clicando na cidade desejada e conhe\u00e7a sua historia, como \u00e9 a cidade, o que fazer, dentre outros:<\/p>\n<h2><a href=\"https:\/\/visiteobrasil.com.br\/internacional\/europa\/alemanha\/berlim\">Berlim<\/a><\/h2>\n<h2><a href=\"https:\/\/visiteobrasil.com.br\/internacional\/europa\/alemanha\/frankfurt\">Frankfurt<\/a><\/h2>\n<h2><a href=\"https:\/\/visiteobrasil.com.br\/internacional\/europa\/alemanha\/heidelberg-\">Heidelberg<\/a><\/h2>\n<h2><a href=\"https:\/\/visiteobrasil.com.br\/internacional\/europa\/alemanha\/munique\">Munique<\/a><\/h2>\n<h2><a href=\"https:\/\/visiteobrasil.com.br\/internacional\/europa\/alemanha\/nurembergue\">Nurembergue<\/a><\/h2>\n","protected":false},"excerpt":{"rendered":"<p>A Alemanha \u00e9 um destino tur\u00edstico fascinante, destacando-se por cidades como Berlim, conhecida por sua hist\u00f3ria vibrante e arquitetura \u00fanica. Frankfurt, um centro financeiro global, oferece uma mistura de modernidade e tradi\u00e7\u00e3o cultural. Heidelberg, com seu charme medieval, \u00e9 famosa por seu castelo e atmosfera rom\u00e2ntica. Munique, a capital da Baviera, \u00e9 celebrada por sua [&hellip;]<\/p>\n","protected":false},"author":2,"featured_media":5921,"parent":0,"menu_order":0,"comment_status":"closed","ping_status":"closed","template":"","meta":{"footnotes":""},"class_list":["post-5920","page","type-page","status-publish","has-post-thumbnail","hentry"],"jetpack-related-posts":[{"id":6059,"url":"https:\/\/www.visiteobrasil.com.br\/news\/destinos-turisticos-de-portugal\/","url_meta":{"origin":5920,"position":0},"title":"Destinos tur\u00edsticos de Portugal","author":"Ramon","date":"21 de novembro de 2023","format":false,"excerpt":"Portugal oferece destinos tur\u00edsticos encantadores. Braga, com sua rica heran\u00e7a religiosa, exibe igrejas hist\u00f3ricas e uma atmosfera vibrante. Coimbra, cidade universit\u00e1ria, \u00e9 marcada por sua antiga universidade e o charme do Rio Mondego. \u00c9vora, no Alentejo, cativa com seus monumentos megal\u00edticos e arquitetura medieval. Lisboa, a capital, brilha com seus\u2026","rel":"","context":"Post similar","block_context":{"text":"Post similar","link":""},"img":{"alt_text":"Apostila de Haia - Portugal - Lisboa: Castelo de S\u00e2o Jorge","src":"https:\/\/i0.wp.com\/www.visiteobrasil.com.br\/news\/wp-content\/uploads\/2023\/11\/lisboa-lisboa-a-partir-do-castelo-de-sao-jorge-foto-alexander-de-leon-battista-licenca-cc-by-sa-2-0.jpg?fit=900%2C599&ssl=1&resize=350%2C200","width":350,"height":200,"srcset":"https:\/\/i0.wp.com\/www.visiteobrasil.com.br\/news\/wp-content\/uploads\/2023\/11\/lisboa-lisboa-a-partir-do-castelo-de-sao-jorge-foto-alexander-de-leon-battista-licenca-cc-by-sa-2-0.jpg?fit=900%2C599&ssl=1&resize=350%2C200 1x, https:\/\/i0.wp.com\/www.visiteobrasil.com.br\/news\/wp-content\/uploads\/2023\/11\/lisboa-lisboa-a-partir-do-castelo-de-sao-jorge-foto-alexander-de-leon-battista-licenca-cc-by-sa-2-0.jpg?fit=900%2C599&ssl=1&resize=525%2C300 1.5x, https:\/\/i0.wp.com\/www.visiteobrasil.com.br\/news\/wp-content\/uploads\/2023\/11\/lisboa-lisboa-a-partir-do-castelo-de-sao-jorge-foto-alexander-de-leon-battista-licenca-cc-by-sa-2-0.jpg?fit=900%2C599&ssl=1&resize=700%2C400 2x"},"classes":[]},{"id":6065,"url":"https:\/\/www.visiteobrasil.com.br\/news\/destinos-turisticos-da-suica\/","url_meta":{"origin":5920,"position":1},"title":"Destinos tur\u00edsticos da Sui\u00e7a","author":"Ramon","date":"21 de novembro de 2023","format":false,"excerpt":"A Su\u00ed\u00e7a oferece destinos tur\u00edsticos que combinam beleza natural e sofistica\u00e7\u00e3o. Berna, a capital, com seu centro hist\u00f3rico, \u00e9 marcada por arquitetura medieval e o urso na Pra\u00e7a Zytglogge. Davos, nos Alpes, \u00e9 conhecida por seu prestigioso F\u00f3rum Econ\u00f4mico Mundial e por suas paisagens montanhosas. Genebra, \u00e0 beira do Lago\u2026","rel":"","context":"Post similar","block_context":{"text":"Post similar","link":""},"img":{"alt_text":"Sui\u00e7a - Davos : Hotel Seehof in Davos Dort","src":"https:\/\/i0.wp.com\/www.visiteobrasil.com.br\/news\/wp-content\/uploads\/2023\/11\/davos-hotel-seehof-in-davos-dorf-foto-roland-zumbuehl-licenca-cc-by-sa-2-5.jpg?fit=900%2C599&ssl=1&resize=350%2C200","width":350,"height":200,"srcset":"https:\/\/i0.wp.com\/www.visiteobrasil.com.br\/news\/wp-content\/uploads\/2023\/11\/davos-hotel-seehof-in-davos-dorf-foto-roland-zumbuehl-licenca-cc-by-sa-2-5.jpg?fit=900%2C599&ssl=1&resize=350%2C200 1x, https:\/\/i0.wp.com\/www.visiteobrasil.com.br\/news\/wp-content\/uploads\/2023\/11\/davos-hotel-seehof-in-davos-dorf-foto-roland-zumbuehl-licenca-cc-by-sa-2-5.jpg?fit=900%2C599&ssl=1&resize=525%2C300 1.5x, https:\/\/i0.wp.com\/www.visiteobrasil.com.br\/news\/wp-content\/uploads\/2023\/11\/davos-hotel-seehof-in-davos-dorf-foto-roland-zumbuehl-licenca-cc-by-sa-2-5.jpg?fit=900%2C599&ssl=1&resize=700%2C400 2x"},"classes":[]},{"id":6050,"url":"https:\/\/www.visiteobrasil.com.br\/news\/destinos-turisticos-da-irlanda\/","url_meta":{"origin":5920,"position":2},"title":"Destinos tur\u00edsticos da Irlanda","author":"Ramon","date":"21 de novembro de 2023","format":false,"excerpt":"A Irlanda oferece destinos tur\u00edsticos encantadores. Dublin, a capital, \u00e9 uma cidade cosmopolita com pubs hist\u00f3ricos, a Trinity College e uma rica cena cultural. Galway, na costa oeste, destaca-se pela atmosfera animada, festivais, m\u00fasica tradicional irlandesa e paisagens costeiras deslumbrantes. Ambas as cidades proporcionam uma experi\u00eancia aut\u00eantica da hospitalidade irlandesa,\u2026","rel":"","context":"Post similar","block_context":{"text":"Post similar","link":""},"img":{"alt_text":"Irlanda - Dublin : Castelo Malahide em estilo medieval","src":"https:\/\/i0.wp.com\/www.visiteobrasil.com.br\/news\/wp-content\/uploads\/2023\/11\/dublin-castelo-malahide-em-estilo-medieval-foto-licenca-cc-by-sa-3-0.jpg?fit=900%2C599&ssl=1&resize=350%2C200","width":350,"height":200,"srcset":"https:\/\/i0.wp.com\/www.visiteobrasil.com.br\/news\/wp-content\/uploads\/2023\/11\/dublin-castelo-malahide-em-estilo-medieval-foto-licenca-cc-by-sa-3-0.jpg?fit=900%2C599&ssl=1&resize=350%2C200 1x, https:\/\/i0.wp.com\/www.visiteobrasil.com.br\/news\/wp-content\/uploads\/2023\/11\/dublin-castelo-malahide-em-estilo-medieval-foto-licenca-cc-by-sa-3-0.jpg?fit=900%2C599&ssl=1&resize=525%2C300 1.5x, https:\/\/i0.wp.com\/www.visiteobrasil.com.br\/news\/wp-content\/uploads\/2023\/11\/dublin-castelo-malahide-em-estilo-medieval-foto-licenca-cc-by-sa-3-0.jpg?fit=900%2C599&ssl=1&resize=700%2C400 2x"},"classes":[]},{"id":6053,"url":"https:\/\/www.visiteobrasil.com.br\/news\/destinos-turisticos-da-italia\/","url_meta":{"origin":5920,"position":3},"title":"Destinos tur\u00edsticos da It\u00e1lia","author":"Ramon","date":"21 de novembro de 2023","format":false,"excerpt":"A It\u00e1lia oferece destinos tur\u00edsticos ricos em hist\u00f3ria e beleza. Floren\u00e7a, ber\u00e7o do Renascimento, exibe obras de arte renomadas e uma arquitetura deslumbrante. Mil\u00e3o, centro de moda e design, brilha com sua sofistica\u00e7\u00e3o, catedral imponente e galerias de arte. N\u00e1poles, \u00e0 sombra do Ves\u00favio, \u00e9 conhecida pela pizza aut\u00eantica e\u2026","rel":"","context":"Post similar","block_context":{"text":"Post similar","link":""},"img":{"alt_text":"It\u00e1lia - Roma: Rio Timbre e Bas\u00edlica de S\u00e3o Pedro","src":"https:\/\/i0.wp.com\/www.visiteobrasil.com.br\/news\/wp-content\/uploads\/2023\/11\/roma-vista-noturna-rio-tibre-com-a-basilica-de-sao-pedro-foto-jebulon-dp.jpg?fit=900%2C599&ssl=1&resize=350%2C200","width":350,"height":200,"srcset":"https:\/\/i0.wp.com\/www.visiteobrasil.com.br\/news\/wp-content\/uploads\/2023\/11\/roma-vista-noturna-rio-tibre-com-a-basilica-de-sao-pedro-foto-jebulon-dp.jpg?fit=900%2C599&ssl=1&resize=350%2C200 1x, https:\/\/i0.wp.com\/www.visiteobrasil.com.br\/news\/wp-content\/uploads\/2023\/11\/roma-vista-noturna-rio-tibre-com-a-basilica-de-sao-pedro-foto-jebulon-dp.jpg?fit=900%2C599&ssl=1&resize=525%2C300 1.5x, https:\/\/i0.wp.com\/www.visiteobrasil.com.br\/news\/wp-content\/uploads\/2023\/11\/roma-vista-noturna-rio-tibre-com-a-basilica-de-sao-pedro-foto-jebulon-dp.jpg?fit=900%2C599&ssl=1&resize=700%2C400 2x"},"classes":[]},{"id":5992,"url":"https:\/\/www.visiteobrasil.com.br\/news\/destinos-turisticos-da-china\/","url_meta":{"origin":5920,"position":4},"title":"Destinos tur\u00edsticos da China","author":"Ramon","date":"21 de novembro de 2023","format":false,"excerpt":"A China oferece destinos tur\u00edsticos fascinantes, como Hong Kong, uma metr\u00f3pole vibrante conhecida por sua arquitetura moderna e rica cultura; Pequim, a capital hist\u00f3rica, que abriga a Cidade Proibida e a Grande Muralha; e Xangai, uma cidade cosmopolita \u00e0 beira-mar, famosa por seu horizonte futurista e vida noturna animada. Juntas,\u2026","rel":"","context":"Post similar","block_context":{"text":"Post similar","link":""},"img":{"alt_text":"China - Pequim : Port\u00e3o da Paz Celestial","src":"https:\/\/i0.wp.com\/www.visiteobrasil.com.br\/news\/wp-content\/uploads\/2023\/11\/pequim-portao-da-paz-celestial-foto-gugganij-licenca-cc-by-sa-2-0.jpg?fit=900%2C599&ssl=1&resize=350%2C200","width":350,"height":200,"srcset":"https:\/\/i0.wp.com\/www.visiteobrasil.com.br\/news\/wp-content\/uploads\/2023\/11\/pequim-portao-da-paz-celestial-foto-gugganij-licenca-cc-by-sa-2-0.jpg?fit=900%2C599&ssl=1&resize=350%2C200 1x, https:\/\/i0.wp.com\/www.visiteobrasil.com.br\/news\/wp-content\/uploads\/2023\/11\/pequim-portao-da-paz-celestial-foto-gugganij-licenca-cc-by-sa-2-0.jpg?fit=900%2C599&ssl=1&resize=525%2C300 1.5x, https:\/\/i0.wp.com\/www.visiteobrasil.com.br\/news\/wp-content\/uploads\/2023\/11\/pequim-portao-da-paz-celestial-foto-gugganij-licenca-cc-by-sa-2-0.jpg?fit=900%2C599&ssl=1&resize=700%2C400 2x"},"classes":[]},{"id":6038,"url":"https:\/\/www.visiteobrasil.com.br\/news\/destinos-turisticos-da-franca\/","url_meta":{"origin":5920,"position":5},"title":"Destinos tur\u00edsticos da Fran\u00e7a","author":"Ramon","date":"21 de novembro de 2023","format":false,"excerpt":"A Fran\u00e7a oferece destinos tur\u00edsticos distintos. Marselha, no sul, \u00e9 uma cidade portu\u00e1ria rica em cultura mediterr\u00e2nea e hist\u00f3ria. Paris, a capital, \u00e9 conhecida por seus \u00edcones como a Torre Eiffel e o Louvre, al\u00e9m de sua sofistica\u00e7\u00e3o cultural. Saint-Tropez, na Riviera Francesa, \u00e9 famosa por suas praias elegantes e\u2026","rel":"","context":"Post similar","block_context":{"text":"Post similar","link":""},"img":{"alt_text":"Fran\u00e7a - Paris: Hotel de Ville de Paris","src":"https:\/\/i0.wp.com\/www.visiteobrasil.com.br\/news\/wp-content\/uploads\/2023\/11\/paris-o-hotel-de-ville-de-paris-a-noite-foto-allie-caulfield-licenca-cc-by-sa-2-0.jpg?fit=900%2C599&ssl=1&resize=350%2C200","width":350,"height":200,"srcset":"https:\/\/i0.wp.com\/www.visiteobrasil.com.br\/news\/wp-content\/uploads\/2023\/11\/paris-o-hotel-de-ville-de-paris-a-noite-foto-allie-caulfield-licenca-cc-by-sa-2-0.jpg?fit=900%2C599&ssl=1&resize=350%2C200 1x, https:\/\/i0.wp.com\/www.visiteobrasil.com.br\/news\/wp-content\/uploads\/2023\/11\/paris-o-hotel-de-ville-de-paris-a-noite-foto-allie-caulfield-licenca-cc-by-sa-2-0.jpg?fit=900%2C599&ssl=1&resize=525%2C300 1.5x, https:\/\/i0.wp.com\/www.visiteobrasil.com.br\/news\/wp-content\/uploads\/2023\/11\/paris-o-hotel-de-ville-de-paris-a-noite-foto-allie-caulfield-licenca-cc-by-sa-2-0.jpg?fit=900%2C599&ssl=1&resize=700%2C400 2x"},"classes":[]}],"jetpack_sharing_enabled":true,"jetpack_likes_enabled":true,"_links":{"self":[{"href":"https:\/\/www.visiteobrasil.com.br\/news\/wp-json\/wp\/v2\/pages\/5920","targetHints":{"allow":["GET"]}}],"collection":[{"href":"https:\/\/www.visiteobrasil.com.br\/news\/wp-json\/wp\/v2\/pages"}],"about":[{"href":"https:\/\/www.visiteobrasil.com.br\/news\/wp-json\/wp\/v2\/types\/page"}],"author":[{"embeddable":true,"href":"https:\/\/www.visiteobrasil.com.br\/news\/wp-json\/wp\/v2\/users\/2"}],"replies":[{"embeddable":true,"href":"https:\/\/www.visiteobrasil.com.br\/news\/wp-json\/wp\/v2\/comments?post=5920"}],"version-history":[{"count":4,"href":"https:\/\/www.visiteobrasil.com.br\/news\/wp-json\/wp\/v2\/pages\/5920\/revisions"}],"predecessor-version":[{"id":6097,"href":"https:\/\/www.visiteobrasil.com.br\/news\/wp-json\/wp\/v2\/pages\/5920\/revisions\/6097"}],"wp:featuredmedia":[{"embeddable":true,"href":"https:\/\/www.visiteobrasil.com.br\/news\/wp-json\/wp\/v2\/media\/5921"}],"wp:attachment":[{"href":"https:\/\/www.visiteobrasil.com.br\/news\/wp-json\/wp\/v2\/media?parent=5920"}],"curies":[{"name":"wp","href":"https:\/\/api.w.org\/{rel}","templated":true}]}}