{"id":4897,"date":"2023-10-12T15:05:24","date_gmt":"2023-10-12T18:05:24","guid":{"rendered":"https:\/\/www.visiteobrasil.com.br\/news\/?page_id=4897"},"modified":"2023-12-01T13:17:42","modified_gmt":"2023-12-01T16:17:42","slug":"roraima","status":"publish","type":"page","link":"https:\/\/www.visiteobrasil.com.br\/news\/roraima\/","title":{"rendered":"Roraima"},"content":{"rendered":"\t\t<div data-elementor-type=\"wp-page\" data-elementor-id=\"4897\" class=\"elementor elementor-4897\" data-elementor-post-type=\"page\">\n\t\t\t\t\t\t<section class=\"elementor-section elementor-top-section elementor-element elementor-element-451d76c elementor-section-boxed elementor-section-height-default elementor-section-height-default\" data-id=\"451d76c\" data-element_type=\"section\">\n\t\t\t\t\t\t<div class=\"elementor-container elementor-column-gap-default\">\n\t\t\t\t\t<div class=\"elementor-column elementor-col-100 elementor-top-column elementor-element elementor-element-6b24903\" data-id=\"6b24903\" data-element_type=\"column\">\n\t\t\t<div class=\"elementor-widget-wrap elementor-element-populated\">\n\t\t\t\t\t\t<div class=\"elementor-element elementor-element-0fa37e8 elementor-skin-coverflow elementor-arrows-yes elementor-pagination-type-bullets elementor-pagination-position-outside elementor-widget elementor-widget-media-carousel\" data-id=\"0fa37e8\" data-element_type=\"widget\" data-settings=\"{&quot;skin&quot;:&quot;coverflow&quot;,&quot;autoplay_speed&quot;:3000,&quot;show_arrows&quot;:&quot;yes&quot;,&quot;pagination&quot;:&quot;bullets&quot;,&quot;speed&quot;:500,&quot;autoplay&quot;:&quot;yes&quot;,&quot;loop&quot;:&quot;yes&quot;,&quot;pause_on_hover&quot;:&quot;yes&quot;,&quot;pause_on_interaction&quot;:&quot;yes&quot;,&quot;space_between&quot;:{&quot;unit&quot;:&quot;px&quot;,&quot;size&quot;:10,&quot;sizes&quot;:[]},&quot;space_between_tablet&quot;:{&quot;unit&quot;:&quot;px&quot;,&quot;size&quot;:10,&quot;sizes&quot;:[]},&quot;space_between_mobile&quot;:{&quot;unit&quot;:&quot;px&quot;,&quot;size&quot;:10,&quot;sizes&quot;:[]}}\" data-widget_type=\"media-carousel.default\">\n\t\t\t\t<div class=\"elementor-widget-container\">\n\t\t\t<link rel=\"stylesheet\" href=\"https:\/\/www.visiteobrasil.com.br\/news\/wp-content\/plugins\/pro-elements\/assets\/css\/widget-carousel.min.css?ver=1725798641\">\t\t<div class=\"elementor-swiper\">\n\t\t\t<div class=\"elementor-main-swiper swiper\">\n\t\t\t\t<div class=\"swiper-wrapper\">\n\t\t\t\t\t\t\t\t\t\t\t<div class=\"swiper-slide\">\n\t\t\t\t\t\t\t\t\t<div class=\"elementor-carousel-image\" role=\"img\" aria-label=\"Roraima - Serra do Tepequem\" style=\"background-image: url(&#039;https:\/\/i0.wp.com\/www.visiteobrasil.com.br\/news\/wp-content\/uploads\/2023\/10\/amajari-serra-do-tepequem-foto-grande-manaus-skyscrapercitygr.jpg?fit=850%2C301&amp;ssl=1&#039;)\">\n\n\t\t\t\n\t\t\t\t\t<\/div>\n\t\t\t\t\t\t\t\t<\/div>\n\t\t\t\t\t\t\t\t\t\t\t<div class=\"swiper-slide\">\n\t\t\t\t\t\t\t\t\t<div class=\"elementor-carousel-image\" role=\"img\" aria-label=\"Roraima - Vista a\u00e9rea do Centro C\u00edvico de Boa Vista\" style=\"background-image: url(&#039;https:\/\/i0.wp.com\/www.visiteobrasil.com.br\/news\/wp-content\/uploads\/2023\/10\/boa-vista-vistaaereacentrocivico-de-boavista-foto-sallesnetobr-licenca-gfdlgr.jpg?fit=850%2C301&amp;ssl=1&#039;)\">\n\n\t\t\t\n\t\t\t\t\t<\/div>\n\t\t\t\t\t\t\t\t<\/div>\n\t\t\t\t\t\t\t\t\t\t\t<div class=\"swiper-slide\">\n\t\t\t\t\t\t\t\t\t<div class=\"elementor-carousel-image\" role=\"img\" aria-label=\"Roraima - Prefeitura Municipal de Caracara\u00ed\" style=\"background-image: url(&#039;https:\/\/i0.wp.com\/www.visiteobrasil.com.br\/news\/wp-content\/uploads\/2023\/10\/Caracarai-prefeitura-de-caracarai-foto-taylornunesgr-1.jpg?fit=850%2C300&amp;ssl=1&#039;)\">\n\n\t\t\t\n\t\t\t\t\t<\/div>\n\t\t\t\t\t\t\t\t<\/div>\n\t\t\t\t\t\t\t\t\t\t\t<div class=\"swiper-slide\">\n\t\t\t\t\t\t\t\t\t<div class=\"elementor-carousel-image\" role=\"img\" aria-label=\"Roraima - Marco da fronteira com a Venezuela\" style=\"background-image: url(&#039;https:\/\/i0.wp.com\/www.visiteobrasil.com.br\/news\/wp-content\/uploads\/2023\/10\/pacaraima-marco-da-fronteira-brasil-venezuela-foto-neidiana-oliveiragr.jpg?fit=850%2C302&amp;ssl=1&#039;)\">\n\n\t\t\t\n\t\t\t\t\t<\/div>\n\t\t\t\t\t\t\t\t<\/div>\n\t\t\t\t\t\t\t\t\t\t\t<div class=\"swiper-slide\">\n\t\t\t\t\t\t\t\t\t<div class=\"elementor-carousel-image\" role=\"img\" aria-label=\"Roraima - Belezas naturais em Uiramut\u00e1\" style=\"background-image: url(&#039;https:\/\/i0.wp.com\/www.visiteobrasil.com.br\/news\/wp-content\/uploads\/2023\/10\/uiramuta-belezas-naturais-foto-vanessa-lima-g1gr.jpg?fit=850%2C300&amp;ssl=1&#039;)\">\n\n\t\t\t\n\t\t\t\t\t<\/div>\n\t\t\t\t\t\t\t\t<\/div>\n\t\t\t\t\t\t\t\t\t<\/div>\n\t\t\t\t\t\t\t\t\t\t\t\t\t\t\t<div class=\"swiper-pagination\"><\/div>\n\t\t\t\t\t\t\t\t\t\t\t\t\t\t\t\t<div class=\"elementor-swiper-button elementor-swiper-button-prev\" role=\"button\" tabindex=\"0\">\n\t\t\t\t\t\t\t<svg aria-hidden=\"true\" class=\"e-font-icon-svg e-eicon-chevron-left\" viewBox=\"0 0 1000 1000\" xmlns=\"http:\/\/www.w3.org\/2000\/svg\"><path d=\"M646 125C629 125 613 133 604 142L308 442C296 454 292 471 292 487 292 504 296 521 308 533L604 854C617 867 629 875 646 875 663 875 679 871 692 858 704 846 713 829 713 812 713 796 708 779 692 767L438 487 692 225C700 217 708 204 708 187 708 171 704 154 692 142 675 129 663 125 646 125Z\"><\/path><\/svg>\t\t\t\t\t\t\t<span class=\"elementor-screen-only\">Previous<\/span>\n\t\t\t\t\t\t<\/div>\n\t\t\t\t\t\t<div class=\"elementor-swiper-button elementor-swiper-button-next\" role=\"button\" tabindex=\"0\">\n\t\t\t\t\t\t\t<svg aria-hidden=\"true\" class=\"e-font-icon-svg e-eicon-chevron-right\" viewBox=\"0 0 1000 1000\" xmlns=\"http:\/\/www.w3.org\/2000\/svg\"><path d=\"M696 533C708 521 713 504 713 487 713 471 708 454 696 446L400 146C388 133 375 125 354 125 338 125 325 129 313 142 300 154 292 171 292 187 292 204 296 221 308 233L563 492 304 771C292 783 288 800 288 817 288 833 296 850 308 863 321 871 338 875 354 875 371 875 388 867 400 854L696 533Z\"><\/path><\/svg>\t\t\t\t\t\t\t<span class=\"elementor-screen-only\">Next<\/span>\n\t\t\t\t\t\t<\/div>\n\t\t\t\t\t\t\t\t\t\t\t\t<\/div>\n\t\t<\/div>\n\t\t\t\t<\/div>\n\t\t\t\t<\/div>\n\t\t\t\t\t<\/div>\n\t\t<\/div>\n\t\t\t\t\t<\/div>\n\t\t<\/section>\n\t\t\t\t<section class=\"elementor-section elementor-top-section elementor-element elementor-element-3ac76848 elementor-section-boxed elementor-section-height-default elementor-section-height-default\" data-id=\"3ac76848\" data-element_type=\"section\">\n\t\t\t\t\t\t<div class=\"elementor-container elementor-column-gap-default\">\n\t\t\t\t\t<div class=\"elementor-column elementor-col-100 elementor-top-column elementor-element elementor-element-7d72e7ce\" data-id=\"7d72e7ce\" data-element_type=\"column\">\n\t\t\t<div class=\"elementor-widget-wrap elementor-element-populated\">\n\t\t\t\t\t\t<div class=\"elementor-element elementor-element-bfc7767 elementor-widget elementor-widget-text-editor\" data-id=\"bfc7767\" data-element_type=\"widget\" data-widget_type=\"text-editor.default\">\n\t\t\t\t<div class=\"elementor-widget-container\">\n\t\t\t<style>\/*! elementor - v3.23.0 - 05-08-2024 *\/\n.elementor-widget-text-editor.elementor-drop-cap-view-stacked .elementor-drop-cap{background-color:#69727d;color:#fff}.elementor-widget-text-editor.elementor-drop-cap-view-framed .elementor-drop-cap{color:#69727d;border:3px solid;background-color:transparent}.elementor-widget-text-editor:not(.elementor-drop-cap-view-default) .elementor-drop-cap{margin-top:8px}.elementor-widget-text-editor:not(.elementor-drop-cap-view-default) .elementor-drop-cap-letter{width:1em;height:1em}.elementor-widget-text-editor .elementor-drop-cap{float:left;text-align:center;line-height:1;font-size:50px}.elementor-widget-text-editor .elementor-drop-cap-letter{display:inline-block}<\/style>\t\t\t\t<p>O estado de Roraima, situado no extremo norte do Brasil, \u00e9 um territ\u00f3rio marcado por paisagens ex\u00f3ticas e natureza intocada. A <a href=\"https:\/\/pt.wikipedia.org\/wiki\/Serra_do_Tepequ%C3%A9m\" target=\"_blank\" rel=\"noopener\">Serra do Tepequ\u00e9m<\/a> \u00e9 uma das joias naturais de Roraima, com suas montanhas majestosas, cachoeiras e uma vista panor\u00e2mica que se estende at\u00e9 a vizinha Guiana. A regi\u00e3o \u00e9 um destino popular para <a href=\"https:\/\/www.visiteobrasil.com.br\/brasil\/norte\/roraima\/ecoturismo\">trilhas<\/a>, escaladas e aventuras ao ar livre. Al\u00e9m disso, o Monte Roraima, a montanha-tabela ic\u00f4nica que inspirou o romance &#8220;O Mundo Perdido&#8221; de Arthur Conan Doyle, \u00e9 um dos principais destaques. Escalar o Monte Roraima \u00e9 uma experi\u00eancia \u00fanica e recompensadora, com a oportunidade de explorar forma\u00e7\u00f5es rochosas espetaculares e ecossistemas \u00fanicos. O estado oferece aos amantes da natureza e aventureiros a chance de se maravilharem com suas paisagens \u00fanicas.<\/p>\n<h2><strong>Cultura e Diversidade Ind\u00edgena em Roraima<\/strong><\/h2>\n<p>Sua cultura \u00e9 profundamente influenciada pela presen\u00e7a de diversas etnias ind\u00edgenas. O estado abriga comunidades ind\u00edgenas, como os Macuxi e os Wapichana, que mant\u00eam suas tradi\u00e7\u00f5es vivas. O artesanato ind\u00edgena, com destaque para as cestarias e a produ\u00e7\u00e3o de objetos de cer\u00e2mica, \u00e9 uma parte importante da cultura local. Al\u00e9m disso,&nbsp;<a href=\"https:\/\/visiteobrasil.com.br\/norte\/roraima\" target=\"_blank\">Roraima<\/a>&nbsp;\u00e9 conhecida por suas festas tradicionais, como o Boi-Bumb\u00e1, que \u00e9 uma celebra\u00e7\u00e3o colorida e cheia de dan\u00e7a e m\u00fasica. A culin\u00e1ria roraimense reflete a diversidade \u00e9tnica da regi\u00e3o e inclui pratos \u00e0 base de peixes de \u00e1gua doce, como o tucunar\u00e9, e ingredientes locais, como o tucupi. \u00c9 um estado que oferece uma experi\u00eancia aut\u00eantica da cultura ind\u00edgena e paisagens naturais incr\u00edveis, tornando-o um destino \u00fanico para os viajantes que desejam explorar o extremo norte do Brasil.<\/p>\t\t\t\t\t\t<\/div>\n\t\t\t\t<\/div>\n\t\t\t\t\t<\/div>\n\t\t<\/div>\n\t\t\t\t\t<\/div>\n\t\t<\/section>\n\t\t<div class=\"elementor-element elementor-element-a9f6ea2 e-flex e-con-boxed e-con e-parent\" data-id=\"a9f6ea2\" data-element_type=\"container\">\n\t\t\t\t\t<div class=\"e-con-inner\">\n\t\t<div class=\"elementor-element elementor-element-29f3ea7 e-con-full e-flex e-con e-child\" data-id=\"29f3ea7\" data-element_type=\"container\">\n\t\t\t\t<\/div>\n\t\t<div class=\"elementor-element elementor-element-03c9af0 e-con-full e-flex e-con e-child\" data-id=\"03c9af0\" data-element_type=\"container\">\n\t\t\t\t<div class=\"elementor-element elementor-element-cec495c elementor-widget elementor-widget-eael-creative-button\" data-id=\"cec495c\" data-element_type=\"widget\" data-widget_type=\"eael-creative-button.default\">\n\t\t\t\t<div class=\"elementor-widget-container\">\n\t\t\t        <div class=\"eael-creative-button-wrapper\">\n\n            <a class=\"eael-creative-button eael-creative-button--winona\" href=\"https:\/\/visiteobrasil.com.br\/norte\/roraima\" data-text=\"Veja\">\n            \t    \n                <div class=\"creative-button-inner\">\n\n                    \n                    <span class=\"cretive-button-text\">Destinos tur\u00edsticos de Roraima<\/span>\n\n                                    <\/div>\n\t                        <\/a>\n        <\/div>\n        \t\t<\/div>\n\t\t\t\t<\/div>\n\t\t\t\t<\/div>\n\t\t<div class=\"elementor-element elementor-element-baf1fae e-con-full e-flex e-con e-child\" data-id=\"baf1fae\" data-element_type=\"container\">\n\t\t\t\t<\/div>\n\t\t\t\t\t<\/div>\n\t\t\t\t<\/div>\n\t\t\t\t<\/div>\n\t\t","protected":false},"excerpt":{"rendered":"<p>Previous Next O estado de Roraima, situado no extremo norte do Brasil, \u00e9 um territ\u00f3rio marcado por paisagens ex\u00f3ticas e natureza intocada. A Serra do Tepequ\u00e9m \u00e9 uma das joias naturais de Roraima, com suas montanhas majestosas, cachoeiras e uma vista panor\u00e2mica que se estende at\u00e9 a vizinha Guiana. A regi\u00e3o \u00e9 um destino popular [&hellip;]<\/p>\n","protected":false},"author":2,"featured_media":4898,"parent":0,"menu_order":0,"comment_status":"closed","ping_status":"closed","template":"","meta":{"footnotes":""},"class_list":["post-4897","page","type-page","status-publish","has-post-thumbnail","hentry"],"jetpack-related-posts":[{"id":4592,"url":"https:\/\/www.visiteobrasil.com.br\/news\/regiao-norte\/","url_meta":{"origin":4897,"position":0},"title":"Regi\u00e3o Norte","author":"Ramon","date":"11 de outubro de 2023","format":false,"excerpt":"Previous Next A Regi\u00e3o Norte do Brasil \u00e9 uma terra de contrastes e beleza exuberante, que encanta visitantes de todo o mundo. Com uma extens\u00e3o territorial que abrange mais de 3,8 milh\u00f5es de quil\u00f4metros quadrados, essa regi\u00e3o \u00e9 a maior do pa\u00eds e compreende sete estados: Acre, Amap\u00e1, Amazonas, Par\u00e1,\u2026","rel":"","context":"Post similar","block_context":{"text":"Post similar","link":""},"img":{"alt_text":"Regi\u00e3o Norte - Par\u00e1- Alter do Ch\u00e3o","src":"https:\/\/i0.wp.com\/www.visiteobrasil.com.br\/news\/wp-content\/uploads\/2023\/10\/Alter-do-chao-Para-Foto-Tiago-Silveira.jpg?fit=900%2C324&ssl=1&resize=350%2C200","width":350,"height":200,"srcset":"https:\/\/i0.wp.com\/www.visiteobrasil.com.br\/news\/wp-content\/uploads\/2023\/10\/Alter-do-chao-Para-Foto-Tiago-Silveira.jpg?fit=900%2C324&ssl=1&resize=350%2C200 1x, https:\/\/i0.wp.com\/www.visiteobrasil.com.br\/news\/wp-content\/uploads\/2023\/10\/Alter-do-chao-Para-Foto-Tiago-Silveira.jpg?fit=900%2C324&ssl=1&resize=525%2C300 1.5x, https:\/\/i0.wp.com\/www.visiteobrasil.com.br\/news\/wp-content\/uploads\/2023\/10\/Alter-do-chao-Para-Foto-Tiago-Silveira.jpg?fit=900%2C324&ssl=1&resize=700%2C400 2x"},"classes":[]},{"id":4752,"url":"https:\/\/www.visiteobrasil.com.br\/news\/mato-grosso\/","url_meta":{"origin":4897,"position":1},"title":"Mato Grosso","author":"Ramon","date":"11 de outubro de 2023","format":false,"excerpt":"Previous Next O estado de Mato Grosso, localizado na Regi\u00e3o Centro-Oeste do Brasil, \u00e9 uma terra de vastid\u00e3o e natureza intocada. Grande parte de Mato Grosso faz parte da Amaz\u00f4nia Legal, abrigando uma riqueza de biodiversidade e ecossistemas naturais. A regi\u00e3o \u00e9 caracterizada por suas florestas tropicais, rios majestosos, como\u2026","rel":"","context":"Post similar","block_context":{"text":"Post similar","link":""},"img":{"alt_text":"On\u00e7a pintada - Bar\u00e3o de Melga\u00e7o - Mato Grosso","src":"https:\/\/i0.wp.com\/www.visiteobrasil.com.br\/news\/wp-content\/uploads\/2023\/10\/barao-de-melgaco-onca-preservacao-brasil-afp-foto-alemao-astolfogr.jpg?fit=850%2C300&ssl=1&resize=350%2C200","width":350,"height":200,"srcset":"https:\/\/i0.wp.com\/www.visiteobrasil.com.br\/news\/wp-content\/uploads\/2023\/10\/barao-de-melgaco-onca-preservacao-brasil-afp-foto-alemao-astolfogr.jpg?fit=850%2C300&ssl=1&resize=350%2C200 1x, https:\/\/i0.wp.com\/www.visiteobrasil.com.br\/news\/wp-content\/uploads\/2023\/10\/barao-de-melgaco-onca-preservacao-brasil-afp-foto-alemao-astolfogr.jpg?fit=850%2C300&ssl=1&resize=525%2C300 1.5x, https:\/\/i0.wp.com\/www.visiteobrasil.com.br\/news\/wp-content\/uploads\/2023\/10\/barao-de-melgaco-onca-preservacao-brasil-afp-foto-alemao-astolfogr.jpg?fit=850%2C300&ssl=1&resize=700%2C400 2x"},"classes":[]},{"id":4854,"url":"https:\/\/www.visiteobrasil.com.br\/news\/bahia\/","url_meta":{"origin":4897,"position":2},"title":"Bahia","author":"Ramon","date":"12 de outubro de 2023","format":false,"excerpt":"Previous Next O estado da Bahia, localizado na Regi\u00e3o Nordeste do Brasil, \u00e9 um dos destinos mais culturalmente ricos e diversificados do pa\u00eds. Conhecida por sua heran\u00e7a afro-brasileira, a Bahia abriga uma mistura de culturas e tradi\u00e7\u00f5es que s\u00e3o resultado da influ\u00eancia dos povos africanos, ind\u00edgenas e europeus. Salvador, a\u2026","rel":"","context":"Post similar","block_context":{"text":"Post similar","link":""},"img":{"alt_text":"Salvador - Bahia - Por do sol no farol da barra.","src":"https:\/\/i0.wp.com\/www.visiteobrasil.com.br\/news\/wp-content\/uploads\/2023\/10\/Salvador-Bahia-final-de-tarde-no-farol-da-barra-foto-jota-freitas-seturgr.jpg?fit=850%2C301&ssl=1&resize=350%2C200","width":350,"height":200,"srcset":"https:\/\/i0.wp.com\/www.visiteobrasil.com.br\/news\/wp-content\/uploads\/2023\/10\/Salvador-Bahia-final-de-tarde-no-farol-da-barra-foto-jota-freitas-seturgr.jpg?fit=850%2C301&ssl=1&resize=350%2C200 1x, https:\/\/i0.wp.com\/www.visiteobrasil.com.br\/news\/wp-content\/uploads\/2023\/10\/Salvador-Bahia-final-de-tarde-no-farol-da-barra-foto-jota-freitas-seturgr.jpg?fit=850%2C301&ssl=1&resize=525%2C300 1.5x, https:\/\/i0.wp.com\/www.visiteobrasil.com.br\/news\/wp-content\/uploads\/2023\/10\/Salvador-Bahia-final-de-tarde-no-farol-da-barra-foto-jota-freitas-seturgr.jpg?fit=850%2C301&ssl=1&resize=700%2C400 2x"},"classes":[]},{"id":4869,"url":"https:\/\/www.visiteobrasil.com.br\/news\/pernambuco\/","url_meta":{"origin":4897,"position":3},"title":"Pernambuco","author":"Ramon","date":"12 de outubro de 2023","format":false,"excerpt":"Previous Next O estado de Pernambuco, situado na Regi\u00e3o Nordeste do Brasil, \u00e9 um lugar de hist\u00f3ria rica e um centro cultural vibrante. Sua capital, Recife, \u00e9 conhecida por suas influ\u00eancias europeias, africanas e ind\u00edgenas, que se manifestam em sua arquitetura, m\u00fasica e gastronomia. O Recife Antigo, parte do centro\u2026","rel":"","context":"Post similar","block_context":{"text":"Post similar","link":""},"img":{"alt_text":"Pernambuco - Praia dos Cafrneiros - Tamandar\u00e9","src":"https:\/\/i0.wp.com\/www.visiteobrasil.com.br\/news\/wp-content\/uploads\/2023\/10\/Pernambuco-Praia-dos-carneiros-Tamandare.jpg?fit=900%2C300&ssl=1&resize=350%2C200","width":350,"height":200,"srcset":"https:\/\/i0.wp.com\/www.visiteobrasil.com.br\/news\/wp-content\/uploads\/2023\/10\/Pernambuco-Praia-dos-carneiros-Tamandare.jpg?fit=900%2C300&ssl=1&resize=350%2C200 1x, https:\/\/i0.wp.com\/www.visiteobrasil.com.br\/news\/wp-content\/uploads\/2023\/10\/Pernambuco-Praia-dos-carneiros-Tamandare.jpg?fit=900%2C300&ssl=1&resize=525%2C300 1.5x, https:\/\/i0.wp.com\/www.visiteobrasil.com.br\/news\/wp-content\/uploads\/2023\/10\/Pernambuco-Praia-dos-carneiros-Tamandare.jpg?fit=900%2C300&ssl=1&resize=700%2C400 2x"},"classes":[]},{"id":4878,"url":"https:\/\/www.visiteobrasil.com.br\/news\/sergipe\/","url_meta":{"origin":4897,"position":4},"title":"Sergipe","author":"Ramon","date":"12 de outubro de 2023","format":false,"excerpt":"Previous Next O estado de Sergipe, localizado na Regi\u00e3o Nordeste do Brasil, \u00e9 um tesouro de hist\u00f3ria e arquitetura preservadas. Sua capital, Aracaju, abriga bairros hist\u00f3ricos com edif\u00edcios coloniais bem preservados, como o Centro Hist\u00f3rico, onde \u00e9 poss\u00edvel explorar igrejas antigas e casar\u00f5es tradicionais. O Mercado Municipal de Aracaju \u00e9\u2026","rel":"","context":"Post similar","block_context":{"text":"Post similar","link":""},"img":{"alt_text":"Sergipe - Rede de balan\u00e7o debaixo de uma \u00e1rvore em Terra Ca\u00edda em Indiaroba-Se","src":"https:\/\/i0.wp.com\/www.visiteobrasil.com.br\/news\/wp-content\/uploads\/2023\/10\/Indiaroba-Sergipe-foto-hiago-assuncao-5gr.jpeg?fit=850%2C300&ssl=1&resize=350%2C200","width":350,"height":200,"srcset":"https:\/\/i0.wp.com\/www.visiteobrasil.com.br\/news\/wp-content\/uploads\/2023\/10\/Indiaroba-Sergipe-foto-hiago-assuncao-5gr.jpeg?fit=850%2C300&ssl=1&resize=350%2C200 1x, https:\/\/i0.wp.com\/www.visiteobrasil.com.br\/news\/wp-content\/uploads\/2023\/10\/Indiaroba-Sergipe-foto-hiago-assuncao-5gr.jpeg?fit=850%2C300&ssl=1&resize=525%2C300 1.5x, https:\/\/i0.wp.com\/www.visiteobrasil.com.br\/news\/wp-content\/uploads\/2023\/10\/Indiaroba-Sergipe-foto-hiago-assuncao-5gr.jpeg?fit=850%2C300&ssl=1&resize=700%2C400 2x"},"classes":[]},{"id":4726,"url":"https:\/\/www.visiteobrasil.com.br\/news\/sao-paulo\/","url_meta":{"origin":4897,"position":5},"title":"S\u00e3o Paulo","author":"Ramon","date":"11 de outubro de 2023","format":false,"excerpt":"Previous Next O estado de S\u00e3o Paulo, situado na Regi\u00e3o Sudeste do Brasil, \u00e9 um verdadeiro centro de diversidade e movimenta\u00e7\u00e3o urbana. Sua capital, a cidade de S\u00e3o Paulo, \u00e9 a maior metr\u00f3pole da Am\u00e9rica do Sul e um dos principais centros financeiros do mundo. A cidade abriga uma riqueza\u2026","rel":"","context":"Post similar","block_context":{"text":"Post similar","link":""},"img":{"alt_text":"S\u00e3o Paulo - Campos-do Jordao-Shopping-Aspen-Mall","src":"https:\/\/i0.wp.com\/www.visiteobrasil.com.br\/news\/wp-content\/uploads\/2023\/10\/Campos-do-Jordao-Shopping-Aspen-Mall-Foto-Deni-Williams.jpg?fit=900%2C301&ssl=1&resize=350%2C200","width":350,"height":200,"srcset":"https:\/\/i0.wp.com\/www.visiteobrasil.com.br\/news\/wp-content\/uploads\/2023\/10\/Campos-do-Jordao-Shopping-Aspen-Mall-Foto-Deni-Williams.jpg?fit=900%2C301&ssl=1&resize=350%2C200 1x, https:\/\/i0.wp.com\/www.visiteobrasil.com.br\/news\/wp-content\/uploads\/2023\/10\/Campos-do-Jordao-Shopping-Aspen-Mall-Foto-Deni-Williams.jpg?fit=900%2C301&ssl=1&resize=525%2C300 1.5x, https:\/\/i0.wp.com\/www.visiteobrasil.com.br\/news\/wp-content\/uploads\/2023\/10\/Campos-do-Jordao-Shopping-Aspen-Mall-Foto-Deni-Williams.jpg?fit=900%2C301&ssl=1&resize=700%2C400 2x"},"classes":[]}],"jetpack_sharing_enabled":true,"jetpack_likes_enabled":true,"_links":{"self":[{"href":"https:\/\/www.visiteobrasil.com.br\/news\/wp-json\/wp\/v2\/pages\/4897","targetHints":{"allow":["GET"]}}],"collection":[{"href":"https:\/\/www.visiteobrasil.com.br\/news\/wp-json\/wp\/v2\/pages"}],"about":[{"href":"https:\/\/www.visiteobrasil.com.br\/news\/wp-json\/wp\/v2\/types\/page"}],"author":[{"embeddable":true,"href":"https:\/\/www.visiteobrasil.com.br\/news\/wp-json\/wp\/v2\/users\/2"}],"replies":[{"embeddable":true,"href":"https:\/\/www.visiteobrasil.com.br\/news\/wp-json\/wp\/v2\/comments?post=4897"}],"version-history":[{"count":4,"href":"https:\/\/www.visiteobrasil.com.br\/news\/wp-json\/wp\/v2\/pages\/4897\/revisions"}],"predecessor-version":[{"id":6263,"href":"https:\/\/www.visiteobrasil.com.br\/news\/wp-json\/wp\/v2\/pages\/4897\/revisions\/6263"}],"wp:featuredmedia":[{"embeddable":true,"href":"https:\/\/www.visiteobrasil.com.br\/news\/wp-json\/wp\/v2\/media\/4898"}],"wp:attachment":[{"href":"https:\/\/www.visiteobrasil.com.br\/news\/wp-json\/wp\/v2\/media?parent=4897"}],"curies":[{"name":"wp","href":"https:\/\/api.w.org\/{rel}","templated":true}]}}