{"id":4894,"date":"2023-10-12T14:56:50","date_gmt":"2023-10-12T17:56:50","guid":{"rendered":"https:\/\/www.visiteobrasil.com.br\/news\/?page_id=4894"},"modified":"2023-12-01T13:08:30","modified_gmt":"2023-12-01T16:08:30","slug":"rondonia","status":"publish","type":"page","link":"https:\/\/www.visiteobrasil.com.br\/news\/rondonia\/","title":{"rendered":"Rondonia"},"content":{"rendered":"\t\t<div data-elementor-type=\"wp-page\" data-elementor-id=\"4894\" class=\"elementor elementor-4894\" data-elementor-post-type=\"page\">\n\t\t\t\t\t\t<section class=\"elementor-section elementor-top-section elementor-element elementor-element-44c2690 elementor-section-boxed elementor-section-height-default elementor-section-height-default\" data-id=\"44c2690\" data-element_type=\"section\">\n\t\t\t\t\t\t<div class=\"elementor-container elementor-column-gap-default\">\n\t\t\t\t\t<div class=\"elementor-column elementor-col-100 elementor-top-column elementor-element elementor-element-24c1ac3\" data-id=\"24c1ac3\" data-element_type=\"column\">\n\t\t\t<div class=\"elementor-widget-wrap elementor-element-populated\">\n\t\t\t\t\t\t<div class=\"elementor-element elementor-element-c77ad8f elementor-skin-coverflow elementor-arrows-yes elementor-pagination-type-bullets elementor-pagination-position-outside elementor-widget elementor-widget-media-carousel\" data-id=\"c77ad8f\" data-element_type=\"widget\" data-settings=\"{&quot;skin&quot;:&quot;coverflow&quot;,&quot;autoplay_speed&quot;:3000,&quot;show_arrows&quot;:&quot;yes&quot;,&quot;pagination&quot;:&quot;bullets&quot;,&quot;speed&quot;:500,&quot;autoplay&quot;:&quot;yes&quot;,&quot;loop&quot;:&quot;yes&quot;,&quot;pause_on_hover&quot;:&quot;yes&quot;,&quot;pause_on_interaction&quot;:&quot;yes&quot;,&quot;space_between&quot;:{&quot;unit&quot;:&quot;px&quot;,&quot;size&quot;:10,&quot;sizes&quot;:[]},&quot;space_between_tablet&quot;:{&quot;unit&quot;:&quot;px&quot;,&quot;size&quot;:10,&quot;sizes&quot;:[]},&quot;space_between_mobile&quot;:{&quot;unit&quot;:&quot;px&quot;,&quot;size&quot;:10,&quot;sizes&quot;:[]}}\" data-widget_type=\"media-carousel.default\">\n\t\t\t\t<div class=\"elementor-widget-container\">\n\t\t\t<link rel=\"stylesheet\" href=\"https:\/\/www.visiteobrasil.com.br\/news\/wp-content\/plugins\/pro-elements\/assets\/css\/widget-carousel.min.css?ver=1725798641\">\t\t<div class=\"elementor-swiper\">\n\t\t\t<div class=\"elementor-main-swiper swiper\">\n\t\t\t\t<div class=\"swiper-wrapper\">\n\t\t\t\t\t\t\t\t\t\t\t<div class=\"swiper-slide\">\n\t\t\t\t\t\t\t\t\t<div class=\"elementor-carousel-image\" role=\"img\" aria-label=\"Rondonia - Festival na praia de Costa Marques\" style=\"background-image: url(&#039;https:\/\/i0.wp.com\/www.visiteobrasil.com.br\/news\/wp-content\/uploads\/2023\/10\/costa-marques-festival-de-praia-de-costa-marques-foto-news-rondoniagr.jpg?fit=850%2C300&amp;ssl=1&#039;)\">\n\n\t\t\t\n\t\t\t\t\t<\/div>\n\t\t\t\t\t\t\t\t<\/div>\n\t\t\t\t\t\t\t\t\t\t\t<div class=\"swiper-slide\">\n\t\t\t\t\t\t\t\t\t<div class=\"elementor-carousel-image\" role=\"img\" aria-label=\"Rondonia - Ouro Preto do Oeste - Pra\u00e7a da Liberdade\" style=\"background-image: url(&#039;https:\/\/i0.wp.com\/www.visiteobrasil.com.br\/news\/wp-content\/uploads\/2023\/10\/ouro-preto-do-oeste-praca-da-liberdade-foto-divulgacaogr.jpg?fit=850%2C300&amp;ssl=1&#039;)\">\n\n\t\t\t\n\t\t\t\t\t<\/div>\n\t\t\t\t\t\t\t\t<\/div>\n\t\t\t\t\t\t\t\t\t\t\t<div class=\"swiper-slide\">\n\t\t\t\t\t\t\t\t\t<div class=\"elementor-carousel-image\" role=\"img\" aria-label=\"Rondonia - S\u00e3o FRancisco do Guapor\u00e9 - Festa do Divino\" style=\"background-image: url(&#039;https:\/\/i0.wp.com\/www.visiteobrasil.com.br\/news\/wp-content\/uploads\/2023\/10\/sao-francisco-do-guapore-festa-do-divino-do-vale-do-guapore-foto-divulgacao-palloma-cavalcantigr.jpg?fit=850%2C302&amp;ssl=1&#039;)\">\n\n\t\t\t\n\t\t\t\t\t<\/div>\n\t\t\t\t\t\t\t\t<\/div>\n\t\t\t\t\t\t\t\t\t\t\t<div class=\"swiper-slide\">\n\t\t\t\t\t\t\t\t\t<div class=\"elementor-carousel-image\" role=\"img\" aria-label=\"Rondonia - Locomotiva em Guajar\u00e1 Mirin\" style=\"background-image: url(&#039;https:\/\/i0.wp.com\/www.visiteobrasil.com.br\/news\/wp-content\/uploads\/2023\/10\/Guajara-mirin-locomotiva-da-estrada-de-ferro-madeira-mamore-foto-filzstift-licenca-cc-by-sa-3-0gr-1.jpg?fit=850%2C300&amp;ssl=1&#039;)\">\n\n\t\t\t\n\t\t\t\t\t<\/div>\n\t\t\t\t\t\t\t\t<\/div>\n\t\t\t\t\t\t\t\t\t<\/div>\n\t\t\t\t\t\t\t\t\t\t\t\t\t\t\t<div class=\"swiper-pagination\"><\/div>\n\t\t\t\t\t\t\t\t\t\t\t\t\t\t\t\t<div class=\"elementor-swiper-button elementor-swiper-button-prev\" role=\"button\" tabindex=\"0\">\n\t\t\t\t\t\t\t<svg aria-hidden=\"true\" class=\"e-font-icon-svg e-eicon-chevron-left\" viewBox=\"0 0 1000 1000\" xmlns=\"http:\/\/www.w3.org\/2000\/svg\"><path d=\"M646 125C629 125 613 133 604 142L308 442C296 454 292 471 292 487 292 504 296 521 308 533L604 854C617 867 629 875 646 875 663 875 679 871 692 858 704 846 713 829 713 812 713 796 708 779 692 767L438 487 692 225C700 217 708 204 708 187 708 171 704 154 692 142 675 129 663 125 646 125Z\"><\/path><\/svg>\t\t\t\t\t\t\t<span class=\"elementor-screen-only\">Previous<\/span>\n\t\t\t\t\t\t<\/div>\n\t\t\t\t\t\t<div class=\"elementor-swiper-button elementor-swiper-button-next\" role=\"button\" tabindex=\"0\">\n\t\t\t\t\t\t\t<svg aria-hidden=\"true\" class=\"e-font-icon-svg e-eicon-chevron-right\" viewBox=\"0 0 1000 1000\" xmlns=\"http:\/\/www.w3.org\/2000\/svg\"><path d=\"M696 533C708 521 713 504 713 487 713 471 708 454 696 446L400 146C388 133 375 125 354 125 338 125 325 129 313 142 300 154 292 171 292 187 292 204 296 221 308 233L563 492 304 771C292 783 288 800 288 817 288 833 296 850 308 863 321 871 338 875 354 875 371 875 388 867 400 854L696 533Z\"><\/path><\/svg>\t\t\t\t\t\t\t<span class=\"elementor-screen-only\">Next<\/span>\n\t\t\t\t\t\t<\/div>\n\t\t\t\t\t\t\t\t\t\t\t\t<\/div>\n\t\t<\/div>\n\t\t\t\t<\/div>\n\t\t\t\t<\/div>\n\t\t\t\t\t<\/div>\n\t\t<\/div>\n\t\t\t\t\t<\/div>\n\t\t<\/section>\n\t\t\t\t<section class=\"elementor-section elementor-top-section elementor-element elementor-element-ff4fd46 elementor-section-boxed elementor-section-height-default elementor-section-height-default\" data-id=\"ff4fd46\" data-element_type=\"section\">\n\t\t\t\t\t\t<div class=\"elementor-container elementor-column-gap-default\">\n\t\t\t\t\t<div class=\"elementor-column elementor-col-100 elementor-top-column elementor-element elementor-element-55017bb2\" data-id=\"55017bb2\" data-element_type=\"column\">\n\t\t\t<div class=\"elementor-widget-wrap elementor-element-populated\">\n\t\t\t\t\t\t<div class=\"elementor-element elementor-element-20f5bbf2 elementor-widget elementor-widget-text-editor\" data-id=\"20f5bbf2\" data-element_type=\"widget\" data-widget_type=\"text-editor.default\">\n\t\t\t\t<div class=\"elementor-widget-container\">\n\t\t\t<style>\/*! elementor - v3.23.0 - 05-08-2024 *\/\n.elementor-widget-text-editor.elementor-drop-cap-view-stacked .elementor-drop-cap{background-color:#69727d;color:#fff}.elementor-widget-text-editor.elementor-drop-cap-view-framed .elementor-drop-cap{color:#69727d;border:3px solid;background-color:transparent}.elementor-widget-text-editor:not(.elementor-drop-cap-view-default) .elementor-drop-cap{margin-top:8px}.elementor-widget-text-editor:not(.elementor-drop-cap-view-default) .elementor-drop-cap-letter{width:1em;height:1em}.elementor-widget-text-editor .elementor-drop-cap{float:left;text-align:center;line-height:1;font-size:50px}.elementor-widget-text-editor .elementor-drop-cap-letter{display:inline-block}<\/style>\t\t\t\t<p>O estado de Rond\u00f4nia, localizado na Regi\u00e3o Norte do Brasil, \u00e9 um lugar de natureza exuberante e paisagens deslumbrantes. Grande parte de seu territ\u00f3rio \u00e9 coberto por florestas tropicais, incluindo a Amaz\u00f4nia, o que faz de Rond\u00f4nia um destino ideal para os amantes da natureza e da aventura. O <a href=\"https:\/\/pt.wikipedia.org\/wiki\/Parque_Nacional_de_Paca%C3%A1s_Novos\" target=\"_blank\" rel=\"noopener\">Parque Nacional de Paca\u00e1s Novos<\/a> \u00e9 uma das principais atra\u00e7\u00f5es, oferecendo trilhas, cachoeiras e uma rica biodiversidade. O estado tamb\u00e9m \u00e9 cortado por rios imponentes, como o Rio Madeira, que proporciona oportunidades para passeios de barco e pesca. A regi\u00e3o \u00e9 um para\u00edso para observadores de aves e entusiastas de vida selvagem, com uma grande variedade de esp\u00e9cies, incluindo ariranhas e jacar\u00e9s. Rond\u00f4nia \u00e9 um estado que combina <a href=\"https:\/\/www.visiteobrasil.com.br\/brasil\/norte\/rondonia\/belezas-naturais\">beleza natural,<\/a> biodiversidade e atividades ao ar livre.<\/p><h2><strong>Rondonia: Cultura e Tradi\u00e7\u00f5es Regionais<\/strong><\/h2><p>A cultura de\u00a0<a href=\"https:\/\/visiteobrasil.com.br\/norte\/rondonia\" target=\"_blank\" rel=\"noopener\">Rond\u00f4nia<\/a>\u00a0\u00e9 influenciada pelas tradi\u00e7\u00f5es da Regi\u00e3o Norte e pela heran\u00e7a ind\u00edgena. A cidade de Porto Velho, a capital do estado, abriga uma s\u00e9rie de museus e institui\u00e7\u00f5es culturais que celebram a hist\u00f3ria e a cultura locais. A culin\u00e1ria rondoniense \u00e9 rica em sabores regionais, com pratos que incluem peixes de \u00e1gua doce, como o tambaqui, o pirarucu e o surubim, al\u00e9m de frutas tropicais, como o cupua\u00e7u e o a\u00e7a\u00ed. \u00c9 um destino que oferece uma experi\u00eancia aut\u00eantica da cultura da Regi\u00e3o Norte do Brasil, ao mesmo tempo que permite que os visitantes explorem as maravilhas naturais da Amaz\u00f4nia.<\/p>\t\t\t\t\t\t<\/div>\n\t\t\t\t<\/div>\n\t\t\t\t\t<\/div>\n\t\t<\/div>\n\t\t\t\t\t<\/div>\n\t\t<\/section>\n\t\t<div class=\"elementor-element elementor-element-3383ad2 e-flex e-con-boxed e-con e-parent\" data-id=\"3383ad2\" data-element_type=\"container\">\n\t\t\t\t\t<div class=\"e-con-inner\">\n\t\t<div class=\"elementor-element elementor-element-4fdea2b e-con-full e-flex e-con e-child\" data-id=\"4fdea2b\" data-element_type=\"container\">\n\t\t\t\t<\/div>\n\t\t<div class=\"elementor-element elementor-element-c9e8556 e-con-full e-flex e-con e-child\" data-id=\"c9e8556\" data-element_type=\"container\">\n\t\t\t\t<div class=\"elementor-element elementor-element-013cbd0 elementor-widget elementor-widget-eael-creative-button\" data-id=\"013cbd0\" data-element_type=\"widget\" data-widget_type=\"eael-creative-button.default\">\n\t\t\t\t<div class=\"elementor-widget-container\">\n\t\t\t        <div class=\"eael-creative-button-wrapper\">\n\n            <a class=\"eael-creative-button eael-creative-button--winona\" href=\"https:\/\/visiteobrasil.com.br\/norte\/rondonia\" data-text=\"Veja\">\n            \t    \n                <div class=\"creative-button-inner\">\n\n                    \n                    <span class=\"cretive-button-text\">Destinos tur\u00edsticos de Rondonia<\/span>\n\n                                    <\/div>\n\t                        <\/a>\n        <\/div>\n        \t\t<\/div>\n\t\t\t\t<\/div>\n\t\t\t\t<\/div>\n\t\t<div class=\"elementor-element elementor-element-6f1cb54 e-con-full e-flex e-con e-child\" data-id=\"6f1cb54\" data-element_type=\"container\">\n\t\t\t\t<\/div>\n\t\t\t\t\t<\/div>\n\t\t\t\t<\/div>\n\t\t\t\t<\/div>\n\t\t","protected":false},"excerpt":{"rendered":"<p>Previous Next O estado de Rond\u00f4nia, localizado na Regi\u00e3o Norte do Brasil, \u00e9 um lugar de natureza exuberante e paisagens deslumbrantes. Grande parte de seu territ\u00f3rio \u00e9 coberto por florestas tropicais, incluindo a Amaz\u00f4nia, o que faz de Rond\u00f4nia um destino ideal para os amantes da natureza e da aventura. O Parque Nacional de Paca\u00e1s [&hellip;]<\/p>\n","protected":false},"author":2,"featured_media":4895,"parent":0,"menu_order":0,"comment_status":"closed","ping_status":"closed","template":"","meta":{"footnotes":""},"class_list":["post-4894","page","type-page","status-publish","has-post-thumbnail","hentry"],"jetpack-related-posts":[{"id":4592,"url":"https:\/\/www.visiteobrasil.com.br\/news\/regiao-norte\/","url_meta":{"origin":4894,"position":0},"title":"Regi\u00e3o Norte","author":"Ramon","date":"11 de outubro de 2023","format":false,"excerpt":"Previous Next A Regi\u00e3o Norte do Brasil \u00e9 uma terra de contrastes e beleza exuberante, que encanta visitantes de todo o mundo. Com uma extens\u00e3o territorial que abrange mais de 3,8 milh\u00f5es de quil\u00f4metros quadrados, essa regi\u00e3o \u00e9 a maior do pa\u00eds e compreende sete estados: Acre, Amap\u00e1, Amazonas, Par\u00e1,\u2026","rel":"","context":"Post similar","block_context":{"text":"Post similar","link":""},"img":{"alt_text":"Regi\u00e3o Norte - Par\u00e1- Alter do Ch\u00e3o","src":"https:\/\/i0.wp.com\/www.visiteobrasil.com.br\/news\/wp-content\/uploads\/2023\/10\/Alter-do-chao-Para-Foto-Tiago-Silveira.jpg?fit=900%2C324&ssl=1&resize=350%2C200","width":350,"height":200,"srcset":"https:\/\/i0.wp.com\/www.visiteobrasil.com.br\/news\/wp-content\/uploads\/2023\/10\/Alter-do-chao-Para-Foto-Tiago-Silveira.jpg?fit=900%2C324&ssl=1&resize=350%2C200 1x, https:\/\/i0.wp.com\/www.visiteobrasil.com.br\/news\/wp-content\/uploads\/2023\/10\/Alter-do-chao-Para-Foto-Tiago-Silveira.jpg?fit=900%2C324&ssl=1&resize=525%2C300 1.5x, https:\/\/i0.wp.com\/www.visiteobrasil.com.br\/news\/wp-content\/uploads\/2023\/10\/Alter-do-chao-Para-Foto-Tiago-Silveira.jpg?fit=900%2C324&ssl=1&resize=700%2C400 2x"},"classes":[]}],"jetpack_sharing_enabled":true,"jetpack_likes_enabled":true,"_links":{"self":[{"href":"https:\/\/www.visiteobrasil.com.br\/news\/wp-json\/wp\/v2\/pages\/4894","targetHints":{"allow":["GET"]}}],"collection":[{"href":"https:\/\/www.visiteobrasil.com.br\/news\/wp-json\/wp\/v2\/pages"}],"about":[{"href":"https:\/\/www.visiteobrasil.com.br\/news\/wp-json\/wp\/v2\/types\/page"}],"author":[{"embeddable":true,"href":"https:\/\/www.visiteobrasil.com.br\/news\/wp-json\/wp\/v2\/users\/2"}],"replies":[{"embeddable":true,"href":"https:\/\/www.visiteobrasil.com.br\/news\/wp-json\/wp\/v2\/comments?post=4894"}],"version-history":[{"count":4,"href":"https:\/\/www.visiteobrasil.com.br\/news\/wp-json\/wp\/v2\/pages\/4894\/revisions"}],"predecessor-version":[{"id":6250,"href":"https:\/\/www.visiteobrasil.com.br\/news\/wp-json\/wp\/v2\/pages\/4894\/revisions\/6250"}],"wp:featuredmedia":[{"embeddable":true,"href":"https:\/\/www.visiteobrasil.com.br\/news\/wp-json\/wp\/v2\/media\/4895"}],"wp:attachment":[{"href":"https:\/\/www.visiteobrasil.com.br\/news\/wp-json\/wp\/v2\/media?parent=4894"}],"curies":[{"name":"wp","href":"https:\/\/api.w.org\/{rel}","templated":true}]}}