{"id":4886,"date":"2023-10-12T14:32:49","date_gmt":"2023-10-12T17:32:49","guid":{"rendered":"https:\/\/www.visiteobrasil.com.br\/news\/?page_id=4886"},"modified":"2023-12-01T13:10:56","modified_gmt":"2023-12-01T16:10:56","slug":"amapa","status":"publish","type":"page","link":"https:\/\/www.visiteobrasil.com.br\/news\/amapa\/","title":{"rendered":"Amap\u00e1"},"content":{"rendered":"\t\t<div data-elementor-type=\"wp-page\" data-elementor-id=\"4886\" class=\"elementor elementor-4886\" data-elementor-post-type=\"page\">\n\t\t\t\t\t\t<section class=\"elementor-section elementor-top-section elementor-element elementor-element-73ae350 elementor-section-boxed elementor-section-height-default elementor-section-height-default\" data-id=\"73ae350\" data-element_type=\"section\">\n\t\t\t\t\t\t<div class=\"elementor-container elementor-column-gap-default\">\n\t\t\t\t\t<div class=\"elementor-column elementor-col-100 elementor-top-column elementor-element elementor-element-ae85ea3\" data-id=\"ae85ea3\" data-element_type=\"column\">\n\t\t\t<div class=\"elementor-widget-wrap elementor-element-populated\">\n\t\t\t\t\t\t<div class=\"elementor-element elementor-element-bf84f4f elementor-skin-coverflow elementor-arrows-yes elementor-pagination-type-bullets elementor-pagination-position-outside elementor-widget elementor-widget-media-carousel\" data-id=\"bf84f4f\" data-element_type=\"widget\" data-settings=\"{&quot;skin&quot;:&quot;coverflow&quot;,&quot;autoplay_speed&quot;:3000,&quot;show_arrows&quot;:&quot;yes&quot;,&quot;pagination&quot;:&quot;bullets&quot;,&quot;speed&quot;:500,&quot;autoplay&quot;:&quot;yes&quot;,&quot;loop&quot;:&quot;yes&quot;,&quot;pause_on_hover&quot;:&quot;yes&quot;,&quot;pause_on_interaction&quot;:&quot;yes&quot;,&quot;space_between&quot;:{&quot;unit&quot;:&quot;px&quot;,&quot;size&quot;:10,&quot;sizes&quot;:[]},&quot;space_between_tablet&quot;:{&quot;unit&quot;:&quot;px&quot;,&quot;size&quot;:10,&quot;sizes&quot;:[]},&quot;space_between_mobile&quot;:{&quot;unit&quot;:&quot;px&quot;,&quot;size&quot;:10,&quot;sizes&quot;:[]}}\" data-widget_type=\"media-carousel.default\">\n\t\t\t\t<div class=\"elementor-widget-container\">\n\t\t\t<link rel=\"stylesheet\" href=\"https:\/\/www.visiteobrasil.com.br\/news\/wp-content\/plugins\/pro-elements\/assets\/css\/widget-carousel.min.css?ver=1725798641\">\t\t<div class=\"elementor-swiper\">\n\t\t\t<div class=\"elementor-main-swiper swiper\">\n\t\t\t\t<div class=\"swiper-wrapper\">\n\t\t\t\t\t\t\t\t\t\t\t<div class=\"swiper-slide\">\n\t\t\t\t\t\t\t\t\t<div class=\"elementor-carousel-image\" role=\"img\" aria-label=\"Amap\u00e1 - Por do sol em Curiau\" style=\"background-image: url(&#039;https:\/\/i0.wp.com\/www.visiteobrasil.com.br\/news\/wp-content\/uploads\/2023\/10\/Amapa-Curiau-Foto-Marcia-do-Carmo-1.jpg?fit=900%2C301&amp;ssl=1&#039;)\">\n\n\t\t\t\n\t\t\t\t\t<\/div>\n\t\t\t\t\t\t\t\t<\/div>\n\t\t\t\t\t\t\t\t\t\t\t<div class=\"swiper-slide\">\n\t\t\t\t\t\t\t\t\t<div class=\"elementor-carousel-image\" role=\"img\" aria-label=\"Amap\u00e1 - Cutia do Araguari _ Fen\u00f4meno da pororoca\" style=\"background-image: url(&#039;https:\/\/i0.wp.com\/www.visiteobrasil.com.br\/news\/wp-content\/uploads\/2023\/10\/cutia-do-araguari-fenomeno-da-pororoca-no-rio-araguari-foto-gov-do-amapa-bruno-alvesgr.jpg?fit=850%2C300&amp;ssl=1&#039;)\">\n\n\t\t\t\n\t\t\t\t\t<\/div>\n\t\t\t\t\t\t\t\t<\/div>\n\t\t\t\t\t\t\t\t\t\t\t<div class=\"swiper-slide\">\n\t\t\t\t\t\t\t\t\t<div class=\"elementor-carousel-image\" role=\"img\" aria-label=\"Amap\u00e1 - Marco do Oiapoque\" style=\"background-image: url(&#039;https:\/\/i0.wp.com\/www.visiteobrasil.com.br\/news\/wp-content\/uploads\/2023\/10\/Oiapoque-marco-do-oiapoque-foto-paulo-oliveiragr.jpg?fit=850%2C301&amp;ssl=1&#039;)\">\n\n\t\t\t\n\t\t\t\t\t<\/div>\n\t\t\t\t\t\t\t\t<\/div>\n\t\t\t\t\t\t\t\t\t\t\t<div class=\"swiper-slide\">\n\t\t\t\t\t\t\t\t\t<div class=\"elementor-carousel-image\" role=\"img\" aria-label=\"Amap\u00e1 - Serra do Navio - Lagoa azul\" style=\"background-image: url(&#039;https:\/\/i0.wp.com\/www.visiteobrasil.com.br\/news\/wp-content\/uploads\/2023\/10\/serra-do-navio-lagoa-azul-foto-agencia-estadogr.jpg?fit=850%2C302&amp;ssl=1&#039;)\">\n\n\t\t\t\n\t\t\t\t\t<\/div>\n\t\t\t\t\t\t\t\t<\/div>\n\t\t\t\t\t\t\t\t\t<\/div>\n\t\t\t\t\t\t\t\t\t\t\t\t\t\t\t<div class=\"swiper-pagination\"><\/div>\n\t\t\t\t\t\t\t\t\t\t\t\t\t\t\t\t<div class=\"elementor-swiper-button elementor-swiper-button-prev\" role=\"button\" tabindex=\"0\">\n\t\t\t\t\t\t\t<svg aria-hidden=\"true\" class=\"e-font-icon-svg e-eicon-chevron-left\" viewBox=\"0 0 1000 1000\" xmlns=\"http:\/\/www.w3.org\/2000\/svg\"><path d=\"M646 125C629 125 613 133 604 142L308 442C296 454 292 471 292 487 292 504 296 521 308 533L604 854C617 867 629 875 646 875 663 875 679 871 692 858 704 846 713 829 713 812 713 796 708 779 692 767L438 487 692 225C700 217 708 204 708 187 708 171 704 154 692 142 675 129 663 125 646 125Z\"><\/path><\/svg>\t\t\t\t\t\t\t<span class=\"elementor-screen-only\">Previous<\/span>\n\t\t\t\t\t\t<\/div>\n\t\t\t\t\t\t<div class=\"elementor-swiper-button elementor-swiper-button-next\" role=\"button\" tabindex=\"0\">\n\t\t\t\t\t\t\t<svg aria-hidden=\"true\" class=\"e-font-icon-svg e-eicon-chevron-right\" viewBox=\"0 0 1000 1000\" xmlns=\"http:\/\/www.w3.org\/2000\/svg\"><path d=\"M696 533C708 521 713 504 713 487 713 471 708 454 696 446L400 146C388 133 375 125 354 125 338 125 325 129 313 142 300 154 292 171 292 187 292 204 296 221 308 233L563 492 304 771C292 783 288 800 288 817 288 833 296 850 308 863 321 871 338 875 354 875 371 875 388 867 400 854L696 533Z\"><\/path><\/svg>\t\t\t\t\t\t\t<span class=\"elementor-screen-only\">Next<\/span>\n\t\t\t\t\t\t<\/div>\n\t\t\t\t\t\t\t\t\t\t\t\t<\/div>\n\t\t<\/div>\n\t\t\t\t<\/div>\n\t\t\t\t<\/div>\n\t\t\t\t\t<\/div>\n\t\t<\/div>\n\t\t\t\t\t<\/div>\n\t\t<\/section>\n\t\t\t\t<section class=\"elementor-section elementor-top-section elementor-element elementor-element-393bb754 elementor-section-boxed elementor-section-height-default elementor-section-height-default\" data-id=\"393bb754\" data-element_type=\"section\">\n\t\t\t\t\t\t<div class=\"elementor-container elementor-column-gap-default\">\n\t\t\t\t\t<div class=\"elementor-column elementor-col-100 elementor-top-column elementor-element elementor-element-3ade59b2\" data-id=\"3ade59b2\" data-element_type=\"column\">\n\t\t\t<div class=\"elementor-widget-wrap elementor-element-populated\">\n\t\t\t\t\t\t<div class=\"elementor-element elementor-element-7cfdb5ff elementor-widget elementor-widget-text-editor\" data-id=\"7cfdb5ff\" data-element_type=\"widget\" data-widget_type=\"text-editor.default\">\n\t\t\t\t<div class=\"elementor-widget-container\">\n\t\t\t<style>\/*! elementor - v3.23.0 - 05-08-2024 *\/\n.elementor-widget-text-editor.elementor-drop-cap-view-stacked .elementor-drop-cap{background-color:#69727d;color:#fff}.elementor-widget-text-editor.elementor-drop-cap-view-framed .elementor-drop-cap{color:#69727d;border:3px solid;background-color:transparent}.elementor-widget-text-editor:not(.elementor-drop-cap-view-default) .elementor-drop-cap{margin-top:8px}.elementor-widget-text-editor:not(.elementor-drop-cap-view-default) .elementor-drop-cap-letter{width:1em;height:1em}.elementor-widget-text-editor .elementor-drop-cap{float:left;text-align:center;line-height:1;font-size:50px}.elementor-widget-text-editor .elementor-drop-cap-letter{display:inline-block}<\/style>\t\t\t\t<p>O estado do Amap\u00e1, situado na Regi\u00e3o Norte do Brasil, \u00e9 um lugar de beleza natural intocada e biodiversidade exuberante. Grande parte do territ\u00f3rio do Amap\u00e1 \u00e9 coberto por densas florestas tropicais da Amaz\u00f4nia, proporcionando um habitat rico em vida selvagem. <a href=\"https:\/\/pt.wikipedia.org\/wiki\/Parque_Nacional_Montanhas_do_Tumucumaque\" target=\"_blank\" rel=\"noopener\">O Parque Nacional Montanhas do Tumuc-Humac<\/a>, uma das principais atra\u00e7\u00f5es do estado, apresenta uma paisagem de montanhas, cachoeiras e rios, sendo um local perfeito para caminhadas e observa\u00e7\u00e3o da fauna. Al\u00e9m disso, o estado possui uma costa espetacular ao longo do Oceano Atl\u00e2ntico, onde praias como a Praia do Frontera oferecem areias brancas e \u00e1guas claras, bem como atividades aqu\u00e1ticas. O estado um ref\u00fagio para os <a href=\"https:\/\/www.visiteobrasil.com.br\/brasil\/norte\/amapa\/ecoturismo\">amantes da natureza<\/a> e da aventura, proporcionando experi\u00eancias \u00fanicas na Amaz\u00f4nia.<\/p>\n<h2><strong>Amap\u00e1: Cultura e Tradi\u00e7\u00f5es da Regi\u00e3o Norte<\/strong><\/h2>\n<p>A cultura do&nbsp;<a href=\"https:\/\/visiteobrasil.com.br\/norte\/amapa\" target=\"_blank\">Amap\u00e1<\/a>&nbsp;\u00e9 profundamente influenciada pela heran\u00e7a amaz\u00f4nica e ind\u00edgena. A cidade de Macap\u00e1, a capital do estado, \u00e9 um centro cultural vibrante, com festivais que celebram a m\u00fasica e a dan\u00e7a da regi\u00e3o, como o Marabaixo e o Batuque. A culin\u00e1ria amapaense \u00e9 marcada por pratos \u00e0 base de peixes de \u00e1gua doce, como o tucunar\u00e9 e o pirarucu, al\u00e9m de frutas tropicais, como o a\u00e7a\u00ed e o cupua\u00e7u. \u00c9 um estado que oferece uma experi\u00eancia aut\u00eantica, onde a natureza exuberante da Amaz\u00f4nia se encontra com as tradi\u00e7\u00f5es culturais da Regi\u00e3o Norte, tornando-o um destino \u00fanico para aqueles que desejam explorar a diversidade do Brasil.<\/p>\t\t\t\t\t\t<\/div>\n\t\t\t\t<\/div>\n\t\t\t\t\t<\/div>\n\t\t<\/div>\n\t\t\t\t\t<\/div>\n\t\t<\/section>\n\t\t<div class=\"elementor-element elementor-element-bbc3533 e-flex e-con-boxed e-con e-parent\" data-id=\"bbc3533\" data-element_type=\"container\">\n\t\t\t\t\t<div class=\"e-con-inner\">\n\t\t<div class=\"elementor-element elementor-element-b415a52 e-con-full e-flex e-con e-child\" data-id=\"b415a52\" data-element_type=\"container\">\n\t\t\t\t<\/div>\n\t\t<div class=\"elementor-element elementor-element-f2350ff e-con-full e-flex e-con e-child\" data-id=\"f2350ff\" data-element_type=\"container\">\n\t\t\t\t<div class=\"elementor-element elementor-element-e5470d4 elementor-widget elementor-widget-eael-creative-button\" data-id=\"e5470d4\" data-element_type=\"widget\" data-widget_type=\"eael-creative-button.default\">\n\t\t\t\t<div class=\"elementor-widget-container\">\n\t\t\t        <div class=\"eael-creative-button-wrapper\">\n\n            <a class=\"eael-creative-button eael-creative-button--winona\" href=\"https:\/\/visiteobrasil.com.br\/norte\/amapa\" data-text=\"Veja\">\n            \t    \n                <div class=\"creative-button-inner\">\n\n                    \n                    <span class=\"cretive-button-text\">Destinos tur\u00edsticos do Amapa<\/span>\n\n                                    <\/div>\n\t                        <\/a>\n        <\/div>\n        \t\t<\/div>\n\t\t\t\t<\/div>\n\t\t\t\t<\/div>\n\t\t<div class=\"elementor-element elementor-element-bf22dd5 e-con-full e-flex e-con e-child\" data-id=\"bf22dd5\" data-element_type=\"container\">\n\t\t\t\t<\/div>\n\t\t\t\t\t<\/div>\n\t\t\t\t<\/div>\n\t\t\t\t<\/div>\n\t\t","protected":false},"excerpt":{"rendered":"<p>Previous Next O estado do Amap\u00e1, situado na Regi\u00e3o Norte do Brasil, \u00e9 um lugar de beleza natural intocada e biodiversidade exuberante. Grande parte do territ\u00f3rio do Amap\u00e1 \u00e9 coberto por densas florestas tropicais da Amaz\u00f4nia, proporcionando um habitat rico em vida selvagem. O Parque Nacional Montanhas do Tumuc-Humac, uma das principais atra\u00e7\u00f5es do estado, [&hellip;]<\/p>\n","protected":false},"author":2,"featured_media":4887,"parent":0,"menu_order":0,"comment_status":"closed","ping_status":"closed","template":"","meta":{"footnotes":""},"class_list":["post-4886","page","type-page","status-publish","has-post-thumbnail","hentry"],"jetpack-related-posts":[{"id":4592,"url":"https:\/\/www.visiteobrasil.com.br\/news\/regiao-norte\/","url_meta":{"origin":4886,"position":0},"title":"Regi\u00e3o Norte","author":"Ramon","date":"11 de outubro de 2023","format":false,"excerpt":"Previous Next A Regi\u00e3o Norte do Brasil \u00e9 uma terra de contrastes e beleza exuberante, que encanta visitantes de todo o mundo. Com uma extens\u00e3o territorial que abrange mais de 3,8 milh\u00f5es de quil\u00f4metros quadrados, essa regi\u00e3o \u00e9 a maior do pa\u00eds e compreende sete estados: Acre, Amap\u00e1, Amazonas, Par\u00e1,\u2026","rel":"","context":"Post similar","block_context":{"text":"Post similar","link":""},"img":{"alt_text":"Regi\u00e3o Norte - Par\u00e1- Alter do Ch\u00e3o","src":"https:\/\/i0.wp.com\/www.visiteobrasil.com.br\/news\/wp-content\/uploads\/2023\/10\/Alter-do-chao-Para-Foto-Tiago-Silveira.jpg?fit=900%2C324&ssl=1&resize=350%2C200","width":350,"height":200,"srcset":"https:\/\/i0.wp.com\/www.visiteobrasil.com.br\/news\/wp-content\/uploads\/2023\/10\/Alter-do-chao-Para-Foto-Tiago-Silveira.jpg?fit=900%2C324&ssl=1&resize=350%2C200 1x, https:\/\/i0.wp.com\/www.visiteobrasil.com.br\/news\/wp-content\/uploads\/2023\/10\/Alter-do-chao-Para-Foto-Tiago-Silveira.jpg?fit=900%2C324&ssl=1&resize=525%2C300 1.5x, https:\/\/i0.wp.com\/www.visiteobrasil.com.br\/news\/wp-content\/uploads\/2023\/10\/Alter-do-chao-Para-Foto-Tiago-Silveira.jpg?fit=900%2C324&ssl=1&resize=700%2C400 2x"},"classes":[]}],"jetpack_sharing_enabled":true,"jetpack_likes_enabled":true,"_links":{"self":[{"href":"https:\/\/www.visiteobrasil.com.br\/news\/wp-json\/wp\/v2\/pages\/4886","targetHints":{"allow":["GET"]}}],"collection":[{"href":"https:\/\/www.visiteobrasil.com.br\/news\/wp-json\/wp\/v2\/pages"}],"about":[{"href":"https:\/\/www.visiteobrasil.com.br\/news\/wp-json\/wp\/v2\/types\/page"}],"author":[{"embeddable":true,"href":"https:\/\/www.visiteobrasil.com.br\/news\/wp-json\/wp\/v2\/users\/2"}],"replies":[{"embeddable":true,"href":"https:\/\/www.visiteobrasil.com.br\/news\/wp-json\/wp\/v2\/comments?post=4886"}],"version-history":[{"count":4,"href":"https:\/\/www.visiteobrasil.com.br\/news\/wp-json\/wp\/v2\/pages\/4886\/revisions"}],"predecessor-version":[{"id":6254,"href":"https:\/\/www.visiteobrasil.com.br\/news\/wp-json\/wp\/v2\/pages\/4886\/revisions\/6254"}],"wp:featuredmedia":[{"embeddable":true,"href":"https:\/\/www.visiteobrasil.com.br\/news\/wp-json\/wp\/v2\/media\/4887"}],"wp:attachment":[{"href":"https:\/\/www.visiteobrasil.com.br\/news\/wp-json\/wp\/v2\/media?parent=4886"}],"curies":[{"name":"wp","href":"https:\/\/api.w.org\/{rel}","templated":true}]}}