{"id":4883,"date":"2023-10-12T14:24:32","date_gmt":"2023-10-12T17:24:32","guid":{"rendered":"https:\/\/www.visiteobrasil.com.br\/news\/?page_id=4883"},"modified":"2023-12-01T13:31:24","modified_gmt":"2023-12-01T16:31:24","slug":"acre","status":"publish","type":"page","link":"https:\/\/www.visiteobrasil.com.br\/news\/acre\/","title":{"rendered":"Acre"},"content":{"rendered":"\t\t<div data-elementor-type=\"wp-page\" data-elementor-id=\"4883\" class=\"elementor elementor-4883\" data-elementor-post-type=\"page\">\n\t\t\t\t\t\t<section class=\"elementor-section elementor-top-section elementor-element elementor-element-a7202be elementor-section-boxed elementor-section-height-default elementor-section-height-default\" data-id=\"a7202be\" data-element_type=\"section\">\n\t\t\t\t\t\t<div class=\"elementor-container elementor-column-gap-default\">\n\t\t\t\t\t<div class=\"elementor-column elementor-col-100 elementor-top-column elementor-element elementor-element-360f6bd\" data-id=\"360f6bd\" data-element_type=\"column\">\n\t\t\t<div class=\"elementor-widget-wrap elementor-element-populated\">\n\t\t\t\t\t\t<div class=\"elementor-element elementor-element-2838835 elementor-skin-coverflow elementor-arrows-yes elementor-pagination-type-bullets elementor-pagination-position-outside elementor-widget elementor-widget-media-carousel\" data-id=\"2838835\" data-element_type=\"widget\" data-settings=\"{&quot;skin&quot;:&quot;coverflow&quot;,&quot;show_arrows&quot;:&quot;yes&quot;,&quot;pagination&quot;:&quot;bullets&quot;,&quot;speed&quot;:500,&quot;autoplay&quot;:&quot;yes&quot;,&quot;autoplay_speed&quot;:5000,&quot;loop&quot;:&quot;yes&quot;,&quot;pause_on_hover&quot;:&quot;yes&quot;,&quot;pause_on_interaction&quot;:&quot;yes&quot;,&quot;space_between&quot;:{&quot;unit&quot;:&quot;px&quot;,&quot;size&quot;:10,&quot;sizes&quot;:[]},&quot;space_between_tablet&quot;:{&quot;unit&quot;:&quot;px&quot;,&quot;size&quot;:10,&quot;sizes&quot;:[]},&quot;space_between_mobile&quot;:{&quot;unit&quot;:&quot;px&quot;,&quot;size&quot;:10,&quot;sizes&quot;:[]}}\" data-widget_type=\"media-carousel.default\">\n\t\t\t\t<div class=\"elementor-widget-container\">\n\t\t\t<link rel=\"stylesheet\" href=\"https:\/\/www.visiteobrasil.com.br\/news\/wp-content\/plugins\/pro-elements\/assets\/css\/widget-carousel.min.css?ver=1725798641\">\t\t<div class=\"elementor-swiper\">\n\t\t\t<div class=\"elementor-main-swiper swiper\">\n\t\t\t\t<div class=\"swiper-wrapper\">\n\t\t\t\t\t\t\t\t\t\t\t<div class=\"swiper-slide\">\n\t\t\t\t\t\t\t\t\t<div class=\"elementor-carousel-image\" role=\"img\" aria-label=\"Casas t\u00edpicas de Rio Branco - Acre\" style=\"background-image: url(&#039;https:\/\/i0.wp.com\/www.visiteobrasil.com.br\/news\/wp-content\/uploads\/2023\/10\/Acre-Casas-tipicas-do-Rio-Branco.jpg?fit=900%2C300&amp;ssl=1&#039;)\">\n\n\t\t\t\n\t\t\t\t\t<\/div>\n\t\t\t\t\t\t\t\t<\/div>\n\t\t\t\t\t\t\t\t\t\t\t<div class=\"swiper-slide\">\n\t\t\t\t\t\t\t\t\t<div class=\"elementor-carousel-image\" role=\"img\" aria-label=\"Acre - Brasileia - Rua das Palmeiras\" style=\"background-image: url(&#039;https:\/\/i0.wp.com\/www.visiteobrasil.com.br\/news\/wp-content\/uploads\/2023\/10\/brasileia-rua-das-palmeiras-foto-gleilson-miranda-licenca-cc-by-2-0-gr.jpg?fit=850%2C302&amp;ssl=1&#039;)\">\n\n\t\t\t\n\t\t\t\t\t<\/div>\n\t\t\t\t\t\t\t\t<\/div>\n\t\t\t\t\t\t\t\t\t\t\t<div class=\"swiper-slide\">\n\t\t\t\t\t\t\t\t\t<div class=\"elementor-carousel-image\" role=\"img\" aria-label=\"Acre - Por do sol em Cruzeiro do Sul\" style=\"background-image: url(&#039;https:\/\/i0.wp.com\/www.visiteobrasil.com.br\/news\/wp-content\/uploads\/2023\/10\/cruzeiro-do-sul-ponte-da-uniao-liga-cruzeiro-do-sul-ao-segundo-distrito-e-a-capital-foto-agencia-de-noticias-do-acre-gleilson-miranda-licenca-cc-by-2-0gr.jpg?fit=850%2C301&amp;ssl=1&#039;)\">\n\n\t\t\t\n\t\t\t\t\t<\/div>\n\t\t\t\t\t\t\t\t<\/div>\n\t\t\t\t\t\t\t\t\t<\/div>\n\t\t\t\t\t\t\t\t\t\t\t\t\t\t\t<div class=\"swiper-pagination\"><\/div>\n\t\t\t\t\t\t\t\t\t\t\t\t\t\t\t\t<div class=\"elementor-swiper-button elementor-swiper-button-prev\" role=\"button\" tabindex=\"0\">\n\t\t\t\t\t\t\t<svg aria-hidden=\"true\" class=\"e-font-icon-svg e-eicon-chevron-left\" viewBox=\"0 0 1000 1000\" xmlns=\"http:\/\/www.w3.org\/2000\/svg\"><path d=\"M646 125C629 125 613 133 604 142L308 442C296 454 292 471 292 487 292 504 296 521 308 533L604 854C617 867 629 875 646 875 663 875 679 871 692 858 704 846 713 829 713 812 713 796 708 779 692 767L438 487 692 225C700 217 708 204 708 187 708 171 704 154 692 142 675 129 663 125 646 125Z\"><\/path><\/svg>\t\t\t\t\t\t\t<span class=\"elementor-screen-only\">Previous<\/span>\n\t\t\t\t\t\t<\/div>\n\t\t\t\t\t\t<div class=\"elementor-swiper-button elementor-swiper-button-next\" role=\"button\" tabindex=\"0\">\n\t\t\t\t\t\t\t<svg aria-hidden=\"true\" class=\"e-font-icon-svg e-eicon-chevron-right\" viewBox=\"0 0 1000 1000\" xmlns=\"http:\/\/www.w3.org\/2000\/svg\"><path d=\"M696 533C708 521 713 504 713 487 713 471 708 454 696 446L400 146C388 133 375 125 354 125 338 125 325 129 313 142 300 154 292 171 292 187 292 204 296 221 308 233L563 492 304 771C292 783 288 800 288 817 288 833 296 850 308 863 321 871 338 875 354 875 371 875 388 867 400 854L696 533Z\"><\/path><\/svg>\t\t\t\t\t\t\t<span class=\"elementor-screen-only\">Next<\/span>\n\t\t\t\t\t\t<\/div>\n\t\t\t\t\t\t\t\t\t\t\t\t<\/div>\n\t\t<\/div>\n\t\t\t\t<\/div>\n\t\t\t\t<\/div>\n\t\t\t\t\t<\/div>\n\t\t<\/div>\n\t\t\t\t\t<\/div>\n\t\t<\/section>\n\t\t\t\t<section class=\"elementor-section elementor-top-section elementor-element elementor-element-35f58fda elementor-section-boxed elementor-section-height-default elementor-section-height-default\" data-id=\"35f58fda\" data-element_type=\"section\">\n\t\t\t\t\t\t<div class=\"elementor-container elementor-column-gap-default\">\n\t\t\t\t\t<div class=\"elementor-column elementor-col-100 elementor-top-column elementor-element elementor-element-6baba029\" data-id=\"6baba029\" data-element_type=\"column\">\n\t\t\t<div class=\"elementor-widget-wrap elementor-element-populated\">\n\t\t\t\t\t\t<div class=\"elementor-element elementor-element-29037b43 elementor-widget elementor-widget-text-editor\" data-id=\"29037b43\" data-element_type=\"widget\" data-widget_type=\"text-editor.default\">\n\t\t\t\t<div class=\"elementor-widget-container\">\n\t\t\t<style>\/*! elementor - v3.23.0 - 05-08-2024 *\/\n.elementor-widget-text-editor.elementor-drop-cap-view-stacked .elementor-drop-cap{background-color:#69727d;color:#fff}.elementor-widget-text-editor.elementor-drop-cap-view-framed .elementor-drop-cap{color:#69727d;border:3px solid;background-color:transparent}.elementor-widget-text-editor:not(.elementor-drop-cap-view-default) .elementor-drop-cap{margin-top:8px}.elementor-widget-text-editor:not(.elementor-drop-cap-view-default) .elementor-drop-cap-letter{width:1em;height:1em}.elementor-widget-text-editor .elementor-drop-cap{float:left;text-align:center;line-height:1;font-size:50px}.elementor-widget-text-editor .elementor-drop-cap-letter{display:inline-block}<\/style>\t\t\t\tO estado do Acre, situado na Regi\u00e3o Norte do Brasil, \u00e9 um verdadeiro para\u00edso natural na Amaz\u00f4nia. Grande parte de seu territ\u00f3rio \u00e9 coberto pela densa floresta amaz\u00f4nica, que abriga uma das maiores biodiversidades do mundo. O <a href=\"https:\/\/pt.wikipedia.org\/wiki\/Parque_Nacional_da_Serra_do_Divisor\" target=\"_blank\" rel=\"noopener\">Parque Nacional da Serra do Divisor<\/a> \u00e9 um destaque, com paisagens de montanhas, rios e cachoeiras impressionantes, oferecendo oportunidades para trekking e observa\u00e7\u00e3o da vida selvagem. O estado tamb\u00e9m \u00e9 cortado pelo Rio Acre, que proporciona passeios de barco e atividades aqu\u00e1ticas, permitindo aos visitantes explorar as maravilhas da selva tropical. A regi\u00e3o \u00e9 um ref\u00fagio para <a href=\"https:\/\/www.visiteobrasil.com.br\/brasil\/norte\/acre\/ecoturismo\">amantes da natureza<\/a> e aventureiros em busca de experi\u00eancias \u00fanicas na Amaz\u00f4nia.\r\n<h2><strong>Cultura e Tradi\u00e7\u00f5es Amaz\u00f4nicas do Acre<\/strong><\/h2>\r\nA cultura \u00e9 profundamente influenciada pela heran\u00e7a amaz\u00f4nica e ind\u00edgena. A cidade de Rio Branco, a capital do estado, abriga o Memorial dos Autonomistas, que celebra os eventos hist\u00f3ricos que levaram \u00e0 autonomia do Acre. Al\u00e9m disso, o estado \u00e9 famoso por suas festas tradicionais, como o Festival de Senhora Sant&#8217;Ana e o Encontro das Na\u00e7\u00f5es Ind\u00edgenas, que apresentam dan\u00e7as, m\u00fasicas e artesanato ind\u00edgena. A culin\u00e1ria acreana \u00e9 rica em ingredientes locais, incluindo peixes de \u00e1gua doce, como o tambaqui, e frutas tropicais, como a pupunha. \u00c9 um estado que oferece uma experi\u00eancia \u00fanica, onde a natureza intocada da Amaz\u00f4nia se encontra com as tradi\u00e7\u00f5es culturais e ind\u00edgenas, proporcionando uma imers\u00e3o aut\u00eantica na regi\u00e3o.\t\t\t\t\t\t<\/div>\n\t\t\t\t<\/div>\n\t\t\t\t\t<\/div>\n\t\t<\/div>\n\t\t\t\t\t<\/div>\n\t\t<\/section>\n\t\t<div class=\"elementor-element elementor-element-e9b9864 e-flex e-con-boxed e-con e-parent\" data-id=\"e9b9864\" data-element_type=\"container\">\n\t\t\t\t\t<div class=\"e-con-inner\">\n\t\t<div class=\"elementor-element elementor-element-6276709 e-con-full e-flex e-con e-child\" data-id=\"6276709\" data-element_type=\"container\">\n\t\t\t\t<\/div>\n\t\t<div class=\"elementor-element elementor-element-37b76b7 e-con-full e-flex e-con e-child\" data-id=\"37b76b7\" data-element_type=\"container\">\n\t\t\t\t<div class=\"elementor-element elementor-element-72c8e17 elementor-widget elementor-widget-eael-creative-button\" data-id=\"72c8e17\" data-element_type=\"widget\" data-widget_type=\"eael-creative-button.default\">\n\t\t\t\t<div class=\"elementor-widget-container\">\n\t\t\t        <div class=\"eael-creative-button-wrapper\">\n\n            <a class=\"eael-creative-button eael-creative-button--winona\" href=\"https:\/\/visiteobrasil.com.br\/norte\/acre\" data-text=\"Veja\">\n            \t    \n                <div class=\"creative-button-inner\">\n\n                    \n                    <span class=\"cretive-button-text\">Destinos tur\u00edsticos do Acre<\/span>\n\n                                    <\/div>\n\t                        <\/a>\n        <\/div>\n        \t\t<\/div>\n\t\t\t\t<\/div>\n\t\t\t\t<\/div>\n\t\t<div class=\"elementor-element elementor-element-bc20a1d e-con-full e-flex e-con e-child\" data-id=\"bc20a1d\" data-element_type=\"container\">\n\t\t\t\t<\/div>\n\t\t\t\t\t<\/div>\n\t\t\t\t<\/div>\n\t\t\t\t<\/div>\n\t\t","protected":false},"excerpt":{"rendered":"<p>Previous Next O estado do Acre, situado na Regi\u00e3o Norte do Brasil, \u00e9 um verdadeiro para\u00edso natural na Amaz\u00f4nia. Grande parte de seu territ\u00f3rio \u00e9 coberto pela densa floresta amaz\u00f4nica, que abriga uma das maiores biodiversidades do mundo. O Parque Nacional da Serra do Divisor \u00e9 um destaque, com paisagens de montanhas, rios e cachoeiras [&hellip;]<\/p>\n","protected":false},"author":2,"featured_media":4884,"parent":0,"menu_order":0,"comment_status":"closed","ping_status":"closed","template":"","meta":{"footnotes":""},"class_list":["post-4883","page","type-page","status-publish","has-post-thumbnail","hentry"],"jetpack-related-posts":[{"id":4592,"url":"https:\/\/www.visiteobrasil.com.br\/news\/regiao-norte\/","url_meta":{"origin":4883,"position":0},"title":"Regi\u00e3o Norte","author":"Ramon","date":"11 de outubro de 2023","format":false,"excerpt":"Previous Next A Regi\u00e3o Norte do Brasil \u00e9 uma terra de contrastes e beleza exuberante, que encanta visitantes de todo o mundo. Com uma extens\u00e3o territorial que abrange mais de 3,8 milh\u00f5es de quil\u00f4metros quadrados, essa regi\u00e3o \u00e9 a maior do pa\u00eds e compreende sete estados: Acre, Amap\u00e1, Amazonas, Par\u00e1,\u2026","rel":"","context":"Post similar","block_context":{"text":"Post similar","link":""},"img":{"alt_text":"Regi\u00e3o Norte - Par\u00e1- Alter do Ch\u00e3o","src":"https:\/\/i0.wp.com\/www.visiteobrasil.com.br\/news\/wp-content\/uploads\/2023\/10\/Alter-do-chao-Para-Foto-Tiago-Silveira.jpg?fit=900%2C324&ssl=1&resize=350%2C200","width":350,"height":200,"srcset":"https:\/\/i0.wp.com\/www.visiteobrasil.com.br\/news\/wp-content\/uploads\/2023\/10\/Alter-do-chao-Para-Foto-Tiago-Silveira.jpg?fit=900%2C324&ssl=1&resize=350%2C200 1x, https:\/\/i0.wp.com\/www.visiteobrasil.com.br\/news\/wp-content\/uploads\/2023\/10\/Alter-do-chao-Para-Foto-Tiago-Silveira.jpg?fit=900%2C324&ssl=1&resize=525%2C300 1.5x, https:\/\/i0.wp.com\/www.visiteobrasil.com.br\/news\/wp-content\/uploads\/2023\/10\/Alter-do-chao-Para-Foto-Tiago-Silveira.jpg?fit=900%2C324&ssl=1&resize=700%2C400 2x"},"classes":[]},{"id":4889,"url":"https:\/\/www.visiteobrasil.com.br\/news\/amazonas\/","url_meta":{"origin":4883,"position":1},"title":"Amazonas","author":"Ramon","date":"12 de outubro de 2023","format":false,"excerpt":"Previous Next O estado do Amazonas, situado na Regi\u00e3o Norte do Brasil, \u00e9 lar da maior parte da Floresta Amaz\u00f4nica, o pulm\u00e3o verde do planeta. Suas vastas extens\u00f5es de selva tropical, rios caudalosos e biodiversidade rica fazem deste estado um dos destinos mais emblem\u00e1ticos do Brasil. A capital, Manaus, serve\u2026","rel":"","context":"Post similar","block_context":{"text":"Post similar","link":""},"img":{"alt_text":"Amazonas: Pedra do Sanduiche - Foto: Ana Claudia Jatahy","src":"https:\/\/i0.wp.com\/www.visiteobrasil.com.br\/news\/wp-content\/uploads\/2023\/10\/Pedra-do-Sanduiche-Foto-Ana-Claudia-Jatahy.jpg?fit=900%2C300&ssl=1&resize=350%2C200","width":350,"height":200,"srcset":"https:\/\/i0.wp.com\/www.visiteobrasil.com.br\/news\/wp-content\/uploads\/2023\/10\/Pedra-do-Sanduiche-Foto-Ana-Claudia-Jatahy.jpg?fit=900%2C300&ssl=1&resize=350%2C200 1x, https:\/\/i0.wp.com\/www.visiteobrasil.com.br\/news\/wp-content\/uploads\/2023\/10\/Pedra-do-Sanduiche-Foto-Ana-Claudia-Jatahy.jpg?fit=900%2C300&ssl=1&resize=525%2C300 1.5x, https:\/\/i0.wp.com\/www.visiteobrasil.com.br\/news\/wp-content\/uploads\/2023\/10\/Pedra-do-Sanduiche-Foto-Ana-Claudia-Jatahy.jpg?fit=900%2C300&ssl=1&resize=700%2C400 2x"},"classes":[]},{"id":4892,"url":"https:\/\/www.visiteobrasil.com.br\/news\/para\/","url_meta":{"origin":4883,"position":2},"title":"Par\u00e1","author":"Ramon","date":"12 de outubro de 2023","format":false,"excerpt":"Previous Next O estado, situado na Regi\u00e3o Norte do Brasil, \u00e9 um territ\u00f3rio de diversidade e exuber\u00e2ncia, destacando-se como um dos estados com maior parte de seu territ\u00f3rio inserido na Amaz\u00f4nia. A capital, Bel\u00e9m \u00e9 o ponto de partida para explorar as riquezas naturais e culturais do Par\u00e1. A cidade\u2026","rel":"","context":"Post similar","block_context":{"text":"Post similar","link":""},"img":{"alt_text":"Regi\u00e3o Norte - Par\u00e1- Alter do Ch\u00e3o","src":"https:\/\/i0.wp.com\/www.visiteobrasil.com.br\/news\/wp-content\/uploads\/2023\/10\/Alter-do-chao-Para-Foto-Tiago-Silveira.jpg?fit=900%2C324&ssl=1&resize=350%2C200","width":350,"height":200,"srcset":"https:\/\/i0.wp.com\/www.visiteobrasil.com.br\/news\/wp-content\/uploads\/2023\/10\/Alter-do-chao-Para-Foto-Tiago-Silveira.jpg?fit=900%2C324&ssl=1&resize=350%2C200 1x, https:\/\/i0.wp.com\/www.visiteobrasil.com.br\/news\/wp-content\/uploads\/2023\/10\/Alter-do-chao-Para-Foto-Tiago-Silveira.jpg?fit=900%2C324&ssl=1&resize=525%2C300 1.5x, https:\/\/i0.wp.com\/www.visiteobrasil.com.br\/news\/wp-content\/uploads\/2023\/10\/Alter-do-chao-Para-Foto-Tiago-Silveira.jpg?fit=900%2C324&ssl=1&resize=700%2C400 2x"},"classes":[]},{"id":4886,"url":"https:\/\/www.visiteobrasil.com.br\/news\/amapa\/","url_meta":{"origin":4883,"position":3},"title":"Amap\u00e1","author":"Ramon","date":"12 de outubro de 2023","format":false,"excerpt":"Previous Next O estado do Amap\u00e1, situado na Regi\u00e3o Norte do Brasil, \u00e9 um lugar de beleza natural intocada e biodiversidade exuberante. Grande parte do territ\u00f3rio do Amap\u00e1 \u00e9 coberto por densas florestas tropicais da Amaz\u00f4nia, proporcionando um habitat rico em vida selvagem. O Parque Nacional Montanhas do Tumuc-Humac, uma\u2026","rel":"","context":"Post similar","block_context":{"text":"Post similar","link":""},"img":{"alt_text":"Por do sol em Curiau - Amap\u00e1","src":"https:\/\/i0.wp.com\/www.visiteobrasil.com.br\/news\/wp-content\/uploads\/2023\/10\/Amapa-Curiau-Foto-Marcia-do-Carmo.jpg?fit=900%2C301&ssl=1&resize=350%2C200","width":350,"height":200,"srcset":"https:\/\/i0.wp.com\/www.visiteobrasil.com.br\/news\/wp-content\/uploads\/2023\/10\/Amapa-Curiau-Foto-Marcia-do-Carmo.jpg?fit=900%2C301&ssl=1&resize=350%2C200 1x, https:\/\/i0.wp.com\/www.visiteobrasil.com.br\/news\/wp-content\/uploads\/2023\/10\/Amapa-Curiau-Foto-Marcia-do-Carmo.jpg?fit=900%2C301&ssl=1&resize=525%2C300 1.5x, https:\/\/i0.wp.com\/www.visiteobrasil.com.br\/news\/wp-content\/uploads\/2023\/10\/Amapa-Curiau-Foto-Marcia-do-Carmo.jpg?fit=900%2C301&ssl=1&resize=700%2C400 2x"},"classes":[]},{"id":4752,"url":"https:\/\/www.visiteobrasil.com.br\/news\/mato-grosso\/","url_meta":{"origin":4883,"position":4},"title":"Mato Grosso","author":"Ramon","date":"11 de outubro de 2023","format":false,"excerpt":"Previous Next O estado de Mato Grosso, localizado na Regi\u00e3o Centro-Oeste do Brasil, \u00e9 uma terra de vastid\u00e3o e natureza intocada. Grande parte de Mato Grosso faz parte da Amaz\u00f4nia Legal, abrigando uma riqueza de biodiversidade e ecossistemas naturais. A regi\u00e3o \u00e9 caracterizada por suas florestas tropicais, rios majestosos, como\u2026","rel":"","context":"Post similar","block_context":{"text":"Post similar","link":""},"img":{"alt_text":"On\u00e7a pintada - Bar\u00e3o de Melga\u00e7o - Mato Grosso","src":"https:\/\/i0.wp.com\/www.visiteobrasil.com.br\/news\/wp-content\/uploads\/2023\/10\/barao-de-melgaco-onca-preservacao-brasil-afp-foto-alemao-astolfogr.jpg?fit=850%2C300&ssl=1&resize=350%2C200","width":350,"height":200,"srcset":"https:\/\/i0.wp.com\/www.visiteobrasil.com.br\/news\/wp-content\/uploads\/2023\/10\/barao-de-melgaco-onca-preservacao-brasil-afp-foto-alemao-astolfogr.jpg?fit=850%2C300&ssl=1&resize=350%2C200 1x, https:\/\/i0.wp.com\/www.visiteobrasil.com.br\/news\/wp-content\/uploads\/2023\/10\/barao-de-melgaco-onca-preservacao-brasil-afp-foto-alemao-astolfogr.jpg?fit=850%2C300&ssl=1&resize=525%2C300 1.5x, https:\/\/i0.wp.com\/www.visiteobrasil.com.br\/news\/wp-content\/uploads\/2023\/10\/barao-de-melgaco-onca-preservacao-brasil-afp-foto-alemao-astolfogr.jpg?fit=850%2C300&ssl=1&resize=700%2C400 2x"},"classes":[]},{"id":4894,"url":"https:\/\/www.visiteobrasil.com.br\/news\/rondonia\/","url_meta":{"origin":4883,"position":5},"title":"Rondonia","author":"Ramon","date":"12 de outubro de 2023","format":false,"excerpt":"Previous Next O estado de Rond\u00f4nia, localizado na Regi\u00e3o Norte do Brasil, \u00e9 um lugar de natureza exuberante e paisagens deslumbrantes. Grande parte de seu territ\u00f3rio \u00e9 coberto por florestas tropicais, incluindo a Amaz\u00f4nia, o que faz de Rond\u00f4nia um destino ideal para os amantes da natureza e da aventura.\u2026","rel":"","context":"Post similar","block_context":{"text":"Post similar","link":""},"img":{"alt_text":"Rondonia - Maria fuma\u00e7a em Guajar\u00e1 Mirim","src":"https:\/\/i0.wp.com\/www.visiteobrasil.com.br\/news\/wp-content\/uploads\/2023\/10\/Guajara-mirin-locomotiva-da-estrada-de-ferro-madeira-mamore-foto-filzstift-licenca-cc-by-sa-3-0gr.jpg?fit=850%2C300&ssl=1&resize=350%2C200","width":350,"height":200,"srcset":"https:\/\/i0.wp.com\/www.visiteobrasil.com.br\/news\/wp-content\/uploads\/2023\/10\/Guajara-mirin-locomotiva-da-estrada-de-ferro-madeira-mamore-foto-filzstift-licenca-cc-by-sa-3-0gr.jpg?fit=850%2C300&ssl=1&resize=350%2C200 1x, https:\/\/i0.wp.com\/www.visiteobrasil.com.br\/news\/wp-content\/uploads\/2023\/10\/Guajara-mirin-locomotiva-da-estrada-de-ferro-madeira-mamore-foto-filzstift-licenca-cc-by-sa-3-0gr.jpg?fit=850%2C300&ssl=1&resize=525%2C300 1.5x, https:\/\/i0.wp.com\/www.visiteobrasil.com.br\/news\/wp-content\/uploads\/2023\/10\/Guajara-mirin-locomotiva-da-estrada-de-ferro-madeira-mamore-foto-filzstift-licenca-cc-by-sa-3-0gr.jpg?fit=850%2C300&ssl=1&resize=700%2C400 2x"},"classes":[]}],"jetpack_sharing_enabled":true,"jetpack_likes_enabled":true,"_links":{"self":[{"href":"https:\/\/www.visiteobrasil.com.br\/news\/wp-json\/wp\/v2\/pages\/4883","targetHints":{"allow":["GET"]}}],"collection":[{"href":"https:\/\/www.visiteobrasil.com.br\/news\/wp-json\/wp\/v2\/pages"}],"about":[{"href":"https:\/\/www.visiteobrasil.com.br\/news\/wp-json\/wp\/v2\/types\/page"}],"author":[{"embeddable":true,"href":"https:\/\/www.visiteobrasil.com.br\/news\/wp-json\/wp\/v2\/users\/2"}],"replies":[{"embeddable":true,"href":"https:\/\/www.visiteobrasil.com.br\/news\/wp-json\/wp\/v2\/comments?post=4883"}],"version-history":[{"count":7,"href":"https:\/\/www.visiteobrasil.com.br\/news\/wp-json\/wp\/v2\/pages\/4883\/revisions"}],"predecessor-version":[{"id":6270,"href":"https:\/\/www.visiteobrasil.com.br\/news\/wp-json\/wp\/v2\/pages\/4883\/revisions\/6270"}],"wp:featuredmedia":[{"embeddable":true,"href":"https:\/\/www.visiteobrasil.com.br\/news\/wp-json\/wp\/v2\/media\/4884"}],"wp:attachment":[{"href":"https:\/\/www.visiteobrasil.com.br\/news\/wp-json\/wp\/v2\/media?parent=4883"}],"curies":[{"name":"wp","href":"https:\/\/api.w.org\/{rel}","templated":true}]}}