{"id":4752,"date":"2023-10-11T22:55:41","date_gmt":"2023-10-12T01:55:41","guid":{"rendered":"https:\/\/www.visiteobrasil.com.br\/news\/?page_id=4752"},"modified":"2023-12-01T14:02:04","modified_gmt":"2023-12-01T17:02:04","slug":"mato-grosso","status":"publish","type":"page","link":"https:\/\/www.visiteobrasil.com.br\/news\/mato-grosso\/","title":{"rendered":"Mato Grosso"},"content":{"rendered":"\t\t<div data-elementor-type=\"wp-page\" data-elementor-id=\"4752\" class=\"elementor elementor-4752\" data-elementor-post-type=\"page\">\n\t\t\t\t\t\t<section class=\"elementor-section elementor-top-section elementor-element elementor-element-b16820c elementor-section-boxed elementor-section-height-default elementor-section-height-default\" data-id=\"b16820c\" data-element_type=\"section\">\n\t\t\t\t\t\t<div class=\"elementor-container elementor-column-gap-default\">\n\t\t\t\t\t<div class=\"elementor-column elementor-col-100 elementor-top-column elementor-element elementor-element-801a3a0\" data-id=\"801a3a0\" data-element_type=\"column\">\n\t\t\t<div class=\"elementor-widget-wrap elementor-element-populated\">\n\t\t\t\t\t\t<div class=\"elementor-element elementor-element-9f7ccc8 elementor-skin-coverflow elementor-arrows-yes elementor-pagination-type-bullets elementor-pagination-position-outside elementor-widget elementor-widget-media-carousel\" data-id=\"9f7ccc8\" data-element_type=\"widget\" data-settings=\"{&quot;skin&quot;:&quot;coverflow&quot;,&quot;autoplay_speed&quot;:3000,&quot;show_arrows&quot;:&quot;yes&quot;,&quot;pagination&quot;:&quot;bullets&quot;,&quot;speed&quot;:500,&quot;autoplay&quot;:&quot;yes&quot;,&quot;loop&quot;:&quot;yes&quot;,&quot;pause_on_hover&quot;:&quot;yes&quot;,&quot;pause_on_interaction&quot;:&quot;yes&quot;,&quot;space_between&quot;:{&quot;unit&quot;:&quot;px&quot;,&quot;size&quot;:10,&quot;sizes&quot;:[]},&quot;space_between_tablet&quot;:{&quot;unit&quot;:&quot;px&quot;,&quot;size&quot;:10,&quot;sizes&quot;:[]},&quot;space_between_mobile&quot;:{&quot;unit&quot;:&quot;px&quot;,&quot;size&quot;:10,&quot;sizes&quot;:[]}}\" data-widget_type=\"media-carousel.default\">\n\t\t\t\t<div class=\"elementor-widget-container\">\n\t\t\t<link rel=\"stylesheet\" href=\"https:\/\/www.visiteobrasil.com.br\/news\/wp-content\/plugins\/pro-elements\/assets\/css\/widget-carousel.min.css?ver=1725798641\">\t\t<div class=\"elementor-swiper\">\n\t\t\t<div class=\"elementor-main-swiper swiper\">\n\t\t\t\t<div class=\"swiper-wrapper\">\n\t\t\t\t\t\t\t\t\t\t\t<div class=\"swiper-slide\">\n\t\t\t\t\t\t\t\t\t<div class=\"elementor-carousel-image\" role=\"img\" aria-label=\"Turistas internacionais: Mato Grosso - Canoando pelo Pantanal\" style=\"background-image: url(&#039;https:\/\/i0.wp.com\/www.visiteobrasil.com.br\/news\/wp-content\/uploads\/2023\/10\/pantanal-pocone-foto-pousada-piuvalgr.jpg?fit=850%2C300&amp;ssl=1&#039;)\">\n\n\t\t\t\n\t\t\t\t\t<\/div>\n\t\t\t\t\t\t\t\t<\/div>\n\t\t\t\t\t\t\t\t\t\t\t<div class=\"swiper-slide\">\n\t\t\t\t\t\t\t\t\t<div class=\"elementor-carousel-image\" role=\"img\" aria-label=\"Mato Grosso - Chapada dos Guimar\u00e3es vista do alto\" style=\"background-image: url(&#039;https:\/\/i0.wp.com\/www.visiteobrasil.com.br\/news\/wp-content\/uploads\/2023\/10\/chapada-dos-guimaraes-vistadoalto-foto-edmilsonsancheslicenca-cc-by-sa-30gr.jpg?fit=850%2C300&amp;ssl=1&#039;)\">\n\n\t\t\t\n\t\t\t\t\t<\/div>\n\t\t\t\t\t\t\t\t<\/div>\n\t\t\t\t\t\t\t\t\t\t\t<div class=\"swiper-slide\">\n\t\t\t\t\t\t\t\t\t<div class=\"elementor-carousel-image\" role=\"img\" aria-label=\"Mato Grosso - Rafting em Jaciara\" style=\"background-image: url(&#039;https:\/\/i0.wp.com\/www.visiteobrasil.com.br\/news\/wp-content\/uploads\/2023\/10\/jaciara-rafting-em-jaciara-foto-ericksen-vital-g1gr.jpg?fit=850%2C301&amp;ssl=1&#039;)\">\n\n\t\t\t\n\t\t\t\t\t<\/div>\n\t\t\t\t\t\t\t\t<\/div>\n\t\t\t\t\t\t\t\t\t\t\t<div class=\"swiper-slide\">\n\t\t\t\t\t\t\t\t\t<div class=\"elementor-carousel-image\" role=\"img\" aria-label=\"Mato Grosso - Cachoeira Ilha do Coco - Nova Xavantina\" style=\"background-image: url(&#039;https:\/\/i0.wp.com\/www.visiteobrasil.com.br\/news\/wp-content\/uploads\/2023\/10\/nova-xavantina-cachoeira-ilha-do-coco-foto-paulo-parreiragr.jpg?fit=850%2C300&amp;ssl=1&#039;)\">\n\n\t\t\t\n\t\t\t\t\t<\/div>\n\t\t\t\t\t\t\t\t<\/div>\n\t\t\t\t\t\t\t\t\t\t\t<div class=\"swiper-slide\">\n\t\t\t\t\t\t\t\t\t<div class=\"elementor-carousel-image\" role=\"img\" aria-label=\"Mato Grosso - Rio Papagaio em Sapezal\" style=\"background-image: url(&#039;https:\/\/i0.wp.com\/www.visiteobrasil.com.br\/news\/wp-content\/uploads\/2023\/10\/sapezal-rio-papagaio-foto-crysthian-junia-panoramiogr.jpg?fit=850%2C300&amp;ssl=1&#039;)\">\n\n\t\t\t\n\t\t\t\t\t<\/div>\n\t\t\t\t\t\t\t\t<\/div>\n\t\t\t\t\t\t\t\t\t<\/div>\n\t\t\t\t\t\t\t\t\t\t\t\t\t\t\t<div class=\"swiper-pagination\"><\/div>\n\t\t\t\t\t\t\t\t\t\t\t\t\t\t\t\t<div class=\"elementor-swiper-button elementor-swiper-button-prev\" role=\"button\" tabindex=\"0\">\n\t\t\t\t\t\t\t<svg aria-hidden=\"true\" class=\"e-font-icon-svg e-eicon-chevron-left\" viewBox=\"0 0 1000 1000\" xmlns=\"http:\/\/www.w3.org\/2000\/svg\"><path d=\"M646 125C629 125 613 133 604 142L308 442C296 454 292 471 292 487 292 504 296 521 308 533L604 854C617 867 629 875 646 875 663 875 679 871 692 858 704 846 713 829 713 812 713 796 708 779 692 767L438 487 692 225C700 217 708 204 708 187 708 171 704 154 692 142 675 129 663 125 646 125Z\"><\/path><\/svg>\t\t\t\t\t\t\t<span class=\"elementor-screen-only\">Previous<\/span>\n\t\t\t\t\t\t<\/div>\n\t\t\t\t\t\t<div class=\"elementor-swiper-button elementor-swiper-button-next\" role=\"button\" tabindex=\"0\">\n\t\t\t\t\t\t\t<svg aria-hidden=\"true\" class=\"e-font-icon-svg e-eicon-chevron-right\" viewBox=\"0 0 1000 1000\" xmlns=\"http:\/\/www.w3.org\/2000\/svg\"><path d=\"M696 533C708 521 713 504 713 487 713 471 708 454 696 446L400 146C388 133 375 125 354 125 338 125 325 129 313 142 300 154 292 171 292 187 292 204 296 221 308 233L563 492 304 771C292 783 288 800 288 817 288 833 296 850 308 863 321 871 338 875 354 875 371 875 388 867 400 854L696 533Z\"><\/path><\/svg>\t\t\t\t\t\t\t<span class=\"elementor-screen-only\">Next<\/span>\n\t\t\t\t\t\t<\/div>\n\t\t\t\t\t\t\t\t\t\t\t\t<\/div>\n\t\t<\/div>\n\t\t\t\t<\/div>\n\t\t\t\t<\/div>\n\t\t\t\t\t<\/div>\n\t\t<\/div>\n\t\t\t\t\t<\/div>\n\t\t<\/section>\n\t\t\t\t<section class=\"elementor-section elementor-top-section elementor-element elementor-element-2c8b4047 elementor-section-boxed elementor-section-height-default elementor-section-height-default\" data-id=\"2c8b4047\" data-element_type=\"section\">\n\t\t\t\t\t\t<div class=\"elementor-container elementor-column-gap-default\">\n\t\t\t\t\t<div class=\"elementor-column elementor-col-100 elementor-top-column elementor-element elementor-element-4223d94d\" data-id=\"4223d94d\" data-element_type=\"column\">\n\t\t\t<div class=\"elementor-widget-wrap elementor-element-populated\">\n\t\t\t\t\t\t<div class=\"elementor-element elementor-element-30fe399e elementor-drop-cap-yes elementor-drop-cap-view-default elementor-widget elementor-widget-text-editor\" data-id=\"30fe399e\" data-element_type=\"widget\" data-settings=\"{&quot;drop_cap&quot;:&quot;yes&quot;}\" data-widget_type=\"text-editor.default\">\n\t\t\t\t<div class=\"elementor-widget-container\">\n\t\t\t<style>\/*! elementor - v3.23.0 - 05-08-2024 *\/\n.elementor-widget-text-editor.elementor-drop-cap-view-stacked .elementor-drop-cap{background-color:#69727d;color:#fff}.elementor-widget-text-editor.elementor-drop-cap-view-framed .elementor-drop-cap{color:#69727d;border:3px solid;background-color:transparent}.elementor-widget-text-editor:not(.elementor-drop-cap-view-default) .elementor-drop-cap{margin-top:8px}.elementor-widget-text-editor:not(.elementor-drop-cap-view-default) .elementor-drop-cap-letter{width:1em;height:1em}.elementor-widget-text-editor .elementor-drop-cap{float:left;text-align:center;line-height:1;font-size:50px}.elementor-widget-text-editor .elementor-drop-cap-letter{display:inline-block}<\/style>\t\t\t\t<p>O estado de Mato Grosso, localizado na Regi\u00e3o Centro-Oeste do Brasil, \u00e9 uma terra de vastid\u00e3o e natureza intocada. Grande parte de <a href=\"https:\/\/pt.wikipedia.org\/wiki\/Mato_Grosso\" target=\"_blank\" rel=\"noopener\">Mato Grosso<\/a> faz parte da Amaz\u00f4nia Legal, abrigando uma riqueza de biodiversidade e ecossistemas naturais. A regi\u00e3o \u00e9 caracterizada por suas florestas tropicais, rios majestosos, como o Rio Amazonas, e vastas \u00e1reas de cerrado. O <a href=\"https:\/\/www.visiteobrasil.com.br\/centro-oeste\/mato-grosso\/polo-turistico-pantanal\/caceres\">Pantanal<\/a>, uma das maiores plan\u00edcies alagadas do mundo, tamb\u00e9m se estende por Mato Grosso, oferecendo oportunidades excepcionais para observa\u00e7\u00e3o de vida selvagem, incluindo jacar\u00e9s, capivaras e uma grande variedade de aves. O estado \u00e9 um para\u00edso para os amantes da natureza e dos esportes ao ar livre, com trilhas, saf\u00e1ris e atividades de ecoturismo.<\/p>\n<h2><strong>Agricultura e Cultura Tradicional em Mato Grosso<\/strong><\/h2>\n<p>Al\u00e9m de sua exuberante natureza,&nbsp;<a href=\"https:\/\/visiteobrasil.com.br\/centro-oeste\/mato-grosso\" target=\"_blank\"><b>Mato Grosso<\/b><\/a>&nbsp;desempenha um papel fundamental na economia agr\u00edcola do Brasil, sendo um dos maiores produtores de soja e carne bovina do pa\u00eds. A cultura do estado \u00e9 influenciada por suas ra\u00edzes agr\u00edcolas, e as festas populares muitas vezes celebram a vida rural e a m\u00fasica sertaneja. A culin\u00e1ria de Mato Grosso \u00e9 rica em pratos tradicionais, como a carne de sol, o pacu assado e o arroz com pequi. A regi\u00e3o oferece uma combina\u00e7\u00e3o \u00fanica de natureza exuberante, tradi\u00e7\u00f5es rurais e cultura local que a torna um destino fascinante para quem deseja explorar a diversidade do Brasil.<\/p>\t\t\t\t\t\t<\/div>\n\t\t\t\t<\/div>\n\t\t\t\t\t<\/div>\n\t\t<\/div>\n\t\t\t\t\t<\/div>\n\t\t<\/section>\n\t\t<div class=\"elementor-element elementor-element-c1b0348 e-flex e-con-boxed e-con e-parent\" data-id=\"c1b0348\" data-element_type=\"container\">\n\t\t\t\t\t<div class=\"e-con-inner\">\n\t\t<div class=\"elementor-element elementor-element-2d25f01 e-con-full e-flex e-con e-child\" data-id=\"2d25f01\" data-element_type=\"container\">\n\t\t\t\t<\/div>\n\t\t<div class=\"elementor-element elementor-element-a7fa029 e-con-full e-flex e-con e-child\" data-id=\"a7fa029\" data-element_type=\"container\">\n\t\t\t\t<div class=\"elementor-element elementor-element-8208361 elementor-widget elementor-widget-eael-creative-button\" data-id=\"8208361\" data-element_type=\"widget\" data-widget_type=\"eael-creative-button.default\">\n\t\t\t\t<div class=\"elementor-widget-container\">\n\t\t\t        <div class=\"eael-creative-button-wrapper\">\n\n            <a class=\"eael-creative-button eael-creative-button--winona\" href=\"https:\/\/visiteobrasil.com.br\/centro-oeste\/mato-grosso\" data-text=\"Veja\">\n            \t    \n                <div class=\"creative-button-inner\">\n\n                    \n                    <span class=\"cretive-button-text\">Destinos tur\u00edsticos do Mato Grosso<\/span>\n\n                                    <\/div>\n\t                        <\/a>\n        <\/div>\n        \t\t<\/div>\n\t\t\t\t<\/div>\n\t\t\t\t<\/div>\n\t\t<div class=\"elementor-element elementor-element-7873c6b e-con-full e-flex e-con e-child\" data-id=\"7873c6b\" data-element_type=\"container\">\n\t\t\t\t<\/div>\n\t\t\t\t\t<\/div>\n\t\t\t\t<\/div>\n\t\t\t\t<\/div>\n\t\t","protected":false},"excerpt":{"rendered":"<p>Previous Next O estado de Mato Grosso, localizado na Regi\u00e3o Centro-Oeste do Brasil, \u00e9 uma terra de vastid\u00e3o e natureza intocada. Grande parte de Mato Grosso faz parte da Amaz\u00f4nia Legal, abrigando uma riqueza de biodiversidade e ecossistemas naturais. A regi\u00e3o \u00e9 caracterizada por suas florestas tropicais, rios majestosos, como o Rio Amazonas, e vastas [&hellip;]<\/p>\n","protected":false},"author":2,"featured_media":4753,"parent":0,"menu_order":0,"comment_status":"closed","ping_status":"closed","template":"","meta":{"footnotes":""},"class_list":["post-4752","page","type-page","status-publish","has-post-thumbnail","hentry"],"jetpack-related-posts":[{"id":4598,"url":"https:\/\/www.visiteobrasil.com.br\/news\/regiao-centro-oeste\/","url_meta":{"origin":4752,"position":0},"title":"Regi\u00e3o Centro-Oeste","author":"Ramon","date":"11 de outubro de 2023","format":false,"excerpt":"Previous Next A Regi\u00e3o Centro-Oeste do Brasil \u00e9 um territ\u00f3rio de extrema import\u00e2ncia geogr\u00e1fica e econ\u00f4mica no pa\u00eds. Composta pelos estados de Goi\u00e1s, Mato Grosso, Mato Grosso do Sul e Distrito Federal, essa regi\u00e3o se destaca por sua diversidade de paisagens, que v\u00e3o desde o Pantanal, a maior plan\u00edcie alag\u00e1vel\u2026","rel":"","context":"Post similar","block_context":{"text":"Post similar","link":""},"img":{"alt_text":"Regi\u00e3o Centro-oeste - Pantanal","src":"https:\/\/i0.wp.com\/www.visiteobrasil.com.br\/news\/wp-content\/uploads\/2023\/10\/222Pantanal-o-maior-ecossistema-do-estado-Foto-Alicia-yo-Licenca-cc-by-sa-3-0.jpg?fit=900%2C301&ssl=1&resize=350%2C200","width":350,"height":200,"srcset":"https:\/\/i0.wp.com\/www.visiteobrasil.com.br\/news\/wp-content\/uploads\/2023\/10\/222Pantanal-o-maior-ecossistema-do-estado-Foto-Alicia-yo-Licenca-cc-by-sa-3-0.jpg?fit=900%2C301&ssl=1&resize=350%2C200 1x, https:\/\/i0.wp.com\/www.visiteobrasil.com.br\/news\/wp-content\/uploads\/2023\/10\/222Pantanal-o-maior-ecossistema-do-estado-Foto-Alicia-yo-Licenca-cc-by-sa-3-0.jpg?fit=900%2C301&ssl=1&resize=525%2C300 1.5x, https:\/\/i0.wp.com\/www.visiteobrasil.com.br\/news\/wp-content\/uploads\/2023\/10\/222Pantanal-o-maior-ecossistema-do-estado-Foto-Alicia-yo-Licenca-cc-by-sa-3-0.jpg?fit=900%2C301&ssl=1&resize=700%2C400 2x"},"classes":[]},{"id":4755,"url":"https:\/\/www.visiteobrasil.com.br\/news\/mato-grosso-do-sul\/","url_meta":{"origin":4752,"position":1},"title":"Mato Grosso do Sul","author":"Ramon","date":"11 de outubro de 2023","format":false,"excerpt":"Previous Next O estado de Mato Grosso do Sul, localizado na Regi\u00e3o Centro-Oeste do Brasil, \u00e9 um tesouro de riqueza natural e biodiversidade. Com paisagens diversas que v\u00e3o desde o Pantanal, a maior plan\u00edcie alagada do mundo, at\u00e9 o Cerrado e as serras, Mato Grosso do Sul \u00e9 um para\u00edso\u2026","rel":"","context":"Post similar","block_context":{"text":"Post similar","link":""},"img":{"alt_text":"Cidade de Bonito - Lagoas com peixes coloridos - Mato Grosso do Sul","src":"https:\/\/i0.wp.com\/www.visiteobrasil.com.br\/news\/wp-content\/uploads\/2023\/10\/Bonito-acidadeeconhecidapelosseusriosdeaguascristalinas-foto-leonardodasilvalicenca-cc-by-sa-30gr.jpg?fit=850%2C300&ssl=1&resize=350%2C200","width":350,"height":200,"srcset":"https:\/\/i0.wp.com\/www.visiteobrasil.com.br\/news\/wp-content\/uploads\/2023\/10\/Bonito-acidadeeconhecidapelosseusriosdeaguascristalinas-foto-leonardodasilvalicenca-cc-by-sa-30gr.jpg?fit=850%2C300&ssl=1&resize=350%2C200 1x, https:\/\/i0.wp.com\/www.visiteobrasil.com.br\/news\/wp-content\/uploads\/2023\/10\/Bonito-acidadeeconhecidapelosseusriosdeaguascristalinas-foto-leonardodasilvalicenca-cc-by-sa-30gr.jpg?fit=850%2C300&ssl=1&resize=525%2C300 1.5x, https:\/\/i0.wp.com\/www.visiteobrasil.com.br\/news\/wp-content\/uploads\/2023\/10\/Bonito-acidadeeconhecidapelosseusriosdeaguascristalinas-foto-leonardodasilvalicenca-cc-by-sa-30gr.jpg?fit=850%2C300&ssl=1&resize=700%2C400 2x"},"classes":[]},{"id":4615,"url":"https:\/\/www.visiteobrasil.com.br\/news\/parana\/","url_meta":{"origin":4752,"position":2},"title":"Paran\u00e1","author":"Ramon","date":"11 de outubro de 2023","format":false,"excerpt":"Previous Next O estado do Paran\u00e1, localizado na Regi\u00e3o Sul do Brasil, \u00e9 marcado por sua not\u00e1vel diversidade geogr\u00e1fica. Suas paisagens variam desde a exuberante Mata Atl\u00e2ntica no litoral at\u00e9 as extensas plan\u00edcies do interior e as majestosas serras na regi\u00e3o sul. Al\u00e9m disso, o Paran\u00e1 abriga o maior conjunto\u2026","rel":"","context":"Post similar","block_context":{"text":"Post similar","link":""},"img":{"alt_text":"Paran\u00e1-Ponta Grossa-Parque Estadual de Vila Velha - Foto Fumtur","src":"https:\/\/i0.wp.com\/www.visiteobrasil.com.br\/news\/wp-content\/uploads\/2023\/10\/Ponta-Grossa-Parque-Estadual-de-Vila-Velha-Foto-Fumtur.jpg?fit=900%2C300&ssl=1&resize=350%2C200","width":350,"height":200,"srcset":"https:\/\/i0.wp.com\/www.visiteobrasil.com.br\/news\/wp-content\/uploads\/2023\/10\/Ponta-Grossa-Parque-Estadual-de-Vila-Velha-Foto-Fumtur.jpg?fit=900%2C300&ssl=1&resize=350%2C200 1x, https:\/\/i0.wp.com\/www.visiteobrasil.com.br\/news\/wp-content\/uploads\/2023\/10\/Ponta-Grossa-Parque-Estadual-de-Vila-Velha-Foto-Fumtur.jpg?fit=900%2C300&ssl=1&resize=525%2C300 1.5x, https:\/\/i0.wp.com\/www.visiteobrasil.com.br\/news\/wp-content\/uploads\/2023\/10\/Ponta-Grossa-Parque-Estadual-de-Vila-Velha-Foto-Fumtur.jpg?fit=900%2C300&ssl=1&resize=700%2C400 2x"},"classes":[]},{"id":993,"url":"https:\/\/www.visiteobrasil.com.br\/news\/","url_meta":{"origin":4752,"position":3},"title":"Home","author":"admin","date":"14 de mar\u00e7o de 2019","format":false,"excerpt":"Fique por dentro das informa\u00e7\u00f5es atualizadas sobre turismo e cultura em nossa news\u00a0Visite o Brasil.\u00a0\u00a0 Em destaque Mat\u00e9rias especiais Outras","rel":"","context":"Post similar","block_context":{"text":"Post similar","link":""},"img":{"alt_text":"","src":"","width":0,"height":0},"classes":[]},{"id":4618,"url":"https:\/\/www.visiteobrasil.com.br\/news\/santa-catarina\/","url_meta":{"origin":4752,"position":4},"title":"Santa Catarina","author":"Ramon","date":"11 de outubro de 2023","format":false,"excerpt":"Previous Next Santa Catarina, situado na Regi\u00e3o Sul do Brasil, \u00e9 um estado que se destaca pela sua variada geografia e pelas deslumbrantes belezas naturais. Do litoral atl\u00e2ntico com suas praias paradis\u00edacas, como Florian\u00f3polis e Balne\u00e1rio Cambori\u00fa, at\u00e9 as regi\u00f5es serranas, como a famosa cidade de Blumenau, a paisagem catarinense\u2026","rel":"","context":"Post similar","block_context":{"text":"Post similar","link":""},"img":{"alt_text":"Santa Catarina- Praia do Rosa - Ibituba-sc","src":"https:\/\/i0.wp.com\/www.visiteobrasil.com.br\/news\/wp-content\/uploads\/2023\/10\/Praia-do-Rosa-Foto-Claudio-Lima-Setur-Imbituba.jpg?fit=900%2C301&ssl=1&resize=350%2C200","width":350,"height":200,"srcset":"https:\/\/i0.wp.com\/www.visiteobrasil.com.br\/news\/wp-content\/uploads\/2023\/10\/Praia-do-Rosa-Foto-Claudio-Lima-Setur-Imbituba.jpg?fit=900%2C301&ssl=1&resize=350%2C200 1x, https:\/\/i0.wp.com\/www.visiteobrasil.com.br\/news\/wp-content\/uploads\/2023\/10\/Praia-do-Rosa-Foto-Claudio-Lima-Setur-Imbituba.jpg?fit=900%2C301&ssl=1&resize=525%2C300 1.5x, https:\/\/i0.wp.com\/www.visiteobrasil.com.br\/news\/wp-content\/uploads\/2023\/10\/Praia-do-Rosa-Foto-Claudio-Lima-Setur-Imbituba.jpg?fit=900%2C301&ssl=1&resize=700%2C400 2x"},"classes":[]},{"id":4621,"url":"https:\/\/www.visiteobrasil.com.br\/news\/rio-grande-do-sul\/","url_meta":{"origin":4752,"position":5},"title":"Rio Grande do Sul","author":"Ramon","date":"11 de outubro de 2023","format":false,"excerpt":"Previous Next O estado do Rio Grande do Sul, localizado na Regi\u00e3o Sul do Brasil, \u00e9 uma terra de tradi\u00e7\u00e3o ga\u00facha, cultura rica e paisagens estonteantes. Conhecido por seu estilo de vida rural e orgulho de suas ra\u00edzes, o Rio Grande do Sul \u00e9 o lar das famosas est\u00e2ncias e\u2026","rel":"","context":"Post similar","block_context":{"text":"Post similar","link":""},"img":{"alt_text":"Rio Grande do Sul - Maria Fuma\u00e7a na Esta\u00e7\u00e3o Ferrovi\u00e1ria de Bento Gon\u00e7alves-RS","src":"https:\/\/i0.wp.com\/www.visiteobrasil.com.br\/news\/wp-content\/uploads\/2023\/10\/Maria-Fumaca-Estacao-Ferroviaria-Bento-Goncalves-Foto-Vanius-Turismo.jpg?fit=900%2C300&ssl=1&resize=350%2C200","width":350,"height":200,"srcset":"https:\/\/i0.wp.com\/www.visiteobrasil.com.br\/news\/wp-content\/uploads\/2023\/10\/Maria-Fumaca-Estacao-Ferroviaria-Bento-Goncalves-Foto-Vanius-Turismo.jpg?fit=900%2C300&ssl=1&resize=350%2C200 1x, https:\/\/i0.wp.com\/www.visiteobrasil.com.br\/news\/wp-content\/uploads\/2023\/10\/Maria-Fumaca-Estacao-Ferroviaria-Bento-Goncalves-Foto-Vanius-Turismo.jpg?fit=900%2C300&ssl=1&resize=525%2C300 1.5x, https:\/\/i0.wp.com\/www.visiteobrasil.com.br\/news\/wp-content\/uploads\/2023\/10\/Maria-Fumaca-Estacao-Ferroviaria-Bento-Goncalves-Foto-Vanius-Turismo.jpg?fit=900%2C300&ssl=1&resize=700%2C400 2x"},"classes":[]}],"jetpack_sharing_enabled":true,"jetpack_likes_enabled":true,"_links":{"self":[{"href":"https:\/\/www.visiteobrasil.com.br\/news\/wp-json\/wp\/v2\/pages\/4752","targetHints":{"allow":["GET"]}}],"collection":[{"href":"https:\/\/www.visiteobrasil.com.br\/news\/wp-json\/wp\/v2\/pages"}],"about":[{"href":"https:\/\/www.visiteobrasil.com.br\/news\/wp-json\/wp\/v2\/types\/page"}],"author":[{"embeddable":true,"href":"https:\/\/www.visiteobrasil.com.br\/news\/wp-json\/wp\/v2\/users\/2"}],"replies":[{"embeddable":true,"href":"https:\/\/www.visiteobrasil.com.br\/news\/wp-json\/wp\/v2\/comments?post=4752"}],"version-history":[{"count":4,"href":"https:\/\/www.visiteobrasil.com.br\/news\/wp-json\/wp\/v2\/pages\/4752\/revisions"}],"predecessor-version":[{"id":6315,"href":"https:\/\/www.visiteobrasil.com.br\/news\/wp-json\/wp\/v2\/pages\/4752\/revisions\/6315"}],"wp:featuredmedia":[{"embeddable":true,"href":"https:\/\/www.visiteobrasil.com.br\/news\/wp-json\/wp\/v2\/media\/4753"}],"wp:attachment":[{"href":"https:\/\/www.visiteobrasil.com.br\/news\/wp-json\/wp\/v2\/media?parent=4752"}],"curies":[{"name":"wp","href":"https:\/\/api.w.org\/{rel}","templated":true}]}}