{"id":4746,"date":"2023-10-11T22:37:06","date_gmt":"2023-10-12T01:37:06","guid":{"rendered":"https:\/\/www.visiteobrasil.com.br\/news\/?page_id=4746"},"modified":"2023-12-01T13:57:24","modified_gmt":"2023-12-01T16:57:24","slug":"distrito-federal","status":"publish","type":"page","link":"https:\/\/www.visiteobrasil.com.br\/news\/distrito-federal\/","title":{"rendered":"Distrito Federal"},"content":{"rendered":"\t\t<div data-elementor-type=\"wp-page\" data-elementor-id=\"4746\" class=\"elementor elementor-4746\" data-elementor-post-type=\"page\">\n\t\t\t\t\t\t<section class=\"elementor-section elementor-top-section elementor-element elementor-element-e289e0b elementor-section-boxed elementor-section-height-default elementor-section-height-default\" data-id=\"e289e0b\" data-element_type=\"section\">\n\t\t\t\t\t\t<div class=\"elementor-container elementor-column-gap-default\">\n\t\t\t\t\t<div class=\"elementor-column elementor-col-100 elementor-top-column elementor-element elementor-element-2d74a0c\" data-id=\"2d74a0c\" data-element_type=\"column\">\n\t\t\t<div class=\"elementor-widget-wrap elementor-element-populated\">\n\t\t\t\t\t\t<div class=\"elementor-element elementor-element-8b95df4 elementor-skin-coverflow elementor-arrows-yes elementor-pagination-type-bullets elementor-pagination-position-outside elementor-widget elementor-widget-media-carousel\" data-id=\"8b95df4\" data-element_type=\"widget\" data-settings=\"{&quot;skin&quot;:&quot;coverflow&quot;,&quot;autoplay_speed&quot;:3000,&quot;show_arrows&quot;:&quot;yes&quot;,&quot;pagination&quot;:&quot;bullets&quot;,&quot;speed&quot;:500,&quot;autoplay&quot;:&quot;yes&quot;,&quot;loop&quot;:&quot;yes&quot;,&quot;pause_on_hover&quot;:&quot;yes&quot;,&quot;pause_on_interaction&quot;:&quot;yes&quot;,&quot;space_between&quot;:{&quot;unit&quot;:&quot;px&quot;,&quot;size&quot;:10,&quot;sizes&quot;:[]},&quot;space_between_tablet&quot;:{&quot;unit&quot;:&quot;px&quot;,&quot;size&quot;:10,&quot;sizes&quot;:[]},&quot;space_between_mobile&quot;:{&quot;unit&quot;:&quot;px&quot;,&quot;size&quot;:10,&quot;sizes&quot;:[]}}\" data-widget_type=\"media-carousel.default\">\n\t\t\t\t<div class=\"elementor-widget-container\">\n\t\t\t<link rel=\"stylesheet\" href=\"https:\/\/www.visiteobrasil.com.br\/news\/wp-content\/plugins\/pro-elements\/assets\/css\/widget-carousel.min.css?ver=1725798641\">\t\t<div class=\"elementor-swiper\">\n\t\t\t<div class=\"elementor-main-swiper swiper\">\n\t\t\t\t<div class=\"swiper-wrapper\">\n\t\t\t\t\t\t\t\t\t\t\t<div class=\"swiper-slide\">\n\t\t\t\t\t\t\t\t\t<div class=\"elementor-carousel-image\" role=\"img\" aria-label=\"Brasilia - Pal\u00e1cio da Alvorada \u00e0 noite\" style=\"background-image: url(&#039;https:\/\/i0.wp.com\/www.visiteobrasil.com.br\/news\/wp-content\/uploads\/2023\/10\/brasilia-palaciodaalvoradaanoite-foto-thum-fel-licenca-gfdlgr.jpg?fit=850%2C300&amp;ssl=1&#039;)\">\n\n\t\t\t\n\t\t\t\t\t<\/div>\n\t\t\t\t\t\t\t\t<\/div>\n\t\t\t\t\t\t\t\t\t\t\t<div class=\"swiper-slide\">\n\t\t\t\t\t\t\t\t\t<div class=\"elementor-carousel-image\" role=\"img\" aria-label=\"Distrito Federal - Pal\u00e1cio do Itamaraty \u00e0 noite\" style=\"background-image: url(&#039;https:\/\/i0.wp.com\/www.visiteobrasil.com.br\/news\/wp-content\/uploads\/2023\/10\/brasilia-palaciodoitamaraty-foto-xenia-antunes-licenca-cc-by-sa-20gr.jpg?fit=850%2C298&amp;ssl=1&#039;)\">\n\n\t\t\t\n\t\t\t\t\t<\/div>\n\t\t\t\t\t\t\t\t<\/div>\n\t\t\t\t\t\t\t\t\t\t\t<div class=\"swiper-slide\">\n\t\t\t\t\t\t\t\t\t<div class=\"elementor-carousel-image\" role=\"img\" aria-label=\"Distrito Federal - Catedral Bas\u00edlica de Brasilia\" style=\"background-image: url(&#039;https:\/\/i0.wp.com\/www.visiteobrasil.com.br\/news\/wp-content\/uploads\/2023\/10\/brasilia-catedralbasilica-foto-victorsoares-abrlicenca-cc-by-sa-30gr.jpg?fit=850%2C301&amp;ssl=1&#039;)\">\n\n\t\t\t\n\t\t\t\t\t<\/div>\n\t\t\t\t\t\t\t\t<\/div>\n\t\t\t\t\t\t\t\t\t\t\t<div class=\"swiper-slide\">\n\t\t\t\t\t\t\t\t\t<div class=\"elementor-carousel-image\" role=\"img\" aria-label=\"Distrito Federal - Catedral Bas\u00edlica de Brasilia \u00e0 noite\" style=\"background-image: url(&#039;https:\/\/i0.wp.com\/www.visiteobrasil.com.br\/news\/wp-content\/uploads\/2023\/10\/brasilia-vistanoturnadacatedralmetropolitanadebasilia-foto-shumy26-licenca-cc-by-sa-40gr.jpg?fit=850%2C300&amp;ssl=1&#039;)\">\n\n\t\t\t\n\t\t\t\t\t<\/div>\n\t\t\t\t\t\t\t\t<\/div>\n\t\t\t\t\t\t\t\t\t\t\t<div class=\"swiper-slide\">\n\t\t\t\t\t\t\t\t\t<div class=\"elementor-carousel-image\" role=\"img\" aria-label=\"Distrito Federal - Vista a\u00e9rea do eixo monumental de Bras\u00edlia\" style=\"background-image: url(&#039;https:\/\/i0.wp.com\/www.visiteobrasil.com.br\/news\/wp-content\/uploads\/2023\/10\/brasilia-vistaaereadoeixomonumentaldebrasilia-foto-portaldacopalicenca-cc-by-sa-30gr.jpg?fit=850%2C300&amp;ssl=1&#039;)\">\n\n\t\t\t\n\t\t\t\t\t<\/div>\n\t\t\t\t\t\t\t\t<\/div>\n\t\t\t\t\t\t\t\t\t<\/div>\n\t\t\t\t\t\t\t\t\t\t\t\t\t\t\t<div class=\"swiper-pagination\"><\/div>\n\t\t\t\t\t\t\t\t\t\t\t\t\t\t\t\t<div class=\"elementor-swiper-button elementor-swiper-button-prev\" role=\"button\" tabindex=\"0\">\n\t\t\t\t\t\t\t<svg aria-hidden=\"true\" class=\"e-font-icon-svg e-eicon-chevron-left\" viewBox=\"0 0 1000 1000\" xmlns=\"http:\/\/www.w3.org\/2000\/svg\"><path d=\"M646 125C629 125 613 133 604 142L308 442C296 454 292 471 292 487 292 504 296 521 308 533L604 854C617 867 629 875 646 875 663 875 679 871 692 858 704 846 713 829 713 812 713 796 708 779 692 767L438 487 692 225C700 217 708 204 708 187 708 171 704 154 692 142 675 129 663 125 646 125Z\"><\/path><\/svg>\t\t\t\t\t\t\t<span class=\"elementor-screen-only\">Previous<\/span>\n\t\t\t\t\t\t<\/div>\n\t\t\t\t\t\t<div class=\"elementor-swiper-button elementor-swiper-button-next\" role=\"button\" tabindex=\"0\">\n\t\t\t\t\t\t\t<svg aria-hidden=\"true\" class=\"e-font-icon-svg e-eicon-chevron-right\" viewBox=\"0 0 1000 1000\" xmlns=\"http:\/\/www.w3.org\/2000\/svg\"><path d=\"M696 533C708 521 713 504 713 487 713 471 708 454 696 446L400 146C388 133 375 125 354 125 338 125 325 129 313 142 300 154 292 171 292 187 292 204 296 221 308 233L563 492 304 771C292 783 288 800 288 817 288 833 296 850 308 863 321 871 338 875 354 875 371 875 388 867 400 854L696 533Z\"><\/path><\/svg>\t\t\t\t\t\t\t<span class=\"elementor-screen-only\">Next<\/span>\n\t\t\t\t\t\t<\/div>\n\t\t\t\t\t\t\t\t\t\t\t\t<\/div>\n\t\t<\/div>\n\t\t\t\t<\/div>\n\t\t\t\t<\/div>\n\t\t\t\t\t<\/div>\n\t\t<\/div>\n\t\t\t\t\t<\/div>\n\t\t<\/section>\n\t\t\t\t<section class=\"elementor-section elementor-top-section elementor-element elementor-element-27c38236 elementor-section-boxed elementor-section-height-default elementor-section-height-default\" data-id=\"27c38236\" data-element_type=\"section\">\n\t\t\t\t\t\t<div class=\"elementor-container elementor-column-gap-default\">\n\t\t\t\t\t<div class=\"elementor-column elementor-col-100 elementor-top-column elementor-element elementor-element-3d5ea13\" data-id=\"3d5ea13\" data-element_type=\"column\">\n\t\t\t<div class=\"elementor-widget-wrap elementor-element-populated\">\n\t\t\t\t\t\t<div class=\"elementor-element elementor-element-39f8c603 elementor-drop-cap-yes elementor-drop-cap-view-default elementor-widget elementor-widget-text-editor\" data-id=\"39f8c603\" data-element_type=\"widget\" data-settings=\"{&quot;drop_cap&quot;:&quot;yes&quot;}\" data-widget_type=\"text-editor.default\">\n\t\t\t\t<div class=\"elementor-widget-container\">\n\t\t\t<style>\/*! elementor - v3.23.0 - 05-08-2024 *\/\n.elementor-widget-text-editor.elementor-drop-cap-view-stacked .elementor-drop-cap{background-color:#69727d;color:#fff}.elementor-widget-text-editor.elementor-drop-cap-view-framed .elementor-drop-cap{color:#69727d;border:3px solid;background-color:transparent}.elementor-widget-text-editor:not(.elementor-drop-cap-view-default) .elementor-drop-cap{margin-top:8px}.elementor-widget-text-editor:not(.elementor-drop-cap-view-default) .elementor-drop-cap-letter{width:1em;height:1em}.elementor-widget-text-editor .elementor-drop-cap{float:left;text-align:center;line-height:1;font-size:50px}.elementor-widget-text-editor .elementor-drop-cap-letter{display:inline-block}<\/style>\t\t\t\t<p>O Distrito Federal do Brasil \u00e9 uma unidade federativa \u00fanica no pa\u00eds, pois n\u00e3o possui munic\u00edpios, sendo composto principalmente pela cidade de Bras\u00edlia, a capital do pa\u00eds. Sede do governo federal, o Distrito Federal \u00e9 o epicentro do poder pol\u00edtico e administrativo do Brasil. <a href=\"https:\/\/www.visiteobrasil.com.br\/centro-oeste\/distrito-federal\/capital\/brasilia\">Bras\u00edlia<\/a> foi projetada pelo renomado arquiteto Oscar Niemeyer e urbanista L\u00facio Costa, e \u00e9 famosa por sua arquitetura modernista e monumentos ic\u00f4nicos, como o Pal\u00e1cio do Planalto e o Congresso Nacional. Al\u00e9m disso, a cidade abriga o Pal\u00e1cio da Alvorada, a resid\u00eancia oficial do presidente, e o Supremo Tribunal Federal. A visita a esses monumentos e edif\u00edcios governamentais oferece uma vis\u00e3o fascinante da pol\u00edtica e da hist\u00f3ria do Brasil.<\/p>\n<h2><strong>Distrito Federal: Cultura e Diversidade no Cerrado<\/strong><\/h2>\n<p>Apesar de sua associa\u00e7\u00e3o com o governo federal, o <a href=\"https:\/\/pt.wikipedia.org\/wiki\/Distrito_Federal_(Brasil)\" target=\"_blank\" rel=\"noopener\">Distrito Federal<\/a> tamb\u00e9m possui uma rica cultura e diversidade. A cidade de Bras\u00edlia abriga uma popula\u00e7\u00e3o cosmopolita de pessoas de todo o Brasil, criando uma mistura de culturas, culin\u00e1rias e festivais. Al\u00e9m disso, o cerrado, o bioma predominante na regi\u00e3o, oferece oportunidades para atividades ao ar livre, como caminhadas e observa\u00e7\u00e3o de aves, nas \u00e1reas de preserva\u00e7\u00e3o ambiental. O Distrito Federal representa a fus\u00e3o \u00fanica de pol\u00edtica, cultura e natureza no&nbsp;<a href=\"https:\/\/visiteobrasil.com.br\/centro-oeste\/distrito-federal\" target=\"_blank\">cora\u00e7\u00e3o do Brasil<\/a>.<\/p>\t\t\t\t\t\t<\/div>\n\t\t\t\t<\/div>\n\t\t\t\t\t<\/div>\n\t\t<\/div>\n\t\t\t\t\t<\/div>\n\t\t<\/section>\n\t\t<div class=\"elementor-element elementor-element-bd0edfa e-flex e-con-boxed e-con e-parent\" data-id=\"bd0edfa\" data-element_type=\"container\">\n\t\t\t\t\t<div class=\"e-con-inner\">\n\t\t<div class=\"elementor-element elementor-element-702d983 e-con-full e-flex e-con e-child\" data-id=\"702d983\" data-element_type=\"container\">\n\t\t\t\t<\/div>\n\t\t<div class=\"elementor-element elementor-element-2bddb7c e-con-full e-flex e-con e-child\" data-id=\"2bddb7c\" data-element_type=\"container\">\n\t\t\t\t<div class=\"elementor-element elementor-element-c6d1613 elementor-widget elementor-widget-eael-creative-button\" data-id=\"c6d1613\" data-element_type=\"widget\" data-widget_type=\"eael-creative-button.default\">\n\t\t\t\t<div class=\"elementor-widget-container\">\n\t\t\t        <div class=\"eael-creative-button-wrapper\">\n\n            <a class=\"eael-creative-button eael-creative-button--winona\" href=\"https:\/\/visiteobrasil.com.br\/centro-oeste\/distrito-federal\" data-text=\"Veja\">\n            \t    \n                <div class=\"creative-button-inner\">\n\n                    \n                    <span class=\"cretive-button-text\">Destinos tur\u00edsticos do Distrito Federal<\/span>\n\n                                    <\/div>\n\t                        <\/a>\n        <\/div>\n        \t\t<\/div>\n\t\t\t\t<\/div>\n\t\t\t\t<\/div>\n\t\t<div class=\"elementor-element elementor-element-20d4299 e-con-full e-flex e-con e-child\" data-id=\"20d4299\" data-element_type=\"container\">\n\t\t\t\t<\/div>\n\t\t\t\t\t<\/div>\n\t\t\t\t<\/div>\n\t\t\t\t<\/div>\n\t\t","protected":false},"excerpt":{"rendered":"<p>Previous Next O Distrito Federal do Brasil \u00e9 uma unidade federativa \u00fanica no pa\u00eds, pois n\u00e3o possui munic\u00edpios, sendo composto principalmente pela cidade de Bras\u00edlia, a capital do pa\u00eds. Sede do governo federal, o Distrito Federal \u00e9 o epicentro do poder pol\u00edtico e administrativo do Brasil. Bras\u00edlia foi projetada pelo renomado arquiteto Oscar Niemeyer e [&hellip;]<\/p>\n","protected":false},"author":2,"featured_media":4747,"parent":0,"menu_order":0,"comment_status":"closed","ping_status":"closed","template":"","meta":{"footnotes":""},"class_list":["post-4746","page","type-page","status-publish","has-post-thumbnail","hentry"],"jetpack-related-posts":[{"id":4598,"url":"https:\/\/www.visiteobrasil.com.br\/news\/regiao-centro-oeste\/","url_meta":{"origin":4746,"position":0},"title":"Regi\u00e3o Centro-Oeste","author":"Ramon","date":"11 de outubro de 2023","format":false,"excerpt":"Previous Next A Regi\u00e3o Centro-Oeste do Brasil \u00e9 um territ\u00f3rio de extrema import\u00e2ncia geogr\u00e1fica e econ\u00f4mica no pa\u00eds. Composta pelos estados de Goi\u00e1s, Mato Grosso, Mato Grosso do Sul e Distrito Federal, essa regi\u00e3o se destaca por sua diversidade de paisagens, que v\u00e3o desde o Pantanal, a maior plan\u00edcie alag\u00e1vel\u2026","rel":"","context":"Post similar","block_context":{"text":"Post similar","link":""},"img":{"alt_text":"Regi\u00e3o Centro-oeste - Pantanal","src":"https:\/\/i0.wp.com\/www.visiteobrasil.com.br\/news\/wp-content\/uploads\/2023\/10\/222Pantanal-o-maior-ecossistema-do-estado-Foto-Alicia-yo-Licenca-cc-by-sa-3-0.jpg?fit=900%2C301&ssl=1&resize=350%2C200","width":350,"height":200,"srcset":"https:\/\/i0.wp.com\/www.visiteobrasil.com.br\/news\/wp-content\/uploads\/2023\/10\/222Pantanal-o-maior-ecossistema-do-estado-Foto-Alicia-yo-Licenca-cc-by-sa-3-0.jpg?fit=900%2C301&ssl=1&resize=350%2C200 1x, https:\/\/i0.wp.com\/www.visiteobrasil.com.br\/news\/wp-content\/uploads\/2023\/10\/222Pantanal-o-maior-ecossistema-do-estado-Foto-Alicia-yo-Licenca-cc-by-sa-3-0.jpg?fit=900%2C301&ssl=1&resize=525%2C300 1.5x, https:\/\/i0.wp.com\/www.visiteobrasil.com.br\/news\/wp-content\/uploads\/2023\/10\/222Pantanal-o-maior-ecossistema-do-estado-Foto-Alicia-yo-Licenca-cc-by-sa-3-0.jpg?fit=900%2C301&ssl=1&resize=700%2C400 2x"},"classes":[]},{"id":4854,"url":"https:\/\/www.visiteobrasil.com.br\/news\/bahia\/","url_meta":{"origin":4746,"position":1},"title":"Bahia","author":"Ramon","date":"12 de outubro de 2023","format":false,"excerpt":"Previous Next O estado da Bahia, localizado na Regi\u00e3o Nordeste do Brasil, \u00e9 um dos destinos mais culturalmente ricos e diversificados do pa\u00eds. Conhecida por sua heran\u00e7a afro-brasileira, a Bahia abriga uma mistura de culturas e tradi\u00e7\u00f5es que s\u00e3o resultado da influ\u00eancia dos povos africanos, ind\u00edgenas e europeus. Salvador, a\u2026","rel":"","context":"Post similar","block_context":{"text":"Post similar","link":""},"img":{"alt_text":"Salvador - Bahia - Por do sol no farol da barra.","src":"https:\/\/i0.wp.com\/www.visiteobrasil.com.br\/news\/wp-content\/uploads\/2023\/10\/Salvador-Bahia-final-de-tarde-no-farol-da-barra-foto-jota-freitas-seturgr.jpg?fit=850%2C301&ssl=1&resize=350%2C200","width":350,"height":200,"srcset":"https:\/\/i0.wp.com\/www.visiteobrasil.com.br\/news\/wp-content\/uploads\/2023\/10\/Salvador-Bahia-final-de-tarde-no-farol-da-barra-foto-jota-freitas-seturgr.jpg?fit=850%2C301&ssl=1&resize=350%2C200 1x, https:\/\/i0.wp.com\/www.visiteobrasil.com.br\/news\/wp-content\/uploads\/2023\/10\/Salvador-Bahia-final-de-tarde-no-farol-da-barra-foto-jota-freitas-seturgr.jpg?fit=850%2C301&ssl=1&resize=525%2C300 1.5x, https:\/\/i0.wp.com\/www.visiteobrasil.com.br\/news\/wp-content\/uploads\/2023\/10\/Salvador-Bahia-final-de-tarde-no-farol-da-barra-foto-jota-freitas-seturgr.jpg?fit=850%2C301&ssl=1&resize=700%2C400 2x"},"classes":[]},{"id":4601,"url":"https:\/\/www.visiteobrasil.com.br\/news\/regiao-sudeste\/","url_meta":{"origin":4746,"position":2},"title":"Regi\u00e3o Sudeste","author":"Ramon","date":"11 de outubro de 2023","format":false,"excerpt":"Previous Next A Regi\u00e3o Sudeste do Brasil, composta pelos estados de S\u00e3o Paulo, Rio de Janeiro, Minas Gerais e Esp\u00edrito Santo, \u00e9 o motor econ\u00f4mico do pa\u00eds. Sendo a regi\u00e3o mais industrializada e urbanizada do Brasil, o Sudeste \u00e9 o epicentro das atividades financeiras, industriais e tecnol\u00f3gicas. S\u00e3o Paulo, a\u2026","rel":"","context":"Post similar","block_context":{"text":"Post similar","link":""},"img":{"alt_text":"Regi\u00e3o Sudeste - Museu da Inconfid\u00eancia Mineira","src":"https:\/\/i0.wp.com\/www.visiteobrasil.com.br\/news\/wp-content\/uploads\/2023\/10\/Museu-da-Inconfidencia-Foto-Valter-Campanato-abr-Licenca-cc-by-sa-3-0.jpg?fit=900%2C303&ssl=1&resize=350%2C200","width":350,"height":200,"srcset":"https:\/\/i0.wp.com\/www.visiteobrasil.com.br\/news\/wp-content\/uploads\/2023\/10\/Museu-da-Inconfidencia-Foto-Valter-Campanato-abr-Licenca-cc-by-sa-3-0.jpg?fit=900%2C303&ssl=1&resize=350%2C200 1x, https:\/\/i0.wp.com\/www.visiteobrasil.com.br\/news\/wp-content\/uploads\/2023\/10\/Museu-da-Inconfidencia-Foto-Valter-Campanato-abr-Licenca-cc-by-sa-3-0.jpg?fit=900%2C303&ssl=1&resize=525%2C300 1.5x, https:\/\/i0.wp.com\/www.visiteobrasil.com.br\/news\/wp-content\/uploads\/2023\/10\/Museu-da-Inconfidencia-Foto-Valter-Campanato-abr-Licenca-cc-by-sa-3-0.jpg?fit=900%2C303&ssl=1&resize=700%2C400 2x"},"classes":[]},{"id":4595,"url":"https:\/\/www.visiteobrasil.com.br\/news\/regiao-nordeste\/","url_meta":{"origin":4746,"position":3},"title":"Regi\u00e3o Nordeste","author":"Ramon","date":"11 de outubro de 2023","format":false,"excerpt":"Previous Next O Nordeste\u00a0do Brasil \u00e9 uma regi\u00e3o de extrema diversidade geogr\u00e1fica, abrangendo desde as deslumbrantes praias tropicais at\u00e9 o \u00e1rido sert\u00e3o. Essa variedade de paisagens proporciona uma experi\u00eancia \u00fanica aos visitantes, permitindo que eles explorem desde o litoral paradis\u00edaco com \u00e1guas mornas e coqueiros at\u00e9 as paisagens r\u00fasticas e\u2026","rel":"","context":"Post similar","block_context":{"text":"Post similar","link":""},"img":{"alt_text":"Regi\u00e3o Nordeste - Morro de S\u00e3o Paulo-Bahia","src":"https:\/\/i0.wp.com\/www.visiteobrasil.com.br\/news\/wp-content\/uploads\/2023\/10\/Morro-de-Sao-Paulo-Foto-Rita-Barreto-Setur-Ba.jpg?fit=900%2C303&ssl=1&resize=350%2C200","width":350,"height":200,"srcset":"https:\/\/i0.wp.com\/www.visiteobrasil.com.br\/news\/wp-content\/uploads\/2023\/10\/Morro-de-Sao-Paulo-Foto-Rita-Barreto-Setur-Ba.jpg?fit=900%2C303&ssl=1&resize=350%2C200 1x, https:\/\/i0.wp.com\/www.visiteobrasil.com.br\/news\/wp-content\/uploads\/2023\/10\/Morro-de-Sao-Paulo-Foto-Rita-Barreto-Setur-Ba.jpg?fit=900%2C303&ssl=1&resize=525%2C300 1.5x, https:\/\/i0.wp.com\/www.visiteobrasil.com.br\/news\/wp-content\/uploads\/2023\/10\/Morro-de-Sao-Paulo-Foto-Rita-Barreto-Setur-Ba.jpg?fit=900%2C303&ssl=1&resize=700%2C400 2x"},"classes":[]},{"id":4720,"url":"https:\/\/www.visiteobrasil.com.br\/news\/minas-gerais\/","url_meta":{"origin":4746,"position":4},"title":"Minas Gerais","author":"Ramon","date":"11 de outubro de 2023","format":false,"excerpt":"Previous Next O estado de Minas Gerais, situado na Regi\u00e3o Sudeste do Brasil, \u00e9 um lugar de hist\u00f3ria rica e patrim\u00f4nio cultural exuberante. Conhecido por ser o cora\u00e7\u00e3o do ciclo do ouro no Brasil colonial, Minas Gerais abriga cidades hist\u00f3ricas magn\u00edficas, como Ouro Preto, Tiradentes e Diamantina, que s\u00e3o Patrim\u00f4nio\u2026","rel":"","context":"Post similar","block_context":{"text":"Post similar","link":""},"img":{"alt_text":"Minas Gerais - Maria fuma\u00e7a em Tiradentes","src":"https:\/\/i0.wp.com\/www.visiteobrasil.com.br\/news\/wp-content\/uploads\/2023\/10\/maria-fumaca-tiradentes-credito-acervo-setur-mg-sergio-mouraogr.jpg?fit=850%2C300&ssl=1&resize=350%2C200","width":350,"height":200,"srcset":"https:\/\/i0.wp.com\/www.visiteobrasil.com.br\/news\/wp-content\/uploads\/2023\/10\/maria-fumaca-tiradentes-credito-acervo-setur-mg-sergio-mouraogr.jpg?fit=850%2C300&ssl=1&resize=350%2C200 1x, https:\/\/i0.wp.com\/www.visiteobrasil.com.br\/news\/wp-content\/uploads\/2023\/10\/maria-fumaca-tiradentes-credito-acervo-setur-mg-sergio-mouraogr.jpg?fit=850%2C300&ssl=1&resize=525%2C300 1.5x, https:\/\/i0.wp.com\/www.visiteobrasil.com.br\/news\/wp-content\/uploads\/2023\/10\/maria-fumaca-tiradentes-credito-acervo-setur-mg-sergio-mouraogr.jpg?fit=850%2C300&ssl=1&resize=700%2C400 2x"},"classes":[]},{"id":4900,"url":"https:\/\/www.visiteobrasil.com.br\/news\/tocantins\/","url_meta":{"origin":4746,"position":5},"title":"Tocantins","author":"Ramon","date":"12 de outubro de 2023","format":false,"excerpt":"Previous Next O estado de Tocantins, localizado na Regi\u00e3o Norte do Brasil, \u00e9 um destino que se destaca por suas vastas \u00e1reas de natureza intocada e oportunidades de ecoturismo. O Parque Estadual do Jalap\u00e3o, uma das principais atra\u00e7\u00f5es do estado, oferece paisagens deslumbrantes com dunas de areia dourada, cachoeiras, rios\u2026","rel":"","context":"Post similar","block_context":{"text":"Post similar","link":""},"img":{"alt_text":"Tocantins: Casa do Artes\u00e3o Capim Dourado - Foto: Flavio Andre","src":"https:\/\/i0.wp.com\/www.visiteobrasil.com.br\/news\/wp-content\/uploads\/2023\/10\/Casa-do-Artesao-Capim-Dourado-Foto-Flavio-Andre.jpg?fit=900%2C300&ssl=1&resize=350%2C200","width":350,"height":200,"srcset":"https:\/\/i0.wp.com\/www.visiteobrasil.com.br\/news\/wp-content\/uploads\/2023\/10\/Casa-do-Artesao-Capim-Dourado-Foto-Flavio-Andre.jpg?fit=900%2C300&ssl=1&resize=350%2C200 1x, https:\/\/i0.wp.com\/www.visiteobrasil.com.br\/news\/wp-content\/uploads\/2023\/10\/Casa-do-Artesao-Capim-Dourado-Foto-Flavio-Andre.jpg?fit=900%2C300&ssl=1&resize=525%2C300 1.5x, https:\/\/i0.wp.com\/www.visiteobrasil.com.br\/news\/wp-content\/uploads\/2023\/10\/Casa-do-Artesao-Capim-Dourado-Foto-Flavio-Andre.jpg?fit=900%2C300&ssl=1&resize=700%2C400 2x"},"classes":[]}],"jetpack_sharing_enabled":true,"jetpack_likes_enabled":true,"_links":{"self":[{"href":"https:\/\/www.visiteobrasil.com.br\/news\/wp-json\/wp\/v2\/pages\/4746","targetHints":{"allow":["GET"]}}],"collection":[{"href":"https:\/\/www.visiteobrasil.com.br\/news\/wp-json\/wp\/v2\/pages"}],"about":[{"href":"https:\/\/www.visiteobrasil.com.br\/news\/wp-json\/wp\/v2\/types\/page"}],"author":[{"embeddable":true,"href":"https:\/\/www.visiteobrasil.com.br\/news\/wp-json\/wp\/v2\/users\/2"}],"replies":[{"embeddable":true,"href":"https:\/\/www.visiteobrasil.com.br\/news\/wp-json\/wp\/v2\/comments?post=4746"}],"version-history":[{"count":4,"href":"https:\/\/www.visiteobrasil.com.br\/news\/wp-json\/wp\/v2\/pages\/4746\/revisions"}],"predecessor-version":[{"id":6307,"href":"https:\/\/www.visiteobrasil.com.br\/news\/wp-json\/wp\/v2\/pages\/4746\/revisions\/6307"}],"wp:featuredmedia":[{"embeddable":true,"href":"https:\/\/www.visiteobrasil.com.br\/news\/wp-json\/wp\/v2\/media\/4747"}],"wp:attachment":[{"href":"https:\/\/www.visiteobrasil.com.br\/news\/wp-json\/wp\/v2\/media?parent=4746"}],"curies":[{"name":"wp","href":"https:\/\/api.w.org\/{rel}","templated":true}]}}