{"id":4726,"date":"2023-10-11T20:58:07","date_gmt":"2023-10-11T23:58:07","guid":{"rendered":"https:\/\/www.visiteobrasil.com.br\/news\/?page_id=4726"},"modified":"2023-12-01T14:10:53","modified_gmt":"2023-12-01T17:10:53","slug":"sao-paulo","status":"publish","type":"page","link":"https:\/\/www.visiteobrasil.com.br\/news\/sao-paulo\/","title":{"rendered":"S\u00e3o Paulo"},"content":{"rendered":"\t\t<div data-elementor-type=\"wp-page\" data-elementor-id=\"4726\" class=\"elementor elementor-4726\" data-elementor-post-type=\"page\">\n\t\t\t\t\t\t<section class=\"elementor-section elementor-top-section elementor-element elementor-element-509f202 elementor-section-boxed elementor-section-height-default elementor-section-height-default\" data-id=\"509f202\" data-element_type=\"section\">\n\t\t\t\t\t\t<div class=\"elementor-container elementor-column-gap-default\">\n\t\t\t\t\t<div class=\"elementor-column elementor-col-100 elementor-top-column elementor-element elementor-element-096f873\" data-id=\"096f873\" data-element_type=\"column\">\n\t\t\t<div class=\"elementor-widget-wrap elementor-element-populated\">\n\t\t\t\t\t\t<div class=\"elementor-element elementor-element-6bf33e2 elementor-skin-coverflow elementor-arrows-yes elementor-pagination-type-bullets elementor-pagination-position-outside elementor-widget elementor-widget-media-carousel\" data-id=\"6bf33e2\" data-element_type=\"widget\" data-settings=\"{&quot;skin&quot;:&quot;coverflow&quot;,&quot;autoplay_speed&quot;:3000,&quot;show_arrows&quot;:&quot;yes&quot;,&quot;pagination&quot;:&quot;bullets&quot;,&quot;speed&quot;:500,&quot;autoplay&quot;:&quot;yes&quot;,&quot;loop&quot;:&quot;yes&quot;,&quot;pause_on_hover&quot;:&quot;yes&quot;,&quot;pause_on_interaction&quot;:&quot;yes&quot;,&quot;space_between&quot;:{&quot;unit&quot;:&quot;px&quot;,&quot;size&quot;:10,&quot;sizes&quot;:[]},&quot;space_between_tablet&quot;:{&quot;unit&quot;:&quot;px&quot;,&quot;size&quot;:10,&quot;sizes&quot;:[]},&quot;space_between_mobile&quot;:{&quot;unit&quot;:&quot;px&quot;,&quot;size&quot;:10,&quot;sizes&quot;:[]}}\" data-widget_type=\"media-carousel.default\">\n\t\t\t\t<div class=\"elementor-widget-container\">\n\t\t\t<link rel=\"stylesheet\" href=\"https:\/\/www.visiteobrasil.com.br\/news\/wp-content\/plugins\/pro-elements\/assets\/css\/widget-carousel.min.css?ver=1725798641\">\t\t<div class=\"elementor-swiper\">\n\t\t\t<div class=\"elementor-main-swiper swiper\">\n\t\t\t\t<div class=\"swiper-wrapper\">\n\t\t\t\t\t\t\t\t\t\t\t<div class=\"swiper-slide\">\n\t\t\t\t\t\t\t\t\t<div class=\"elementor-carousel-image\" role=\"img\" aria-label=\"S\u00e3o Paulo - Vista panor\u00e2mica da Marina de Ubatuba\" style=\"background-image: url(&#039;https:\/\/i0.wp.com\/www.visiteobrasil.com.br\/news\/wp-content\/uploads\/2023\/10\/ubatuba-vista-panoramica-da-marina-de-ubatuba-foto-heitorcarvalhojorge-licenca-40gr.jpg?fit=850%2C300&amp;ssl=1&#039;)\">\n\n\t\t\t\n\t\t\t\t\t<\/div>\n\t\t\t\t\t\t\t\t<\/div>\n\t\t\t\t\t\t\t\t\t\t\t<div class=\"swiper-slide\">\n\t\t\t\t\t\t\t\t\t<div class=\"elementor-carousel-image\" role=\"img\" aria-label=\"S\u00e3o Paulo - Praia de Riviera em Santos\" style=\"background-image: url(&#039;https:\/\/i0.wp.com\/www.visiteobrasil.com.br\/news\/wp-content\/uploads\/2023\/10\/santos-praia-de-riviera-apraiaderivieraefrequentadaporumpublicobastantevariado-fotomiguelschincariolgr.jpg?fit=850%2C300&amp;ssl=1&#039;)\">\n\n\t\t\t\n\t\t\t\t\t<\/div>\n\t\t\t\t\t\t\t\t<\/div>\n\t\t\t\t\t\t\t\t\t\t\t<div class=\"swiper-slide\">\n\t\t\t\t\t\t\t\t\t<div class=\"elementor-carousel-image\" role=\"img\" aria-label=\"S\u00e3o Paulo - Vista panor\u00e2mica da Igreja de Nossa Senhora da aparecida\" style=\"background-image: url(&#039;https:\/\/i0.wp.com\/www.visiteobrasil.com.br\/news\/wp-content\/uploads\/2023\/10\/aparecidadonorte-aparecidaeomaiorcentrodeperegrinacaoreligiosadaamericalatina-foto-miguelschincariolgr.jpg?fit=850%2C300&amp;ssl=1&#039;)\">\n\n\t\t\t\n\t\t\t\t\t<\/div>\n\t\t\t\t\t\t\t\t<\/div>\n\t\t\t\t\t\t\t\t\t\t\t<div class=\"swiper-slide\">\n\t\t\t\t\t\t\t\t\t<div class=\"elementor-carousel-image\" role=\"img\" aria-label=\"S\u00e3o Paulo - Vista panor\u00e2mica da Praia de Pernambuco em Guaruj\u00e1\" style=\"background-image: url(&#039;https:\/\/i0.wp.com\/www.visiteobrasil.com.br\/news\/wp-content\/uploads\/2023\/10\/guaruja-praiadepernambuco-aguasbemcalmasideaisparaumrelaxantebanhodemar-foto-miguelschincariolgr.jpg?fit=850%2C300&amp;ssl=1&#039;)\">\n\n\t\t\t\n\t\t\t\t\t<\/div>\n\t\t\t\t\t\t\t\t<\/div>\n\t\t\t\t\t\t\t\t\t\t\t<div class=\"swiper-slide\">\n\t\t\t\t\t\t\t\t\t<div class=\"elementor-carousel-image\" role=\"img\" aria-label=\"S\u00e3o Paulo - Rafting no Rio Jacar\u00e9 em Brotas\" style=\"background-image: url(&#039;https:\/\/i0.wp.com\/www.visiteobrasil.com.br\/news\/wp-content\/uploads\/2023\/10\/brotas-raftingnoriojacare-econsideradoumdosmelhorespontosparaapraticaderafting-fotorubenschirigr.jpg?fit=850%2C301&amp;ssl=1&#039;)\">\n\n\t\t\t\n\t\t\t\t\t<\/div>\n\t\t\t\t\t\t\t\t<\/div>\n\t\t\t\t\t\t\t\t\t\t\t<div class=\"swiper-slide\">\n\t\t\t\t\t\t\t\t\t<div class=\"elementor-carousel-image\" role=\"img\" aria-label=\"S\u00e3o Paulo - Ilha das Cabras em Ilhabela\" style=\"background-image: url(&#039;https:\/\/i0.wp.com\/www.visiteobrasil.com.br\/news\/wp-content\/uploads\/2023\/10\/ilhabela-ilhadascabras-localprivilegiadoparaosamantesdomergulhoprofissionaleamador-foto-miguelschincariolgr.jpg?fit=850%2C300&amp;ssl=1&#039;)\">\n\n\t\t\t\n\t\t\t\t\t<\/div>\n\t\t\t\t\t\t\t\t<\/div>\n\t\t\t\t\t\t\t\t\t<\/div>\n\t\t\t\t\t\t\t\t\t\t\t\t\t\t\t<div class=\"swiper-pagination\"><\/div>\n\t\t\t\t\t\t\t\t\t\t\t\t\t\t\t\t<div class=\"elementor-swiper-button elementor-swiper-button-prev\" role=\"button\" tabindex=\"0\">\n\t\t\t\t\t\t\t<svg aria-hidden=\"true\" class=\"e-font-icon-svg e-eicon-chevron-left\" viewBox=\"0 0 1000 1000\" xmlns=\"http:\/\/www.w3.org\/2000\/svg\"><path d=\"M646 125C629 125 613 133 604 142L308 442C296 454 292 471 292 487 292 504 296 521 308 533L604 854C617 867 629 875 646 875 663 875 679 871 692 858 704 846 713 829 713 812 713 796 708 779 692 767L438 487 692 225C700 217 708 204 708 187 708 171 704 154 692 142 675 129 663 125 646 125Z\"><\/path><\/svg>\t\t\t\t\t\t\t<span class=\"elementor-screen-only\">Previous<\/span>\n\t\t\t\t\t\t<\/div>\n\t\t\t\t\t\t<div class=\"elementor-swiper-button elementor-swiper-button-next\" role=\"button\" tabindex=\"0\">\n\t\t\t\t\t\t\t<svg aria-hidden=\"true\" class=\"e-font-icon-svg e-eicon-chevron-right\" viewBox=\"0 0 1000 1000\" xmlns=\"http:\/\/www.w3.org\/2000\/svg\"><path d=\"M696 533C708 521 713 504 713 487 713 471 708 454 696 446L400 146C388 133 375 125 354 125 338 125 325 129 313 142 300 154 292 171 292 187 292 204 296 221 308 233L563 492 304 771C292 783 288 800 288 817 288 833 296 850 308 863 321 871 338 875 354 875 371 875 388 867 400 854L696 533Z\"><\/path><\/svg>\t\t\t\t\t\t\t<span class=\"elementor-screen-only\">Next<\/span>\n\t\t\t\t\t\t<\/div>\n\t\t\t\t\t\t\t\t\t\t\t\t<\/div>\n\t\t<\/div>\n\t\t\t\t<\/div>\n\t\t\t\t<\/div>\n\t\t\t\t\t<\/div>\n\t\t<\/div>\n\t\t\t\t\t<\/div>\n\t\t<\/section>\n\t\t\t\t<section class=\"elementor-section elementor-top-section elementor-element elementor-element-3ded885f elementor-section-boxed elementor-section-height-default elementor-section-height-default\" data-id=\"3ded885f\" data-element_type=\"section\">\n\t\t\t\t\t\t<div class=\"elementor-container elementor-column-gap-default\">\n\t\t\t\t\t<div class=\"elementor-column elementor-col-100 elementor-top-column elementor-element elementor-element-4f74b399\" data-id=\"4f74b399\" data-element_type=\"column\">\n\t\t\t<div class=\"elementor-widget-wrap elementor-element-populated\">\n\t\t\t\t\t\t<div class=\"elementor-element elementor-element-630b1cae elementor-drop-cap-yes elementor-drop-cap-view-default elementor-widget elementor-widget-text-editor\" data-id=\"630b1cae\" data-element_type=\"widget\" data-settings=\"{&quot;drop_cap&quot;:&quot;yes&quot;}\" data-widget_type=\"text-editor.default\">\n\t\t\t\t<div class=\"elementor-widget-container\">\n\t\t\t<style>\/*! elementor - v3.23.0 - 05-08-2024 *\/\n.elementor-widget-text-editor.elementor-drop-cap-view-stacked .elementor-drop-cap{background-color:#69727d;color:#fff}.elementor-widget-text-editor.elementor-drop-cap-view-framed .elementor-drop-cap{color:#69727d;border:3px solid;background-color:transparent}.elementor-widget-text-editor:not(.elementor-drop-cap-view-default) .elementor-drop-cap{margin-top:8px}.elementor-widget-text-editor:not(.elementor-drop-cap-view-default) .elementor-drop-cap-letter{width:1em;height:1em}.elementor-widget-text-editor .elementor-drop-cap{float:left;text-align:center;line-height:1;font-size:50px}.elementor-widget-text-editor .elementor-drop-cap-letter{display:inline-block}<\/style>\t\t\t\t<p>O estado de S\u00e3o Paulo, situado na Regi\u00e3o Sudeste do Brasil, \u00e9 um verdadeiro centro de diversidade e movimenta\u00e7\u00e3o urbana. Sua capital, a cidade de S\u00e3o Paulo, \u00e9 a maior metr\u00f3pole da Am\u00e9rica do Sul e um dos principais centros financeiros do mundo. A cidade abriga uma riqueza de culturas, com uma popula\u00e7\u00e3o diversificada e uma variedade de bairros \u00e9tnicos que oferecem uma ampla gama de culin\u00e1rias internacionais. Al\u00e9m disso, <a href=\"https:\/\/pt.wikipedia.org\/wiki\/S%C3%A3o_Paulo_(estado)\" target=\"_blank\" rel=\"noopener\">S\u00e3o Paulo<\/a> \u00e9 conhecida por sua vibrante cena cultural, com teatros, museus e galerias de arte que atraem visitantes \u00e1vidos por experi\u00eancias art\u00edsticas. A cidade tamb\u00e9m \u00e9 famosa por seu ritmo de vida acelerado e pela vida noturna agitada, com bares, casas de show e festas que se estendem at\u00e9 altas horas.<\/p><h2><strong>Natureza e Ecoturismo no Interior de S\u00e3o Paulo<\/strong><\/h2><p>Al\u00e9m da agita\u00e7\u00e3o urbana, o interior de S\u00e3o Paulo oferece um contraste tranquilo e uma abund\u00e2ncia de belezas naturais. A regi\u00e3o de <a href=\"https:\/\/www.visiteobrasil.com.br\/sudeste\/sao-paulo\/regiao-vale-do-paraiba\/campos-do-jordao\">Campos do Jord\u00e3o<\/a>, na Serra da Mantiqueira, \u00e9 um ref\u00fagio de montanha com clima ameno e ar puro, atraindo visitantes com suas paisagens pitorescas e arquitetura inspirada nas cidades europeias. A regi\u00e3o do Vale do Para\u00edba oferece oportunidades de ecoturismo e aventura, com trilhas, cachoeiras e reservas naturais. A cidade hist\u00f3rica de Paraty, na costa verde, \u00e9 famosa por seu charme colonial, praias e festivais culturais.<a href=\"https:\/\/visiteobrasil.com.br\/sudeste\/sao-paulo\" target=\"_blank\" rel=\"noopener\"> <b>S\u00e3o Paulo<\/b><\/a>\u00a0\u00e9 um estado diversificado que combina a agita\u00e7\u00e3o urbana de sua capital com o encanto sereno de suas \u00e1reas rurais e naturais, oferecendo uma gama variada de experi\u00eancias aos viajantes.<\/p>\t\t\t\t\t\t<\/div>\n\t\t\t\t<\/div>\n\t\t\t\t\t<\/div>\n\t\t<\/div>\n\t\t\t\t\t<\/div>\n\t\t<\/section>\n\t\t<div class=\"elementor-element elementor-element-23cdac8 e-flex e-con-boxed e-con e-parent\" data-id=\"23cdac8\" data-element_type=\"container\">\n\t\t\t\t\t<div class=\"e-con-inner\">\n\t\t<div class=\"elementor-element elementor-element-8a0b4d1 e-con-full e-flex e-con e-child\" data-id=\"8a0b4d1\" data-element_type=\"container\">\n\t\t\t\t<\/div>\n\t\t<div class=\"elementor-element elementor-element-34aca73 e-con-full e-flex e-con e-child\" data-id=\"34aca73\" data-element_type=\"container\">\n\t\t\t\t<div class=\"elementor-element elementor-element-967d7c5 elementor-widget elementor-widget-eael-creative-button\" data-id=\"967d7c5\" data-element_type=\"widget\" data-widget_type=\"eael-creative-button.default\">\n\t\t\t\t<div class=\"elementor-widget-container\">\n\t\t\t        <div class=\"eael-creative-button-wrapper\">\n\n            <a class=\"eael-creative-button eael-creative-button--winona\" href=\"https:\/\/visiteobrasil.com.br\/sudeste\/sao-paulo\" data-text=\"Veja\">\n            \t    \n                <div class=\"creative-button-inner\">\n\n                    \n                    <span class=\"cretive-button-text\">Destinos tur\u00edsticos de S\u00e3o Paulo<\/span>\n\n                                    <\/div>\n\t                        <\/a>\n        <\/div>\n        \t\t<\/div>\n\t\t\t\t<\/div>\n\t\t\t\t<\/div>\n\t\t<div class=\"elementor-element elementor-element-153a376 e-con-full e-flex e-con e-child\" data-id=\"153a376\" data-element_type=\"container\">\n\t\t\t\t<\/div>\n\t\t\t\t\t<\/div>\n\t\t\t\t<\/div>\n\t\t\t\t<\/div>\n\t\t","protected":false},"excerpt":{"rendered":"<p>Previous Next O estado de S\u00e3o Paulo, situado na Regi\u00e3o Sudeste do Brasil, \u00e9 um verdadeiro centro de diversidade e movimenta\u00e7\u00e3o urbana. Sua capital, a cidade de S\u00e3o Paulo, \u00e9 a maior metr\u00f3pole da Am\u00e9rica do Sul e um dos principais centros financeiros do mundo. A cidade abriga uma riqueza de culturas, com uma popula\u00e7\u00e3o [&hellip;]<\/p>\n","protected":false},"author":2,"featured_media":4727,"parent":0,"menu_order":0,"comment_status":"closed","ping_status":"closed","template":"","meta":{"footnotes":""},"class_list":["post-4726","page","type-page","status-publish","has-post-thumbnail","hentry"],"jetpack-related-posts":[{"id":4601,"url":"https:\/\/www.visiteobrasil.com.br\/news\/regiao-sudeste\/","url_meta":{"origin":4726,"position":0},"title":"Regi\u00e3o Sudeste","author":"Ramon","date":"11 de outubro de 2023","format":false,"excerpt":"Previous Next A Regi\u00e3o Sudeste do Brasil, composta pelos estados de S\u00e3o Paulo, Rio de Janeiro, Minas Gerais e Esp\u00edrito Santo, \u00e9 o motor econ\u00f4mico do pa\u00eds. Sendo a regi\u00e3o mais industrializada e urbanizada do Brasil, o Sudeste \u00e9 o epicentro das atividades financeiras, industriais e tecnol\u00f3gicas. S\u00e3o Paulo, a\u2026","rel":"","context":"Post similar","block_context":{"text":"Post similar","link":""},"img":{"alt_text":"Regi\u00e3o Sudeste - Museu da Inconfid\u00eancia Mineira","src":"https:\/\/i0.wp.com\/www.visiteobrasil.com.br\/news\/wp-content\/uploads\/2023\/10\/Museu-da-Inconfidencia-Foto-Valter-Campanato-abr-Licenca-cc-by-sa-3-0.jpg?fit=900%2C303&ssl=1&resize=350%2C200","width":350,"height":200,"srcset":"https:\/\/i0.wp.com\/www.visiteobrasil.com.br\/news\/wp-content\/uploads\/2023\/10\/Museu-da-Inconfidencia-Foto-Valter-Campanato-abr-Licenca-cc-by-sa-3-0.jpg?fit=900%2C303&ssl=1&resize=350%2C200 1x, https:\/\/i0.wp.com\/www.visiteobrasil.com.br\/news\/wp-content\/uploads\/2023\/10\/Museu-da-Inconfidencia-Foto-Valter-Campanato-abr-Licenca-cc-by-sa-3-0.jpg?fit=900%2C303&ssl=1&resize=525%2C300 1.5x, https:\/\/i0.wp.com\/www.visiteobrasil.com.br\/news\/wp-content\/uploads\/2023\/10\/Museu-da-Inconfidencia-Foto-Valter-Campanato-abr-Licenca-cc-by-sa-3-0.jpg?fit=900%2C303&ssl=1&resize=700%2C400 2x"},"classes":[]},{"id":4854,"url":"https:\/\/www.visiteobrasil.com.br\/news\/bahia\/","url_meta":{"origin":4726,"position":1},"title":"Bahia","author":"Ramon","date":"12 de outubro de 2023","format":false,"excerpt":"Previous Next O estado da Bahia, localizado na Regi\u00e3o Nordeste do Brasil, \u00e9 um dos destinos mais culturalmente ricos e diversificados do pa\u00eds. Conhecida por sua heran\u00e7a afro-brasileira, a Bahia abriga uma mistura de culturas e tradi\u00e7\u00f5es que s\u00e3o resultado da influ\u00eancia dos povos africanos, ind\u00edgenas e europeus. Salvador, a\u2026","rel":"","context":"Post similar","block_context":{"text":"Post similar","link":""},"img":{"alt_text":"Salvador - Bahia - Por do sol no farol da barra.","src":"https:\/\/i0.wp.com\/www.visiteobrasil.com.br\/news\/wp-content\/uploads\/2023\/10\/Salvador-Bahia-final-de-tarde-no-farol-da-barra-foto-jota-freitas-seturgr.jpg?fit=850%2C301&ssl=1&resize=350%2C200","width":350,"height":200,"srcset":"https:\/\/i0.wp.com\/www.visiteobrasil.com.br\/news\/wp-content\/uploads\/2023\/10\/Salvador-Bahia-final-de-tarde-no-farol-da-barra-foto-jota-freitas-seturgr.jpg?fit=850%2C301&ssl=1&resize=350%2C200 1x, https:\/\/i0.wp.com\/www.visiteobrasil.com.br\/news\/wp-content\/uploads\/2023\/10\/Salvador-Bahia-final-de-tarde-no-farol-da-barra-foto-jota-freitas-seturgr.jpg?fit=850%2C301&ssl=1&resize=525%2C300 1.5x, https:\/\/i0.wp.com\/www.visiteobrasil.com.br\/news\/wp-content\/uploads\/2023\/10\/Salvador-Bahia-final-de-tarde-no-farol-da-barra-foto-jota-freitas-seturgr.jpg?fit=850%2C301&ssl=1&resize=700%2C400 2x"},"classes":[]},{"id":4595,"url":"https:\/\/www.visiteobrasil.com.br\/news\/regiao-nordeste\/","url_meta":{"origin":4726,"position":2},"title":"Regi\u00e3o Nordeste","author":"Ramon","date":"11 de outubro de 2023","format":false,"excerpt":"Previous Next O Nordeste\u00a0do Brasil \u00e9 uma regi\u00e3o de extrema diversidade geogr\u00e1fica, abrangendo desde as deslumbrantes praias tropicais at\u00e9 o \u00e1rido sert\u00e3o. Essa variedade de paisagens proporciona uma experi\u00eancia \u00fanica aos visitantes, permitindo que eles explorem desde o litoral paradis\u00edaco com \u00e1guas mornas e coqueiros at\u00e9 as paisagens r\u00fasticas e\u2026","rel":"","context":"Post similar","block_context":{"text":"Post similar","link":""},"img":{"alt_text":"Regi\u00e3o Nordeste - Morro de S\u00e3o Paulo-Bahia","src":"https:\/\/i0.wp.com\/www.visiteobrasil.com.br\/news\/wp-content\/uploads\/2023\/10\/Morro-de-Sao-Paulo-Foto-Rita-Barreto-Setur-Ba.jpg?fit=900%2C303&ssl=1&resize=350%2C200","width":350,"height":200,"srcset":"https:\/\/i0.wp.com\/www.visiteobrasil.com.br\/news\/wp-content\/uploads\/2023\/10\/Morro-de-Sao-Paulo-Foto-Rita-Barreto-Setur-Ba.jpg?fit=900%2C303&ssl=1&resize=350%2C200 1x, https:\/\/i0.wp.com\/www.visiteobrasil.com.br\/news\/wp-content\/uploads\/2023\/10\/Morro-de-Sao-Paulo-Foto-Rita-Barreto-Setur-Ba.jpg?fit=900%2C303&ssl=1&resize=525%2C300 1.5x, https:\/\/i0.wp.com\/www.visiteobrasil.com.br\/news\/wp-content\/uploads\/2023\/10\/Morro-de-Sao-Paulo-Foto-Rita-Barreto-Setur-Ba.jpg?fit=900%2C303&ssl=1&resize=700%2C400 2x"},"classes":[]},{"id":6053,"url":"https:\/\/www.visiteobrasil.com.br\/news\/destinos-turisticos-da-italia\/","url_meta":{"origin":4726,"position":3},"title":"Destinos tur\u00edsticos da It\u00e1lia","author":"Ramon","date":"21 de novembro de 2023","format":false,"excerpt":"A It\u00e1lia oferece destinos tur\u00edsticos ricos em hist\u00f3ria e beleza. Floren\u00e7a, ber\u00e7o do Renascimento, exibe obras de arte renomadas e uma arquitetura deslumbrante. Mil\u00e3o, centro de moda e design, brilha com sua sofistica\u00e7\u00e3o, catedral imponente e galerias de arte. N\u00e1poles, \u00e0 sombra do Ves\u00favio, \u00e9 conhecida pela pizza aut\u00eantica e\u2026","rel":"","context":"Post similar","block_context":{"text":"Post similar","link":""},"img":{"alt_text":"It\u00e1lia - Roma: Rio Timbre e Bas\u00edlica de S\u00e3o Pedro","src":"https:\/\/i0.wp.com\/www.visiteobrasil.com.br\/news\/wp-content\/uploads\/2023\/11\/roma-vista-noturna-rio-tibre-com-a-basilica-de-sao-pedro-foto-jebulon-dp.jpg?fit=900%2C599&ssl=1&resize=350%2C200","width":350,"height":200,"srcset":"https:\/\/i0.wp.com\/www.visiteobrasil.com.br\/news\/wp-content\/uploads\/2023\/11\/roma-vista-noturna-rio-tibre-com-a-basilica-de-sao-pedro-foto-jebulon-dp.jpg?fit=900%2C599&ssl=1&resize=350%2C200 1x, https:\/\/i0.wp.com\/www.visiteobrasil.com.br\/news\/wp-content\/uploads\/2023\/11\/roma-vista-noturna-rio-tibre-com-a-basilica-de-sao-pedro-foto-jebulon-dp.jpg?fit=900%2C599&ssl=1&resize=525%2C300 1.5x, https:\/\/i0.wp.com\/www.visiteobrasil.com.br\/news\/wp-content\/uploads\/2023\/11\/roma-vista-noturna-rio-tibre-com-a-basilica-de-sao-pedro-foto-jebulon-dp.jpg?fit=900%2C599&ssl=1&resize=700%2C400 2x"},"classes":[]},{"id":4875,"url":"https:\/\/www.visiteobrasil.com.br\/news\/rio-grande-do-norte\/","url_meta":{"origin":4726,"position":4},"title":"Rio Grande do Norte","author":"Ramon","date":"12 de outubro de 2023","format":false,"excerpt":"Previous Next O estado do Rio Grande do Norte, localizado na Regi\u00e3o Nordeste do Brasil, \u00e9 um destino que se destaca por suas praias deslumbrantes e belezas naturais. A capital, Natal, \u00e9 conhecida como a \"Cidade do Sol\" devido \u00e0 sua alta incid\u00eancia de dias ensolarados durante o ano. A\u2026","rel":"","context":"Post similar","block_context":{"text":"Post similar","link":""},"img":{"alt_text":"Rio Grande do Norte - Praia da Ba\u00eda Formosa","src":"https:\/\/i0.wp.com\/www.visiteobrasil.com.br\/news\/wp-content\/uploads\/2023\/10\/Baia-formosa-vistaaereadapraiadebaiaformosa-quedeunomedomunicipio-foto-cnm-licenca-cc-by-sa-30gr.jpg?fit=850%2C300&ssl=1&resize=350%2C200","width":350,"height":200,"srcset":"https:\/\/i0.wp.com\/www.visiteobrasil.com.br\/news\/wp-content\/uploads\/2023\/10\/Baia-formosa-vistaaereadapraiadebaiaformosa-quedeunomedomunicipio-foto-cnm-licenca-cc-by-sa-30gr.jpg?fit=850%2C300&ssl=1&resize=350%2C200 1x, https:\/\/i0.wp.com\/www.visiteobrasil.com.br\/news\/wp-content\/uploads\/2023\/10\/Baia-formosa-vistaaereadapraiadebaiaformosa-quedeunomedomunicipio-foto-cnm-licenca-cc-by-sa-30gr.jpg?fit=850%2C300&ssl=1&resize=525%2C300 1.5x, https:\/\/i0.wp.com\/www.visiteobrasil.com.br\/news\/wp-content\/uploads\/2023\/10\/Baia-formosa-vistaaereadapraiadebaiaformosa-quedeunomedomunicipio-foto-cnm-licenca-cc-by-sa-30gr.jpg?fit=850%2C300&ssl=1&resize=700%2C400 2x"},"classes":[]},{"id":4723,"url":"https:\/\/www.visiteobrasil.com.br\/news\/rio-de-janeiro\/","url_meta":{"origin":4726,"position":5},"title":"Rio de Janeiro","author":"Ramon","date":"11 de outubro de 2023","format":false,"excerpt":"Previous Next O estado do Rio de Janeiro, situado na Regi\u00e3o Sudeste do Brasil, \u00e9 um lugar de rara beleza natural e rica heran\u00e7a cultural. O Rio de Janeiro \u00e9 conhecido por suas praias de areias douradas, como Copacabana e Ipanema, que se estendem sob o famoso P\u00e3o de A\u00e7\u00facar\u2026","rel":"","context":"Post similar","block_context":{"text":"Post similar","link":""},"img":{"alt_text":"Rio de Janeiro - Paraty-RJ","src":"https:\/\/i0.wp.com\/www.visiteobrasil.com.br\/news\/wp-content\/uploads\/2023\/10\/paraty-arquivo-turisriogr.jpg?fit=850%2C568&ssl=1&resize=350%2C200","width":350,"height":200,"srcset":"https:\/\/i0.wp.com\/www.visiteobrasil.com.br\/news\/wp-content\/uploads\/2023\/10\/paraty-arquivo-turisriogr.jpg?fit=850%2C568&ssl=1&resize=350%2C200 1x, https:\/\/i0.wp.com\/www.visiteobrasil.com.br\/news\/wp-content\/uploads\/2023\/10\/paraty-arquivo-turisriogr.jpg?fit=850%2C568&ssl=1&resize=525%2C300 1.5x, https:\/\/i0.wp.com\/www.visiteobrasil.com.br\/news\/wp-content\/uploads\/2023\/10\/paraty-arquivo-turisriogr.jpg?fit=850%2C568&ssl=1&resize=700%2C400 2x"},"classes":[]}],"jetpack_sharing_enabled":true,"jetpack_likes_enabled":true,"_links":{"self":[{"href":"https:\/\/www.visiteobrasil.com.br\/news\/wp-json\/wp\/v2\/pages\/4726","targetHints":{"allow":["GET"]}}],"collection":[{"href":"https:\/\/www.visiteobrasil.com.br\/news\/wp-json\/wp\/v2\/pages"}],"about":[{"href":"https:\/\/www.visiteobrasil.com.br\/news\/wp-json\/wp\/v2\/types\/page"}],"author":[{"embeddable":true,"href":"https:\/\/www.visiteobrasil.com.br\/news\/wp-json\/wp\/v2\/users\/2"}],"replies":[{"embeddable":true,"href":"https:\/\/www.visiteobrasil.com.br\/news\/wp-json\/wp\/v2\/comments?post=4726"}],"version-history":[{"count":4,"href":"https:\/\/www.visiteobrasil.com.br\/news\/wp-json\/wp\/v2\/pages\/4726\/revisions"}],"predecessor-version":[{"id":6331,"href":"https:\/\/www.visiteobrasil.com.br\/news\/wp-json\/wp\/v2\/pages\/4726\/revisions\/6331"}],"wp:featuredmedia":[{"embeddable":true,"href":"https:\/\/www.visiteobrasil.com.br\/news\/wp-json\/wp\/v2\/media\/4727"}],"wp:attachment":[{"href":"https:\/\/www.visiteobrasil.com.br\/news\/wp-json\/wp\/v2\/media?parent=4726"}],"curies":[{"name":"wp","href":"https:\/\/api.w.org\/{rel}","templated":true}]}}