{"id":4723,"date":"2023-10-11T20:49:25","date_gmt":"2023-10-11T23:49:25","guid":{"rendered":"https:\/\/www.visiteobrasil.com.br\/news\/?page_id=4723"},"modified":"2023-12-01T14:12:55","modified_gmt":"2023-12-01T17:12:55","slug":"rio-de-janeiro","status":"publish","type":"page","link":"https:\/\/www.visiteobrasil.com.br\/news\/rio-de-janeiro\/","title":{"rendered":"Rio de Janeiro"},"content":{"rendered":"\t\t<div data-elementor-type=\"wp-page\" data-elementor-id=\"4723\" class=\"elementor elementor-4723\" data-elementor-post-type=\"page\">\n\t\t\t\t\t\t<section class=\"elementor-section elementor-top-section elementor-element elementor-element-8225fbb elementor-section-boxed elementor-section-height-default elementor-section-height-default\" data-id=\"8225fbb\" data-element_type=\"section\">\n\t\t\t\t\t\t<div class=\"elementor-container elementor-column-gap-default\">\n\t\t\t\t\t<div class=\"elementor-column elementor-col-100 elementor-top-column elementor-element elementor-element-242e877\" data-id=\"242e877\" data-element_type=\"column\">\n\t\t\t<div class=\"elementor-widget-wrap elementor-element-populated\">\n\t\t\t\t\t\t<div class=\"elementor-element elementor-element-bb02949 elementor-skin-coverflow elementor-arrows-yes elementor-pagination-type-bullets elementor-pagination-position-outside elementor-widget elementor-widget-media-carousel\" data-id=\"bb02949\" data-element_type=\"widget\" data-settings=\"{&quot;skin&quot;:&quot;coverflow&quot;,&quot;autoplay_speed&quot;:3000,&quot;show_arrows&quot;:&quot;yes&quot;,&quot;pagination&quot;:&quot;bullets&quot;,&quot;speed&quot;:500,&quot;autoplay&quot;:&quot;yes&quot;,&quot;loop&quot;:&quot;yes&quot;,&quot;pause_on_hover&quot;:&quot;yes&quot;,&quot;pause_on_interaction&quot;:&quot;yes&quot;,&quot;space_between&quot;:{&quot;unit&quot;:&quot;px&quot;,&quot;size&quot;:10,&quot;sizes&quot;:[]},&quot;space_between_tablet&quot;:{&quot;unit&quot;:&quot;px&quot;,&quot;size&quot;:10,&quot;sizes&quot;:[]},&quot;space_between_mobile&quot;:{&quot;unit&quot;:&quot;px&quot;,&quot;size&quot;:10,&quot;sizes&quot;:[]}}\" data-widget_type=\"media-carousel.default\">\n\t\t\t\t<div class=\"elementor-widget-container\">\n\t\t\t<link rel=\"stylesheet\" href=\"https:\/\/www.visiteobrasil.com.br\/news\/wp-content\/plugins\/pro-elements\/assets\/css\/widget-carousel.min.css?ver=1725798641\">\t\t<div class=\"elementor-swiper\">\n\t\t\t<div class=\"elementor-main-swiper swiper\">\n\t\t\t\t<div class=\"swiper-wrapper\">\n\t\t\t\t\t\t\t\t\t\t\t<div class=\"swiper-slide\">\n\t\t\t\t\t\t\t\t\t<div class=\"elementor-carousel-image\" role=\"img\" aria-label=\"Rio de Janeiro - Angra dos Reis - Cataguazes\" style=\"background-image: url(&#039;https:\/\/i0.wp.com\/www.visiteobrasil.com.br\/news\/wp-content\/uploads\/2023\/10\/angra-dos-reis-cataguazes-arquivo-turisriogr.jpg?fit=850%2C300&amp;ssl=1&#039;)\">\n\n\t\t\t\n\t\t\t\t\t<\/div>\n\t\t\t\t\t\t\t\t<\/div>\n\t\t\t\t\t\t\t\t\t\t\t<div class=\"swiper-slide\">\n\t\t\t\t\t\t\t\t\t<div class=\"elementor-carousel-image\" role=\"img\" aria-label=\"Rio de Janeiro - Monumento os 3 pescadores e ao fundo, navios de cruzeiro, ancorados em Arma\u00e7\u00e3o de Buzios\" style=\"background-image: url(&#039;https:\/\/i0.wp.com\/www.visiteobrasil.com.br\/news\/wp-content\/uploads\/2023\/10\/armacao-dos-buzios-os-tres-pescadores-arquivo-turisriogr.jpg?fit=850%2C300&amp;ssl=1&#039;)\">\n\n\t\t\t\n\t\t\t\t\t<\/div>\n\t\t\t\t\t\t\t\t<\/div>\n\t\t\t\t\t\t\t\t\t\t\t<div class=\"swiper-slide\">\n\t\t\t\t\t\t\t\t\t<div class=\"elementor-carousel-image\" role=\"img\" aria-label=\"Rio de Janeiro - Vista panor\u00e2mica da Prainha de Arrail do Cabo\" style=\"background-image: url(&#039;https:\/\/i0.wp.com\/www.visiteobrasil.com.br\/news\/wp-content\/uploads\/2023\/10\/arraial-do-cabo-prainha-arraial-do-cabo-foto-noelportugal-licenca-cc-by-sa-20gr.jpg?fit=850%2C301&amp;ssl=1&#039;)\">\n\n\t\t\t\n\t\t\t\t\t<\/div>\n\t\t\t\t\t\t\t\t<\/div>\n\t\t\t\t\t\t\t\t\t\t\t<div class=\"swiper-slide\">\n\t\t\t\t\t\t\t\t\t<div class=\"elementor-carousel-image\" role=\"img\" aria-label=\"Rio de Janeiro - Praia do Forte S\u00e3o Mateus em Cabo Frio\" style=\"background-image: url(&#039;https:\/\/i0.wp.com\/www.visiteobrasil.com.br\/news\/wp-content\/uploads\/2023\/10\/cabo-frio-praia-forte-sao-mateus-foto-ezarate-licenca-cc-by-sa-30gr.jpg?fit=850%2C300&amp;ssl=1&#039;)\">\n\n\t\t\t\n\t\t\t\t\t<\/div>\n\t\t\t\t\t\t\t\t<\/div>\n\t\t\t\t\t\t\t\t\t\t\t<div class=\"swiper-slide\">\n\t\t\t\t\t\t\t\t\t<div class=\"elementor-carousel-image\" role=\"img\" aria-label=\"Rio de Janeiro - Igreja de Santa Rita de Cassia em Paraty\" style=\"background-image: url(&#039;https:\/\/i0.wp.com\/www.visiteobrasil.com.br\/news\/wp-content\/uploads\/2023\/10\/paraty-igreja-de-santa-rita-de-cassia-foto-mario-roberto-duran-ortiz-licenca-30gr.jpg?fit=850%2C301&amp;ssl=1&#039;)\">\n\n\t\t\t\n\t\t\t\t\t<\/div>\n\t\t\t\t\t\t\t\t<\/div>\n\t\t\t\t\t\t\t\t\t\t\t<div class=\"swiper-slide\">\n\t\t\t\t\t\t\t\t\t<div class=\"elementor-carousel-image\" role=\"img\" aria-label=\"Rio de Janeiro -Pal\u00e1cio Quitandinha em Petr\u00f3polis\" style=\"background-image: url(&#039;https:\/\/i0.wp.com\/www.visiteobrasil.com.br\/news\/wp-content\/uploads\/2023\/10\/petropolis-palacio-quitandinha-foto-daniel-sant-anna-lisboa-licenca-30gr.jpg?fit=850%2C300&amp;ssl=1&#039;)\">\n\n\t\t\t\n\t\t\t\t\t<\/div>\n\t\t\t\t\t\t\t\t<\/div>\n\t\t\t\t\t\t\t\t\t\t\t<div class=\"swiper-slide\">\n\t\t\t\t\t\t\t\t\t<div class=\"elementor-carousel-image\" role=\"img\" aria-label=\"Rio de Janeiro -Pra\u00e7a da Baleia em Rio das Ostras\" style=\"background-image: url(&#039;https:\/\/i0.wp.com\/www.visiteobrasil.com.br\/news\/wp-content\/uploads\/2023\/10\/rio-das-ostras-praca-da-baleia-foto-fulviusbsas-licenca-cc-by-sa-30gr.jpg?fit=850%2C300&amp;ssl=1&#039;)\">\n\n\t\t\t\n\t\t\t\t\t<\/div>\n\t\t\t\t\t\t\t\t<\/div>\n\t\t\t\t\t\t\t\t\t<\/div>\n\t\t\t\t\t\t\t\t\t\t\t\t\t\t\t<div class=\"swiper-pagination\"><\/div>\n\t\t\t\t\t\t\t\t\t\t\t\t\t\t\t\t<div class=\"elementor-swiper-button elementor-swiper-button-prev\" role=\"button\" tabindex=\"0\">\n\t\t\t\t\t\t\t<svg aria-hidden=\"true\" class=\"e-font-icon-svg e-eicon-chevron-left\" viewBox=\"0 0 1000 1000\" xmlns=\"http:\/\/www.w3.org\/2000\/svg\"><path d=\"M646 125C629 125 613 133 604 142L308 442C296 454 292 471 292 487 292 504 296 521 308 533L604 854C617 867 629 875 646 875 663 875 679 871 692 858 704 846 713 829 713 812 713 796 708 779 692 767L438 487 692 225C700 217 708 204 708 187 708 171 704 154 692 142 675 129 663 125 646 125Z\"><\/path><\/svg>\t\t\t\t\t\t\t<span class=\"elementor-screen-only\">Previous<\/span>\n\t\t\t\t\t\t<\/div>\n\t\t\t\t\t\t<div class=\"elementor-swiper-button elementor-swiper-button-next\" role=\"button\" tabindex=\"0\">\n\t\t\t\t\t\t\t<svg aria-hidden=\"true\" class=\"e-font-icon-svg e-eicon-chevron-right\" viewBox=\"0 0 1000 1000\" xmlns=\"http:\/\/www.w3.org\/2000\/svg\"><path d=\"M696 533C708 521 713 504 713 487 713 471 708 454 696 446L400 146C388 133 375 125 354 125 338 125 325 129 313 142 300 154 292 171 292 187 292 204 296 221 308 233L563 492 304 771C292 783 288 800 288 817 288 833 296 850 308 863 321 871 338 875 354 875 371 875 388 867 400 854L696 533Z\"><\/path><\/svg>\t\t\t\t\t\t\t<span class=\"elementor-screen-only\">Next<\/span>\n\t\t\t\t\t\t<\/div>\n\t\t\t\t\t\t\t\t\t\t\t\t<\/div>\n\t\t<\/div>\n\t\t\t\t<\/div>\n\t\t\t\t<\/div>\n\t\t\t\t\t<\/div>\n\t\t<\/div>\n\t\t\t\t\t<\/div>\n\t\t<\/section>\n\t\t\t\t<section class=\"elementor-section elementor-top-section elementor-element elementor-element-ef3b44f elementor-section-boxed elementor-section-height-default elementor-section-height-default\" data-id=\"ef3b44f\" data-element_type=\"section\">\n\t\t\t\t\t\t<div class=\"elementor-container elementor-column-gap-default\">\n\t\t\t\t\t<div class=\"elementor-column elementor-col-100 elementor-top-column elementor-element elementor-element-111a085\" data-id=\"111a085\" data-element_type=\"column\">\n\t\t\t<div class=\"elementor-widget-wrap elementor-element-populated\">\n\t\t\t\t\t\t<div class=\"elementor-element elementor-element-279cd84e elementor-drop-cap-yes elementor-drop-cap-view-default elementor-widget elementor-widget-text-editor\" data-id=\"279cd84e\" data-element_type=\"widget\" data-settings=\"{&quot;drop_cap&quot;:&quot;yes&quot;}\" data-widget_type=\"text-editor.default\">\n\t\t\t\t<div class=\"elementor-widget-container\">\n\t\t\t<style>\/*! elementor - v3.23.0 - 05-08-2024 *\/\n.elementor-widget-text-editor.elementor-drop-cap-view-stacked .elementor-drop-cap{background-color:#69727d;color:#fff}.elementor-widget-text-editor.elementor-drop-cap-view-framed .elementor-drop-cap{color:#69727d;border:3px solid;background-color:transparent}.elementor-widget-text-editor:not(.elementor-drop-cap-view-default) .elementor-drop-cap{margin-top:8px}.elementor-widget-text-editor:not(.elementor-drop-cap-view-default) .elementor-drop-cap-letter{width:1em;height:1em}.elementor-widget-text-editor .elementor-drop-cap{float:left;text-align:center;line-height:1;font-size:50px}.elementor-widget-text-editor .elementor-drop-cap-letter{display:inline-block}<\/style>\t\t\t\t<p>O estado do Rio de Janeiro, situado na Regi\u00e3o Sudeste do Brasil, \u00e9 um lugar de rara beleza natural e rica heran\u00e7a cultural. O Rio de Janeiro \u00e9 conhecido por suas praias de areias douradas, como Copacabana e Ipanema, que se estendem sob o famoso P\u00e3o de A\u00e7\u00facar e a est\u00e1tua do Cristo Redentor no Corcovado. A cidade do <a href=\"https:\/\/pt.wikipedia.org\/wiki\/Rio_de_Janeiro\" target=\"_blank\" rel=\"noopener\">Rio de Janeiro<\/a>, muitas vezes apelidada de &#8220;Cidade Maravilhosa&#8221;, \u00e9 um centro vibrante de cultura, m\u00fasica e dan\u00e7a, com eventos emblem\u00e1ticos como o Carnaval e o desfile das escolas de samba no Samb\u00f3dromo. Al\u00e9m disso, o estado abriga parques naturais deslumbrantes, como a Floresta da Tijuca, a maior floresta urbana do mundo, que oferece trilhas, cachoeiras e vida selvagem.<\/p>\n<h2><strong>Cultura e Hist\u00f3ria Rica do Rio de Janeiro<\/strong><\/h2>\n<p>O&nbsp;<a href=\"https:\/\/visiteobrasil.com.br\/sudeste\/rio-de-janeiro\" target=\"_blank\"><b>Rio de Janeiro<\/b><\/a>&nbsp;\u00e9 tamb\u00e9m um lugar de rica heran\u00e7a cultural e hist\u00f3rica. O Museu Nacional, localizado no Pal\u00e1cio de S\u00e3o Crist\u00f3v\u00e3o, abriga uma vasta cole\u00e7\u00e3o de artefatos hist\u00f3ricos e culturais, e o bairro de Santa Teresa \u00e9 conhecido por suas ruas de paralelep\u00edpedos e charme bo\u00eamio. Al\u00e9m disso, a cidade de <a href=\"https:\/\/www.visiteobrasil.com.br\/sudeste\/rio-de-janeiro\/costa-verde\/paraty\">Paraty<\/a>, com sua arquitetura colonial bem preservada, \u00e9 Patrim\u00f4nio Mundial da UNESCO. A culin\u00e1ria carioca \u00e9 uma mistura de sabores, com influ\u00eancias africanas e portuguesas, destacando-se pratos como a feijoada e a caipirinha. O Rio de Janeiro \u00e9 um destino completo, que combina belezas naturais estonteantes com uma rica cultura e hist\u00f3ria, tornando-o um lugar verdadeiramente inesquec\u00edvel.<\/p>\t\t\t\t\t\t<\/div>\n\t\t\t\t<\/div>\n\t\t\t\t\t<\/div>\n\t\t<\/div>\n\t\t\t\t\t<\/div>\n\t\t<\/section>\n\t\t<div class=\"elementor-element elementor-element-8ba2d1a e-flex e-con-boxed e-con e-parent\" data-id=\"8ba2d1a\" data-element_type=\"container\">\n\t\t\t\t\t<div class=\"e-con-inner\">\n\t\t<div class=\"elementor-element elementor-element-c0ae5d8 e-con-full e-flex e-con e-child\" data-id=\"c0ae5d8\" data-element_type=\"container\">\n\t\t\t\t<\/div>\n\t\t<div class=\"elementor-element elementor-element-7132e47 e-con-full e-flex e-con e-child\" data-id=\"7132e47\" data-element_type=\"container\">\n\t\t\t\t<div class=\"elementor-element elementor-element-1e5dc15 elementor-widget elementor-widget-eael-creative-button\" data-id=\"1e5dc15\" data-element_type=\"widget\" data-widget_type=\"eael-creative-button.default\">\n\t\t\t\t<div class=\"elementor-widget-container\">\n\t\t\t        <div class=\"eael-creative-button-wrapper\">\n\n            <a class=\"eael-creative-button eael-creative-button--winona\" href=\"https:\/\/visiteobrasil.com.br\/sudeste\/rio-de-janeiro\" data-text=\"Veja\">\n            \t    \n                <div class=\"creative-button-inner\">\n\n                    \n                    <span class=\"cretive-button-text\">Destinos tur\u00edsticos do Rio de Janeiro<\/span>\n\n                                    <\/div>\n\t                        <\/a>\n        <\/div>\n        \t\t<\/div>\n\t\t\t\t<\/div>\n\t\t\t\t<\/div>\n\t\t<div class=\"elementor-element elementor-element-820421d e-con-full e-flex e-con e-child\" data-id=\"820421d\" data-element_type=\"container\">\n\t\t\t\t<\/div>\n\t\t\t\t\t<\/div>\n\t\t\t\t<\/div>\n\t\t\t\t<\/div>\n\t\t","protected":false},"excerpt":{"rendered":"<p>Previous Next O estado do Rio de Janeiro, situado na Regi\u00e3o Sudeste do Brasil, \u00e9 um lugar de rara beleza natural e rica heran\u00e7a cultural. O Rio de Janeiro \u00e9 conhecido por suas praias de areias douradas, como Copacabana e Ipanema, que se estendem sob o famoso P\u00e3o de A\u00e7\u00facar e a est\u00e1tua do Cristo [&hellip;]<\/p>\n","protected":false},"author":2,"featured_media":4724,"parent":0,"menu_order":0,"comment_status":"closed","ping_status":"closed","template":"","meta":{"footnotes":""},"class_list":["post-4723","page","type-page","status-publish","has-post-thumbnail","hentry"],"jetpack-related-posts":[{"id":4601,"url":"https:\/\/www.visiteobrasil.com.br\/news\/regiao-sudeste\/","url_meta":{"origin":4723,"position":0},"title":"Regi\u00e3o Sudeste","author":"Ramon","date":"11 de outubro de 2023","format":false,"excerpt":"Previous Next A Regi\u00e3o Sudeste do Brasil, composta pelos estados de S\u00e3o Paulo, Rio de Janeiro, Minas Gerais e Esp\u00edrito Santo, \u00e9 o motor econ\u00f4mico do pa\u00eds. Sendo a regi\u00e3o mais industrializada e urbanizada do Brasil, o Sudeste \u00e9 o epicentro das atividades financeiras, industriais e tecnol\u00f3gicas. S\u00e3o Paulo, a\u2026","rel":"","context":"Post similar","block_context":{"text":"Post similar","link":""},"img":{"alt_text":"Regi\u00e3o Sudeste - Museu da Inconfid\u00eancia Mineira","src":"https:\/\/i0.wp.com\/www.visiteobrasil.com.br\/news\/wp-content\/uploads\/2023\/10\/Museu-da-Inconfidencia-Foto-Valter-Campanato-abr-Licenca-cc-by-sa-3-0.jpg?fit=900%2C303&ssl=1&resize=350%2C200","width":350,"height":200,"srcset":"https:\/\/i0.wp.com\/www.visiteobrasil.com.br\/news\/wp-content\/uploads\/2023\/10\/Museu-da-Inconfidencia-Foto-Valter-Campanato-abr-Licenca-cc-by-sa-3-0.jpg?fit=900%2C303&ssl=1&resize=350%2C200 1x, https:\/\/i0.wp.com\/www.visiteobrasil.com.br\/news\/wp-content\/uploads\/2023\/10\/Museu-da-Inconfidencia-Foto-Valter-Campanato-abr-Licenca-cc-by-sa-3-0.jpg?fit=900%2C303&ssl=1&resize=525%2C300 1.5x, https:\/\/i0.wp.com\/www.visiteobrasil.com.br\/news\/wp-content\/uploads\/2023\/10\/Museu-da-Inconfidencia-Foto-Valter-Campanato-abr-Licenca-cc-by-sa-3-0.jpg?fit=900%2C303&ssl=1&resize=700%2C400 2x"},"classes":[]},{"id":4875,"url":"https:\/\/www.visiteobrasil.com.br\/news\/rio-grande-do-norte\/","url_meta":{"origin":4723,"position":1},"title":"Rio Grande do Norte","author":"Ramon","date":"12 de outubro de 2023","format":false,"excerpt":"Previous Next O estado do Rio Grande do Norte, localizado na Regi\u00e3o Nordeste do Brasil, \u00e9 um destino que se destaca por suas praias deslumbrantes e belezas naturais. A capital, Natal, \u00e9 conhecida como a \"Cidade do Sol\" devido \u00e0 sua alta incid\u00eancia de dias ensolarados durante o ano. A\u2026","rel":"","context":"Post similar","block_context":{"text":"Post similar","link":""},"img":{"alt_text":"Rio Grande do Norte - Praia da Ba\u00eda Formosa","src":"https:\/\/i0.wp.com\/www.visiteobrasil.com.br\/news\/wp-content\/uploads\/2023\/10\/Baia-formosa-vistaaereadapraiadebaiaformosa-quedeunomedomunicipio-foto-cnm-licenca-cc-by-sa-30gr.jpg?fit=850%2C300&ssl=1&resize=350%2C200","width":350,"height":200,"srcset":"https:\/\/i0.wp.com\/www.visiteobrasil.com.br\/news\/wp-content\/uploads\/2023\/10\/Baia-formosa-vistaaereadapraiadebaiaformosa-quedeunomedomunicipio-foto-cnm-licenca-cc-by-sa-30gr.jpg?fit=850%2C300&ssl=1&resize=350%2C200 1x, https:\/\/i0.wp.com\/www.visiteobrasil.com.br\/news\/wp-content\/uploads\/2023\/10\/Baia-formosa-vistaaereadapraiadebaiaformosa-quedeunomedomunicipio-foto-cnm-licenca-cc-by-sa-30gr.jpg?fit=850%2C300&ssl=1&resize=525%2C300 1.5x, https:\/\/i0.wp.com\/www.visiteobrasil.com.br\/news\/wp-content\/uploads\/2023\/10\/Baia-formosa-vistaaereadapraiadebaiaformosa-quedeunomedomunicipio-foto-cnm-licenca-cc-by-sa-30gr.jpg?fit=850%2C300&ssl=1&resize=700%2C400 2x"},"classes":[]},{"id":4621,"url":"https:\/\/www.visiteobrasil.com.br\/news\/rio-grande-do-sul\/","url_meta":{"origin":4723,"position":2},"title":"Rio Grande do Sul","author":"Ramon","date":"11 de outubro de 2023","format":false,"excerpt":"Previous Next O estado do Rio Grande do Sul, localizado na Regi\u00e3o Sul do Brasil, \u00e9 uma terra de tradi\u00e7\u00e3o ga\u00facha, cultura rica e paisagens estonteantes. Conhecido por seu estilo de vida rural e orgulho de suas ra\u00edzes, o Rio Grande do Sul \u00e9 o lar das famosas est\u00e2ncias e\u2026","rel":"","context":"Post similar","block_context":{"text":"Post similar","link":""},"img":{"alt_text":"Rio Grande do Sul - Maria Fuma\u00e7a na Esta\u00e7\u00e3o Ferrovi\u00e1ria de Bento Gon\u00e7alves-RS","src":"https:\/\/i0.wp.com\/www.visiteobrasil.com.br\/news\/wp-content\/uploads\/2023\/10\/Maria-Fumaca-Estacao-Ferroviaria-Bento-Goncalves-Foto-Vanius-Turismo.jpg?fit=900%2C300&ssl=1&resize=350%2C200","width":350,"height":200,"srcset":"https:\/\/i0.wp.com\/www.visiteobrasil.com.br\/news\/wp-content\/uploads\/2023\/10\/Maria-Fumaca-Estacao-Ferroviaria-Bento-Goncalves-Foto-Vanius-Turismo.jpg?fit=900%2C300&ssl=1&resize=350%2C200 1x, https:\/\/i0.wp.com\/www.visiteobrasil.com.br\/news\/wp-content\/uploads\/2023\/10\/Maria-Fumaca-Estacao-Ferroviaria-Bento-Goncalves-Foto-Vanius-Turismo.jpg?fit=900%2C300&ssl=1&resize=525%2C300 1.5x, https:\/\/i0.wp.com\/www.visiteobrasil.com.br\/news\/wp-content\/uploads\/2023\/10\/Maria-Fumaca-Estacao-Ferroviaria-Bento-Goncalves-Foto-Vanius-Turismo.jpg?fit=900%2C300&ssl=1&resize=700%2C400 2x"},"classes":[]},{"id":4883,"url":"https:\/\/www.visiteobrasil.com.br\/news\/acre\/","url_meta":{"origin":4723,"position":3},"title":"Acre","author":"Ramon","date":"12 de outubro de 2023","format":false,"excerpt":"Previous Next O estado do Acre, situado na Regi\u00e3o Norte do Brasil, \u00e9 um verdadeiro para\u00edso natural na Amaz\u00f4nia. Grande parte de seu territ\u00f3rio \u00e9 coberto pela densa floresta amaz\u00f4nica, que abriga uma das maiores biodiversidades do mundo. O Parque Nacional da Serra do Divisor \u00e9 um destaque, com paisagens\u2026","rel":"","context":"Post similar","block_context":{"text":"Post similar","link":""},"img":{"alt_text":"Casas t\u00edpicas de Rio Branco - Acre","src":"https:\/\/i0.wp.com\/www.visiteobrasil.com.br\/news\/wp-content\/uploads\/2023\/10\/Acre-Casas-tipicas-do-Rio-Branco.jpg?fit=900%2C300&ssl=1&resize=350%2C200","width":350,"height":200,"srcset":"https:\/\/i0.wp.com\/www.visiteobrasil.com.br\/news\/wp-content\/uploads\/2023\/10\/Acre-Casas-tipicas-do-Rio-Branco.jpg?fit=900%2C300&ssl=1&resize=350%2C200 1x, https:\/\/i0.wp.com\/www.visiteobrasil.com.br\/news\/wp-content\/uploads\/2023\/10\/Acre-Casas-tipicas-do-Rio-Branco.jpg?fit=900%2C300&ssl=1&resize=525%2C300 1.5x, https:\/\/i0.wp.com\/www.visiteobrasil.com.br\/news\/wp-content\/uploads\/2023\/10\/Acre-Casas-tipicas-do-Rio-Branco.jpg?fit=900%2C300&ssl=1&resize=700%2C400 2x"},"classes":[]},{"id":4604,"url":"https:\/\/www.visiteobrasil.com.br\/news\/regiao-sul\/","url_meta":{"origin":4723,"position":4},"title":"Regi\u00e3o Sul","author":"Ramon","date":"11 de outubro de 2023","format":false,"excerpt":"Previous Next A Regi\u00e3o Sul do Brasil, composta pelos estados do Paran\u00e1, Santa Catarina e Rio Grande do Sul, \u00e9 conhecida por suas impressionantes belezas naturais e seu clima ameno. A regi\u00e3o \u00e9 marcada por uma geografia diversificada, que inclui serras, vales, planaltos e litorais encantadores. A regi\u00e3o sulista possui\u2026","rel":"","context":"Post similar","block_context":{"text":"Post similar","link":""},"img":{"alt_text":"Regi\u00e3o Sul - Praias de Balne\u00e1rio Cambori\u00fa","src":"https:\/\/i0.wp.com\/www.visiteobrasil.com.br\/news\/wp-content\/uploads\/2023\/10\/Vista-panoramica-das-Praias-de-Balneario-Camboriu-Foto-VerinhaaLicenca-cc-by-sa-3-0.jpg?fit=900%2C301&ssl=1&resize=350%2C200","width":350,"height":200,"srcset":"https:\/\/i0.wp.com\/www.visiteobrasil.com.br\/news\/wp-content\/uploads\/2023\/10\/Vista-panoramica-das-Praias-de-Balneario-Camboriu-Foto-VerinhaaLicenca-cc-by-sa-3-0.jpg?fit=900%2C301&ssl=1&resize=350%2C200 1x, https:\/\/i0.wp.com\/www.visiteobrasil.com.br\/news\/wp-content\/uploads\/2023\/10\/Vista-panoramica-das-Praias-de-Balneario-Camboriu-Foto-VerinhaaLicenca-cc-by-sa-3-0.jpg?fit=900%2C301&ssl=1&resize=525%2C300 1.5x, https:\/\/i0.wp.com\/www.visiteobrasil.com.br\/news\/wp-content\/uploads\/2023\/10\/Vista-panoramica-das-Praias-de-Balneario-Camboriu-Foto-VerinhaaLicenca-cc-by-sa-3-0.jpg?fit=900%2C301&ssl=1&resize=700%2C400 2x"},"classes":[]},{"id":6059,"url":"https:\/\/www.visiteobrasil.com.br\/news\/destinos-turisticos-de-portugal\/","url_meta":{"origin":4723,"position":5},"title":"Destinos tur\u00edsticos de Portugal","author":"Ramon","date":"21 de novembro de 2023","format":false,"excerpt":"Portugal oferece destinos tur\u00edsticos encantadores. Braga, com sua rica heran\u00e7a religiosa, exibe igrejas hist\u00f3ricas e uma atmosfera vibrante. Coimbra, cidade universit\u00e1ria, \u00e9 marcada por sua antiga universidade e o charme do Rio Mondego. \u00c9vora, no Alentejo, cativa com seus monumentos megal\u00edticos e arquitetura medieval. Lisboa, a capital, brilha com seus\u2026","rel":"","context":"Post similar","block_context":{"text":"Post similar","link":""},"img":{"alt_text":"Apostila de Haia - Portugal - Lisboa: Castelo de S\u00e2o Jorge","src":"https:\/\/i0.wp.com\/www.visiteobrasil.com.br\/news\/wp-content\/uploads\/2023\/11\/lisboa-lisboa-a-partir-do-castelo-de-sao-jorge-foto-alexander-de-leon-battista-licenca-cc-by-sa-2-0.jpg?fit=900%2C599&ssl=1&resize=350%2C200","width":350,"height":200,"srcset":"https:\/\/i0.wp.com\/www.visiteobrasil.com.br\/news\/wp-content\/uploads\/2023\/11\/lisboa-lisboa-a-partir-do-castelo-de-sao-jorge-foto-alexander-de-leon-battista-licenca-cc-by-sa-2-0.jpg?fit=900%2C599&ssl=1&resize=350%2C200 1x, https:\/\/i0.wp.com\/www.visiteobrasil.com.br\/news\/wp-content\/uploads\/2023\/11\/lisboa-lisboa-a-partir-do-castelo-de-sao-jorge-foto-alexander-de-leon-battista-licenca-cc-by-sa-2-0.jpg?fit=900%2C599&ssl=1&resize=525%2C300 1.5x, https:\/\/i0.wp.com\/www.visiteobrasil.com.br\/news\/wp-content\/uploads\/2023\/11\/lisboa-lisboa-a-partir-do-castelo-de-sao-jorge-foto-alexander-de-leon-battista-licenca-cc-by-sa-2-0.jpg?fit=900%2C599&ssl=1&resize=700%2C400 2x"},"classes":[]}],"jetpack_sharing_enabled":true,"jetpack_likes_enabled":true,"_links":{"self":[{"href":"https:\/\/www.visiteobrasil.com.br\/news\/wp-json\/wp\/v2\/pages\/4723","targetHints":{"allow":["GET"]}}],"collection":[{"href":"https:\/\/www.visiteobrasil.com.br\/news\/wp-json\/wp\/v2\/pages"}],"about":[{"href":"https:\/\/www.visiteobrasil.com.br\/news\/wp-json\/wp\/v2\/types\/page"}],"author":[{"embeddable":true,"href":"https:\/\/www.visiteobrasil.com.br\/news\/wp-json\/wp\/v2\/users\/2"}],"replies":[{"embeddable":true,"href":"https:\/\/www.visiteobrasil.com.br\/news\/wp-json\/wp\/v2\/comments?post=4723"}],"version-history":[{"count":4,"href":"https:\/\/www.visiteobrasil.com.br\/news\/wp-json\/wp\/v2\/pages\/4723\/revisions"}],"predecessor-version":[{"id":6335,"href":"https:\/\/www.visiteobrasil.com.br\/news\/wp-json\/wp\/v2\/pages\/4723\/revisions\/6335"}],"wp:featuredmedia":[{"embeddable":true,"href":"https:\/\/www.visiteobrasil.com.br\/news\/wp-json\/wp\/v2\/media\/4724"}],"wp:attachment":[{"href":"https:\/\/www.visiteobrasil.com.br\/news\/wp-json\/wp\/v2\/media?parent=4723"}],"curies":[{"name":"wp","href":"https:\/\/api.w.org\/{rel}","templated":true}]}}