{"id":4621,"date":"2023-10-11T12:53:43","date_gmt":"2023-10-11T15:53:43","guid":{"rendered":"https:\/\/www.visiteobrasil.com.br\/news\/?page_id=4621"},"modified":"2023-12-01T14:25:02","modified_gmt":"2023-12-01T17:25:02","slug":"rio-grande-do-sul","status":"publish","type":"page","link":"https:\/\/www.visiteobrasil.com.br\/news\/rio-grande-do-sul\/","title":{"rendered":"Rio Grande do Sul"},"content":{"rendered":"\t\t<div data-elementor-type=\"wp-page\" data-elementor-id=\"4621\" class=\"elementor elementor-4621\" data-elementor-post-type=\"page\">\n\t\t\t\t\t\t<section class=\"elementor-section elementor-top-section elementor-element elementor-element-79fd421 elementor-section-boxed elementor-section-height-default elementor-section-height-default\" data-id=\"79fd421\" data-element_type=\"section\">\n\t\t\t\t\t\t<div class=\"elementor-container elementor-column-gap-default\">\n\t\t\t\t\t<div class=\"elementor-column elementor-col-100 elementor-top-column elementor-element elementor-element-3d85c71\" data-id=\"3d85c71\" data-element_type=\"column\">\n\t\t\t<div class=\"elementor-widget-wrap elementor-element-populated\">\n\t\t\t\t\t\t<div class=\"elementor-element elementor-element-d1f6cc3 elementor-skin-coverflow elementor-arrows-yes elementor-pagination-type-bullets elementor-pagination-position-outside elementor-widget elementor-widget-media-carousel\" data-id=\"d1f6cc3\" data-element_type=\"widget\" data-settings=\"{&quot;skin&quot;:&quot;coverflow&quot;,&quot;autoplay_speed&quot;:3000,&quot;show_arrows&quot;:&quot;yes&quot;,&quot;pagination&quot;:&quot;bullets&quot;,&quot;speed&quot;:500,&quot;autoplay&quot;:&quot;yes&quot;,&quot;loop&quot;:&quot;yes&quot;,&quot;pause_on_hover&quot;:&quot;yes&quot;,&quot;pause_on_interaction&quot;:&quot;yes&quot;,&quot;space_between&quot;:{&quot;unit&quot;:&quot;px&quot;,&quot;size&quot;:10,&quot;sizes&quot;:[]},&quot;space_between_tablet&quot;:{&quot;unit&quot;:&quot;px&quot;,&quot;size&quot;:10,&quot;sizes&quot;:[]},&quot;space_between_mobile&quot;:{&quot;unit&quot;:&quot;px&quot;,&quot;size&quot;:10,&quot;sizes&quot;:[]}}\" data-widget_type=\"media-carousel.default\">\n\t\t\t\t<div class=\"elementor-widget-container\">\n\t\t\t<link rel=\"stylesheet\" href=\"https:\/\/www.visiteobrasil.com.br\/news\/wp-content\/plugins\/pro-elements\/assets\/css\/widget-carousel.min.css?ver=1725798641\">\t\t<div class=\"elementor-swiper\">\n\t\t\t<div class=\"elementor-main-swiper swiper\">\n\t\t\t\t<div class=\"swiper-wrapper\">\n\t\t\t\t\t\t\t\t\t\t\t<div class=\"swiper-slide\">\n\t\t\t\t\t\t\t\t\t<div class=\"elementor-carousel-image\" role=\"img\" aria-label=\"Rio Grande do Sul - Lago Negro em Gramado\" style=\"background-image: url(&#039;https:\/\/i0.wp.com\/www.visiteobrasil.com.br\/news\/wp-content\/uploads\/2023\/10\/gramado-lagonegro-foto-fernandosaldadolicenca-dominio-publicogr.jpg?fit=850%2C300&amp;ssl=1&#039;)\">\n\n\t\t\t\n\t\t\t\t\t<\/div>\n\t\t\t\t\t\t\t\t<\/div>\n\t\t\t\t\t\t\t\t\t\t\t<div class=\"swiper-slide\">\n\t\t\t\t\t\t\t\t\t<div class=\"elementor-carousel-image\" role=\"img\" aria-label=\"Rio Grande do Sul - Cascata do Caracol em Canela\" style=\"background-image: url(&#039;https:\/\/i0.wp.com\/www.visiteobrasil.com.br\/news\/wp-content\/uploads\/2023\/10\/canela-cascatadocaracol-foto-leandroanhellilicenca-cc-by-sa-20gr.jpg?fit=850%2C303&amp;ssl=1&#039;)\">\n\n\t\t\t\n\t\t\t\t\t<\/div>\n\t\t\t\t\t\t\t\t<\/div>\n\t\t\t\t\t\t\t\t\t\t\t<div class=\"swiper-slide\">\n\t\t\t\t\t\t\t\t\t<div class=\"elementor-carousel-image\" role=\"img\" aria-label=\"Rio Grande do Sul - Itaimbezinho Canyon aparados da Serra National Park em Cambar\u00e1 do Sul\" style=\"background-image: url(&#039;https:\/\/i0.wp.com\/www.visiteobrasil.com.br\/news\/wp-content\/uploads\/2023\/10\/cambara-do-sul-itaimbezinhocanyonaparadosdaserranationalpark-foto-valdineypimentalicenca-cc-by-sa-20gr.jpg?fit=850%2C299&amp;ssl=1&#039;)\">\n\n\t\t\t\n\t\t\t\t\t<\/div>\n\t\t\t\t\t\t\t\t<\/div>\n\t\t\t\t\t\t\t\t\t\t\t<div class=\"swiper-slide\">\n\t\t\t\t\t\t\t\t\t<div class=\"elementor-carousel-image\" role=\"img\" aria-label=\"Rio Grande do Sul - \u00c1guas termais em Bento Gon\u00e7alves\" style=\"background-image: url(&#039;https:\/\/i0.wp.com\/www.visiteobrasil.com.br\/news\/wp-content\/uploads\/2023\/10\/Bento-Goncalves-A%C2%81guas-termais-com-41o-natural-Foto-Vanius-Turismo.jpg?fit=900%2C300&amp;ssl=1&#039;)\">\n\n\t\t\t\n\t\t\t\t\t<\/div>\n\t\t\t\t\t\t\t\t<\/div>\n\t\t\t\t\t\t\t\t\t\t\t<div class=\"swiper-slide\">\n\t\t\t\t\t\t\t\t\t<div class=\"elementor-carousel-image\" role=\"img\" aria-label=\"Rio Grande do Sul - Mine mundo de Gramado\" style=\"background-image: url(&#039;https:\/\/i0.wp.com\/www.visiteobrasil.com.br\/news\/wp-content\/uploads\/2023\/10\/gramado-minimundodegramado-foto-fernandasteffenlicenca-cc-by-sa-20gr.jpg?fit=850%2C300&amp;ssl=1&#039;)\">\n\n\t\t\t\n\t\t\t\t\t<\/div>\n\t\t\t\t\t\t\t\t<\/div>\n\t\t\t\t\t\t\t\t\t\t\t<div class=\"swiper-slide\">\n\t\t\t\t\t\t\t\t\t<div class=\"elementor-carousel-image\" role=\"img\" aria-label=\"Rio Grande do Sul - Labirinto verde na Pra\u00e7a das Flores em Nova Petr\u00f3polis\" style=\"background-image: url(&#039;https:\/\/i0.wp.com\/www.visiteobrasil.com.br\/news\/wp-content\/uploads\/2023\/10\/nova-petropolis-labirintoverdenapracadasflores-foto-samuelselbachdrieslicenca-cc-by-sa-30gr.jpg?fit=850%2C300&amp;ssl=1&#039;)\">\n\n\t\t\t\n\t\t\t\t\t<\/div>\n\t\t\t\t\t\t\t\t<\/div>\n\t\t\t\t\t\t\t\t\t\t\t<div class=\"swiper-slide\">\n\t\t\t\t\t\t\t\t\t<div class=\"elementor-carousel-image\" role=\"img\" aria-label=\"Rio Grande do Sul - S\u00edtio Arqueol\u00f3gico S\u00e3o Miguel Arcanjo em S\u00e3o Miguel das Miss\u00f5es\" style=\"background-image: url(&#039;https:\/\/i0.wp.com\/www.visiteobrasil.com.br\/news\/wp-content\/uploads\/2023\/10\/sao-miguel-das-missoes-sitioarqueologicodesaomiguelarcanjo-foto-hallepachecodeoliveiralicenca-cc-by-sa-30gr.jpg?fit=850%2C300&amp;ssl=1&#039;)\">\n\n\t\t\t\n\t\t\t\t\t<\/div>\n\t\t\t\t\t\t\t\t<\/div>\n\t\t\t\t\t\t\t\t\t<\/div>\n\t\t\t\t\t\t\t\t\t\t\t\t\t\t\t<div class=\"swiper-pagination\"><\/div>\n\t\t\t\t\t\t\t\t\t\t\t\t\t\t\t\t<div class=\"elementor-swiper-button elementor-swiper-button-prev\" role=\"button\" tabindex=\"0\">\n\t\t\t\t\t\t\t<svg aria-hidden=\"true\" class=\"e-font-icon-svg e-eicon-chevron-left\" viewBox=\"0 0 1000 1000\" xmlns=\"http:\/\/www.w3.org\/2000\/svg\"><path d=\"M646 125C629 125 613 133 604 142L308 442C296 454 292 471 292 487 292 504 296 521 308 533L604 854C617 867 629 875 646 875 663 875 679 871 692 858 704 846 713 829 713 812 713 796 708 779 692 767L438 487 692 225C700 217 708 204 708 187 708 171 704 154 692 142 675 129 663 125 646 125Z\"><\/path><\/svg>\t\t\t\t\t\t\t<span class=\"elementor-screen-only\">Previous<\/span>\n\t\t\t\t\t\t<\/div>\n\t\t\t\t\t\t<div class=\"elementor-swiper-button elementor-swiper-button-next\" role=\"button\" tabindex=\"0\">\n\t\t\t\t\t\t\t<svg aria-hidden=\"true\" class=\"e-font-icon-svg e-eicon-chevron-right\" viewBox=\"0 0 1000 1000\" xmlns=\"http:\/\/www.w3.org\/2000\/svg\"><path d=\"M696 533C708 521 713 504 713 487 713 471 708 454 696 446L400 146C388 133 375 125 354 125 338 125 325 129 313 142 300 154 292 171 292 187 292 204 296 221 308 233L563 492 304 771C292 783 288 800 288 817 288 833 296 850 308 863 321 871 338 875 354 875 371 875 388 867 400 854L696 533Z\"><\/path><\/svg>\t\t\t\t\t\t\t<span class=\"elementor-screen-only\">Next<\/span>\n\t\t\t\t\t\t<\/div>\n\t\t\t\t\t\t\t\t\t\t\t\t<\/div>\n\t\t<\/div>\n\t\t\t\t<\/div>\n\t\t\t\t<\/div>\n\t\t\t\t\t<\/div>\n\t\t<\/div>\n\t\t\t\t\t<\/div>\n\t\t<\/section>\n\t\t\t\t<section class=\"elementor-section elementor-top-section elementor-element elementor-element-65544fc6 elementor-section-boxed elementor-section-height-default elementor-section-height-default\" data-id=\"65544fc6\" data-element_type=\"section\">\n\t\t\t\t\t\t<div class=\"elementor-container elementor-column-gap-default\">\n\t\t\t\t\t<div class=\"elementor-column elementor-col-100 elementor-top-column elementor-element elementor-element-3a0f60a4\" data-id=\"3a0f60a4\" data-element_type=\"column\">\n\t\t\t<div class=\"elementor-widget-wrap elementor-element-populated\">\n\t\t\t\t\t\t<div class=\"elementor-element elementor-element-4c6e3f87 elementor-drop-cap-yes elementor-drop-cap-view-default elementor-widget elementor-widget-text-editor\" data-id=\"4c6e3f87\" data-element_type=\"widget\" data-settings=\"{&quot;drop_cap&quot;:&quot;yes&quot;}\" data-widget_type=\"text-editor.default\">\n\t\t\t\t<div class=\"elementor-widget-container\">\n\t\t\t<style>\/*! elementor - v3.23.0 - 05-08-2024 *\/\n.elementor-widget-text-editor.elementor-drop-cap-view-stacked .elementor-drop-cap{background-color:#69727d;color:#fff}.elementor-widget-text-editor.elementor-drop-cap-view-framed .elementor-drop-cap{color:#69727d;border:3px solid;background-color:transparent}.elementor-widget-text-editor:not(.elementor-drop-cap-view-default) .elementor-drop-cap{margin-top:8px}.elementor-widget-text-editor:not(.elementor-drop-cap-view-default) .elementor-drop-cap-letter{width:1em;height:1em}.elementor-widget-text-editor .elementor-drop-cap{float:left;text-align:center;line-height:1;font-size:50px}.elementor-widget-text-editor .elementor-drop-cap-letter{display:inline-block}<\/style>\t\t\t\t<p>O estado do Rio Grande do Sul, localizado na Regi\u00e3o Sul do Brasil, \u00e9 uma terra de tradi\u00e7\u00e3o ga\u00facha, cultura rica e paisagens estonteantes. Conhecido por seu estilo de vida rural e orgulho de suas ra\u00edzes, o <a href=\"https:\/\/pt.wikipedia.org\/wiki\/Rio_Grande_do_Sul\" target=\"_blank\" rel=\"noopener\">Rio Grande do Sul<\/a> \u00e9 o lar das famosas est\u00e2ncias e fazendas onde a cultura ga\u00facha \u00e9 preservada e celebrada. O estado \u00e9 igualmente marcado por suas vastas plan\u00edcies, conhecidas como pampas, onde o gado \u00e9 criado e onde as tradi\u00e7\u00f5es de cavalgadas e rodeios s\u00e3o mantidas vivas. Al\u00e9m disso, o Rio Grande do Sul abriga a Serra Ga\u00facha, uma regi\u00e3o de montanhas cobertas de vinhas, onde a produ\u00e7\u00e3o de vinho e a culin\u00e1ria italiana s\u00e3o proeminentes. A <a href=\"https:\/\/www.visiteobrasil.com.br\/brasil\/sul\/rio-grande-do-sul\/belezas-naturais\">beleza natural<\/a> do estado tamb\u00e9m se destaca nas forma\u00e7\u00f5es rochosas do Parque Nacional dos Aparados da Serra e nas praias do litoral ga\u00facho.<\/p>\n<h2><strong>Cultura e Gastronomia Ga\u00fachas do Rio Grande do Sul<\/strong><\/h2>\n<p>A cultura ga\u00facha \u00e9 uma parte essencial da identidade do Rio Grande do Sul. Os ga\u00fachos s\u00e3o conhecidos por suas m\u00fasicas tradicionais, como o fandango e o milong\u00e3o, e pela dan\u00e7a t\u00edpica chamada de dan\u00e7a de sal\u00e3o. Al\u00e9m disso, a culin\u00e1ria ga\u00facha \u00e9 celebrada por seus pratos robustos e saborosos, com destaque para o churrasco, onde a carne \u00e9 preparada de maneira \u00fanica em churrasqueiras a lenha. O estado tamb\u00e9m \u00e9 famoso por seu chimarr\u00e3o, uma bebida \u00e0 base de erva-mate que \u00e9 compartilhada entre amigos e familiares como um s\u00edmbolo de hospitalidade. Com sua rica cultura, paisagens variadas e estilo de vida aut\u00eantico, o&nbsp;<a href=\"https:\/\/visiteobrasil.com.br\/sul\/rio-grande-do-sul\" target=\"_blank\"><b>Rio Grande do Sul<\/b><\/a>&nbsp;\u00e9 um destino cativante para quem deseja explorar as tradi\u00e7\u00f5es ga\u00fachas e a beleza natural do sul do Brasil.<\/p>\t\t\t\t\t\t<\/div>\n\t\t\t\t<\/div>\n\t\t\t\t\t<\/div>\n\t\t<\/div>\n\t\t\t\t\t<\/div>\n\t\t<\/section>\n\t\t<div class=\"elementor-element elementor-element-b869780 e-flex e-con-boxed e-con e-parent\" data-id=\"b869780\" data-element_type=\"container\">\n\t\t\t\t\t<div class=\"e-con-inner\">\n\t\t<div class=\"elementor-element elementor-element-0ca5538 e-con-full e-flex e-con e-child\" data-id=\"0ca5538\" data-element_type=\"container\">\n\t\t\t\t<\/div>\n\t\t<div class=\"elementor-element elementor-element-4c7813f e-con-full e-flex e-con e-child\" data-id=\"4c7813f\" data-element_type=\"container\">\n\t\t\t\t<div class=\"elementor-element elementor-element-35aa78e elementor-widget elementor-widget-eael-creative-button\" data-id=\"35aa78e\" data-element_type=\"widget\" data-widget_type=\"eael-creative-button.default\">\n\t\t\t\t<div class=\"elementor-widget-container\">\n\t\t\t        <div class=\"eael-creative-button-wrapper\">\n\n            <a class=\"eael-creative-button eael-creative-button--winona\" href=\"https:\/\/visiteobrasil.com.br\/sul\/rio-grande-do-sul\" data-text=\"Veja\">\n            \t    \n                <div class=\"creative-button-inner\">\n\n                    \n                    <span class=\"cretive-button-text\">Destinos tur\u00edsticos do Rio Grande do Sul<\/span>\n\n                                    <\/div>\n\t                        <\/a>\n        <\/div>\n        \t\t<\/div>\n\t\t\t\t<\/div>\n\t\t\t\t<\/div>\n\t\t<div class=\"elementor-element elementor-element-8c1edde e-con-full e-flex e-con e-child\" data-id=\"8c1edde\" data-element_type=\"container\">\n\t\t\t\t<\/div>\n\t\t\t\t\t<\/div>\n\t\t\t\t<\/div>\n\t\t\t\t<\/div>\n\t\t","protected":false},"excerpt":{"rendered":"<p>Previous Next O estado do Rio Grande do Sul, localizado na Regi\u00e3o Sul do Brasil, \u00e9 uma terra de tradi\u00e7\u00e3o ga\u00facha, cultura rica e paisagens estonteantes. Conhecido por seu estilo de vida rural e orgulho de suas ra\u00edzes, o Rio Grande do Sul \u00e9 o lar das famosas est\u00e2ncias e fazendas onde a cultura ga\u00facha [&hellip;]<\/p>\n","protected":false},"author":2,"featured_media":4622,"parent":0,"menu_order":0,"comment_status":"closed","ping_status":"closed","template":"","meta":{"footnotes":""},"class_list":["post-4621","page","type-page","status-publish","has-post-thumbnail","hentry"],"jetpack-related-posts":[{"id":4604,"url":"https:\/\/www.visiteobrasil.com.br\/news\/regiao-sul\/","url_meta":{"origin":4621,"position":0},"title":"Regi\u00e3o Sul","author":"Ramon","date":"11 de outubro de 2023","format":false,"excerpt":"Previous Next A Regi\u00e3o Sul do Brasil, composta pelos estados do Paran\u00e1, Santa Catarina e Rio Grande do Sul, \u00e9 conhecida por suas impressionantes belezas naturais e seu clima ameno. A regi\u00e3o \u00e9 marcada por uma geografia diversificada, que inclui serras, vales, planaltos e litorais encantadores. A regi\u00e3o sulista possui\u2026","rel":"","context":"Post similar","block_context":{"text":"Post similar","link":""},"img":{"alt_text":"Regi\u00e3o Sul - Praias de Balne\u00e1rio Cambori\u00fa","src":"https:\/\/i0.wp.com\/www.visiteobrasil.com.br\/news\/wp-content\/uploads\/2023\/10\/Vista-panoramica-das-Praias-de-Balneario-Camboriu-Foto-VerinhaaLicenca-cc-by-sa-3-0.jpg?fit=900%2C301&ssl=1&resize=350%2C200","width":350,"height":200,"srcset":"https:\/\/i0.wp.com\/www.visiteobrasil.com.br\/news\/wp-content\/uploads\/2023\/10\/Vista-panoramica-das-Praias-de-Balneario-Camboriu-Foto-VerinhaaLicenca-cc-by-sa-3-0.jpg?fit=900%2C301&ssl=1&resize=350%2C200 1x, https:\/\/i0.wp.com\/www.visiteobrasil.com.br\/news\/wp-content\/uploads\/2023\/10\/Vista-panoramica-das-Praias-de-Balneario-Camboriu-Foto-VerinhaaLicenca-cc-by-sa-3-0.jpg?fit=900%2C301&ssl=1&resize=525%2C300 1.5x, https:\/\/i0.wp.com\/www.visiteobrasil.com.br\/news\/wp-content\/uploads\/2023\/10\/Vista-panoramica-das-Praias-de-Balneario-Camboriu-Foto-VerinhaaLicenca-cc-by-sa-3-0.jpg?fit=900%2C301&ssl=1&resize=700%2C400 2x"},"classes":[]},{"id":4755,"url":"https:\/\/www.visiteobrasil.com.br\/news\/mato-grosso-do-sul\/","url_meta":{"origin":4621,"position":1},"title":"Mato Grosso do Sul","author":"Ramon","date":"11 de outubro de 2023","format":false,"excerpt":"Previous Next O estado de Mato Grosso do Sul, localizado na Regi\u00e3o Centro-Oeste do Brasil, \u00e9 um tesouro de riqueza natural e biodiversidade. Com paisagens diversas que v\u00e3o desde o Pantanal, a maior plan\u00edcie alagada do mundo, at\u00e9 o Cerrado e as serras, Mato Grosso do Sul \u00e9 um para\u00edso\u2026","rel":"","context":"Post similar","block_context":{"text":"Post similar","link":""},"img":{"alt_text":"Cidade de Bonito - Lagoas com peixes coloridos - Mato Grosso do Sul","src":"https:\/\/i0.wp.com\/www.visiteobrasil.com.br\/news\/wp-content\/uploads\/2023\/10\/Bonito-acidadeeconhecidapelosseusriosdeaguascristalinas-foto-leonardodasilvalicenca-cc-by-sa-30gr.jpg?fit=850%2C300&ssl=1&resize=350%2C200","width":350,"height":200,"srcset":"https:\/\/i0.wp.com\/www.visiteobrasil.com.br\/news\/wp-content\/uploads\/2023\/10\/Bonito-acidadeeconhecidapelosseusriosdeaguascristalinas-foto-leonardodasilvalicenca-cc-by-sa-30gr.jpg?fit=850%2C300&ssl=1&resize=350%2C200 1x, https:\/\/i0.wp.com\/www.visiteobrasil.com.br\/news\/wp-content\/uploads\/2023\/10\/Bonito-acidadeeconhecidapelosseusriosdeaguascristalinas-foto-leonardodasilvalicenca-cc-by-sa-30gr.jpg?fit=850%2C300&ssl=1&resize=525%2C300 1.5x, https:\/\/i0.wp.com\/www.visiteobrasil.com.br\/news\/wp-content\/uploads\/2023\/10\/Bonito-acidadeeconhecidapelosseusriosdeaguascristalinas-foto-leonardodasilvalicenca-cc-by-sa-30gr.jpg?fit=850%2C300&ssl=1&resize=700%2C400 2x"},"classes":[]},{"id":4601,"url":"https:\/\/www.visiteobrasil.com.br\/news\/regiao-sudeste\/","url_meta":{"origin":4621,"position":2},"title":"Regi\u00e3o Sudeste","author":"Ramon","date":"11 de outubro de 2023","format":false,"excerpt":"Previous Next A Regi\u00e3o Sudeste do Brasil, composta pelos estados de S\u00e3o Paulo, Rio de Janeiro, Minas Gerais e Esp\u00edrito Santo, \u00e9 o motor econ\u00f4mico do pa\u00eds. Sendo a regi\u00e3o mais industrializada e urbanizada do Brasil, o Sudeste \u00e9 o epicentro das atividades financeiras, industriais e tecnol\u00f3gicas. S\u00e3o Paulo, a\u2026","rel":"","context":"Post similar","block_context":{"text":"Post similar","link":""},"img":{"alt_text":"Regi\u00e3o Sudeste - Museu da Inconfid\u00eancia Mineira","src":"https:\/\/i0.wp.com\/www.visiteobrasil.com.br\/news\/wp-content\/uploads\/2023\/10\/Museu-da-Inconfidencia-Foto-Valter-Campanato-abr-Licenca-cc-by-sa-3-0.jpg?fit=900%2C303&ssl=1&resize=350%2C200","width":350,"height":200,"srcset":"https:\/\/i0.wp.com\/www.visiteobrasil.com.br\/news\/wp-content\/uploads\/2023\/10\/Museu-da-Inconfidencia-Foto-Valter-Campanato-abr-Licenca-cc-by-sa-3-0.jpg?fit=900%2C303&ssl=1&resize=350%2C200 1x, https:\/\/i0.wp.com\/www.visiteobrasil.com.br\/news\/wp-content\/uploads\/2023\/10\/Museu-da-Inconfidencia-Foto-Valter-Campanato-abr-Licenca-cc-by-sa-3-0.jpg?fit=900%2C303&ssl=1&resize=525%2C300 1.5x, https:\/\/i0.wp.com\/www.visiteobrasil.com.br\/news\/wp-content\/uploads\/2023\/10\/Museu-da-Inconfidencia-Foto-Valter-Campanato-abr-Licenca-cc-by-sa-3-0.jpg?fit=900%2C303&ssl=1&resize=700%2C400 2x"},"classes":[]},{"id":4875,"url":"https:\/\/www.visiteobrasil.com.br\/news\/rio-grande-do-norte\/","url_meta":{"origin":4621,"position":3},"title":"Rio Grande do Norte","author":"Ramon","date":"12 de outubro de 2023","format":false,"excerpt":"Previous Next O estado do Rio Grande do Norte, localizado na Regi\u00e3o Nordeste do Brasil, \u00e9 um destino que se destaca por suas praias deslumbrantes e belezas naturais. A capital, Natal, \u00e9 conhecida como a \"Cidade do Sol\" devido \u00e0 sua alta incid\u00eancia de dias ensolarados durante o ano. A\u2026","rel":"","context":"Post similar","block_context":{"text":"Post similar","link":""},"img":{"alt_text":"Rio Grande do Norte - Praia da Ba\u00eda Formosa","src":"https:\/\/i0.wp.com\/www.visiteobrasil.com.br\/news\/wp-content\/uploads\/2023\/10\/Baia-formosa-vistaaereadapraiadebaiaformosa-quedeunomedomunicipio-foto-cnm-licenca-cc-by-sa-30gr.jpg?fit=850%2C300&ssl=1&resize=350%2C200","width":350,"height":200,"srcset":"https:\/\/i0.wp.com\/www.visiteobrasil.com.br\/news\/wp-content\/uploads\/2023\/10\/Baia-formosa-vistaaereadapraiadebaiaformosa-quedeunomedomunicipio-foto-cnm-licenca-cc-by-sa-30gr.jpg?fit=850%2C300&ssl=1&resize=350%2C200 1x, https:\/\/i0.wp.com\/www.visiteobrasil.com.br\/news\/wp-content\/uploads\/2023\/10\/Baia-formosa-vistaaereadapraiadebaiaformosa-quedeunomedomunicipio-foto-cnm-licenca-cc-by-sa-30gr.jpg?fit=850%2C300&ssl=1&resize=525%2C300 1.5x, https:\/\/i0.wp.com\/www.visiteobrasil.com.br\/news\/wp-content\/uploads\/2023\/10\/Baia-formosa-vistaaereadapraiadebaiaformosa-quedeunomedomunicipio-foto-cnm-licenca-cc-by-sa-30gr.jpg?fit=850%2C300&ssl=1&resize=700%2C400 2x"},"classes":[]},{"id":4618,"url":"https:\/\/www.visiteobrasil.com.br\/news\/santa-catarina\/","url_meta":{"origin":4621,"position":4},"title":"Santa Catarina","author":"Ramon","date":"11 de outubro de 2023","format":false,"excerpt":"Previous Next Santa Catarina, situado na Regi\u00e3o Sul do Brasil, \u00e9 um estado que se destaca pela sua variada geografia e pelas deslumbrantes belezas naturais. Do litoral atl\u00e2ntico com suas praias paradis\u00edacas, como Florian\u00f3polis e Balne\u00e1rio Cambori\u00fa, at\u00e9 as regi\u00f5es serranas, como a famosa cidade de Blumenau, a paisagem catarinense\u2026","rel":"","context":"Post similar","block_context":{"text":"Post similar","link":""},"img":{"alt_text":"Santa Catarina- Praia do Rosa - Ibituba-sc","src":"https:\/\/i0.wp.com\/www.visiteobrasil.com.br\/news\/wp-content\/uploads\/2023\/10\/Praia-do-Rosa-Foto-Claudio-Lima-Setur-Imbituba.jpg?fit=900%2C301&ssl=1&resize=350%2C200","width":350,"height":200,"srcset":"https:\/\/i0.wp.com\/www.visiteobrasil.com.br\/news\/wp-content\/uploads\/2023\/10\/Praia-do-Rosa-Foto-Claudio-Lima-Setur-Imbituba.jpg?fit=900%2C301&ssl=1&resize=350%2C200 1x, https:\/\/i0.wp.com\/www.visiteobrasil.com.br\/news\/wp-content\/uploads\/2023\/10\/Praia-do-Rosa-Foto-Claudio-Lima-Setur-Imbituba.jpg?fit=900%2C301&ssl=1&resize=525%2C300 1.5x, https:\/\/i0.wp.com\/www.visiteobrasil.com.br\/news\/wp-content\/uploads\/2023\/10\/Praia-do-Rosa-Foto-Claudio-Lima-Setur-Imbituba.jpg?fit=900%2C301&ssl=1&resize=700%2C400 2x"},"classes":[]},{"id":6001,"url":"https:\/\/www.visiteobrasil.com.br\/news\/destinos-turisticos-de-coreia-do-sul\/","url_meta":{"origin":4621,"position":5},"title":"Destinos tur\u00edsticos de Cor\u00e9ia do Sul","author":"Ramon","date":"21 de novembro de 2023","format":false,"excerpt":"Seul, a capital da Coreia do Sul, \u00e9 um destino tur\u00edstico din\u00e2mico que combina uma rica heran\u00e7a cultural com modernidade. Com arranha-c\u00e9us deslumbrantes, pal\u00e1cios hist\u00f3ricos como Gyeongbokgung, e bairros vibrantes como Gangnam, Seul oferece uma experi\u00eancia \u00fanica. Os visitantes podem explorar mercados tradicionais, como o Namdaemun, e apreciar a fus\u00e3o\u2026","rel":"","context":"Post similar","block_context":{"text":"Post similar","link":""},"img":{"alt_text":"Cor\u00e9ia do Sul - Seul : Pavilh\u00e3o Gyeongbokgung","src":"https:\/\/i0.wp.com\/www.visiteobrasil.com.br\/news\/wp-content\/uploads\/2023\/11\/seul-pavilhao-gyeongbokgung-foto-joon-young-kim-licenca-cc-by-sa-3-0.jpg?fit=850%2C566&ssl=1&resize=350%2C200","width":350,"height":200,"srcset":"https:\/\/i0.wp.com\/www.visiteobrasil.com.br\/news\/wp-content\/uploads\/2023\/11\/seul-pavilhao-gyeongbokgung-foto-joon-young-kim-licenca-cc-by-sa-3-0.jpg?fit=850%2C566&ssl=1&resize=350%2C200 1x, https:\/\/i0.wp.com\/www.visiteobrasil.com.br\/news\/wp-content\/uploads\/2023\/11\/seul-pavilhao-gyeongbokgung-foto-joon-young-kim-licenca-cc-by-sa-3-0.jpg?fit=850%2C566&ssl=1&resize=525%2C300 1.5x, https:\/\/i0.wp.com\/www.visiteobrasil.com.br\/news\/wp-content\/uploads\/2023\/11\/seul-pavilhao-gyeongbokgung-foto-joon-young-kim-licenca-cc-by-sa-3-0.jpg?fit=850%2C566&ssl=1&resize=700%2C400 2x"},"classes":[]}],"jetpack_sharing_enabled":true,"jetpack_likes_enabled":true,"_links":{"self":[{"href":"https:\/\/www.visiteobrasil.com.br\/news\/wp-json\/wp\/v2\/pages\/4621","targetHints":{"allow":["GET"]}}],"collection":[{"href":"https:\/\/www.visiteobrasil.com.br\/news\/wp-json\/wp\/v2\/pages"}],"about":[{"href":"https:\/\/www.visiteobrasil.com.br\/news\/wp-json\/wp\/v2\/types\/page"}],"author":[{"embeddable":true,"href":"https:\/\/www.visiteobrasil.com.br\/news\/wp-json\/wp\/v2\/users\/2"}],"replies":[{"embeddable":true,"href":"https:\/\/www.visiteobrasil.com.br\/news\/wp-json\/wp\/v2\/comments?post=4621"}],"version-history":[{"count":4,"href":"https:\/\/www.visiteobrasil.com.br\/news\/wp-json\/wp\/v2\/pages\/4621\/revisions"}],"predecessor-version":[{"id":6351,"href":"https:\/\/www.visiteobrasil.com.br\/news\/wp-json\/wp\/v2\/pages\/4621\/revisions\/6351"}],"wp:featuredmedia":[{"embeddable":true,"href":"https:\/\/www.visiteobrasil.com.br\/news\/wp-json\/wp\/v2\/media\/4622"}],"wp:attachment":[{"href":"https:\/\/www.visiteobrasil.com.br\/news\/wp-json\/wp\/v2\/media?parent=4621"}],"curies":[{"name":"wp","href":"https:\/\/api.w.org\/{rel}","templated":true}]}}