{"id":4615,"date":"2023-10-11T12:33:00","date_gmt":"2023-10-11T15:33:00","guid":{"rendered":"https:\/\/www.visiteobrasil.com.br\/news\/?page_id=4615"},"modified":"2023-12-01T14:18:19","modified_gmt":"2023-12-01T17:18:19","slug":"parana","status":"publish","type":"page","link":"https:\/\/www.visiteobrasil.com.br\/news\/parana\/","title":{"rendered":"Paran\u00e1"},"content":{"rendered":"\t\t<div data-elementor-type=\"wp-page\" data-elementor-id=\"4615\" class=\"elementor elementor-4615\" data-elementor-post-type=\"page\">\n\t\t\t\t\t\t<section class=\"elementor-section elementor-top-section elementor-element elementor-element-5f4704d elementor-section-boxed elementor-section-height-default elementor-section-height-default\" data-id=\"5f4704d\" data-element_type=\"section\">\n\t\t\t\t\t\t<div class=\"elementor-container elementor-column-gap-default\">\n\t\t\t\t\t<div class=\"elementor-column elementor-col-100 elementor-top-column elementor-element elementor-element-f075b28\" data-id=\"f075b28\" data-element_type=\"column\">\n\t\t\t<div class=\"elementor-widget-wrap elementor-element-populated\">\n\t\t\t\t\t\t<div class=\"elementor-element elementor-element-f1a21c9 elementor-skin-coverflow elementor-arrows-yes elementor-pagination-type-bullets elementor-pagination-position-outside elementor-widget elementor-widget-media-carousel\" data-id=\"f1a21c9\" data-element_type=\"widget\" data-settings=\"{&quot;skin&quot;:&quot;coverflow&quot;,&quot;autoplay_speed&quot;:3000,&quot;show_arrows&quot;:&quot;yes&quot;,&quot;pagination&quot;:&quot;bullets&quot;,&quot;speed&quot;:500,&quot;autoplay&quot;:&quot;yes&quot;,&quot;loop&quot;:&quot;yes&quot;,&quot;pause_on_hover&quot;:&quot;yes&quot;,&quot;pause_on_interaction&quot;:&quot;yes&quot;,&quot;space_between&quot;:{&quot;unit&quot;:&quot;px&quot;,&quot;size&quot;:10,&quot;sizes&quot;:[]},&quot;space_between_tablet&quot;:{&quot;unit&quot;:&quot;px&quot;,&quot;size&quot;:10,&quot;sizes&quot;:[]},&quot;space_between_mobile&quot;:{&quot;unit&quot;:&quot;px&quot;,&quot;size&quot;:10,&quot;sizes&quot;:[]}}\" data-widget_type=\"media-carousel.default\">\n\t\t\t\t<div class=\"elementor-widget-container\">\n\t\t\t<link rel=\"stylesheet\" href=\"https:\/\/www.visiteobrasil.com.br\/news\/wp-content\/plugins\/pro-elements\/assets\/css\/widget-carousel.min.css?ver=1725798641\">\t\t<div class=\"elementor-swiper\">\n\t\t\t<div class=\"elementor-main-swiper swiper\">\n\t\t\t\t<div class=\"swiper-wrapper\">\n\t\t\t\t\t\t\t\t\t\t\t<div class=\"swiper-slide\">\n\t\t\t\t\t\t\t\t\t<div class=\"elementor-carousel-image\" role=\"img\" aria-label=\"Paran\u00e1 - Col\u00f4nia Samanbaia em Guapuava\" style=\"background-image: url(&#039;https:\/\/i0.wp.com\/www.visiteobrasil.com.br\/news\/wp-content\/uploads\/2023\/10\/guarapuava-coloniasamambaia-foto-marcosguerralicenca-dominio-publicogr.jpg?fit=850%2C300&amp;ssl=1&#039;)\">\n\n\t\t\t\n\t\t\t\t\t<\/div>\n\t\t\t\t\t\t\t\t<\/div>\n\t\t\t\t\t\t\t\t\t\t\t<div class=\"swiper-slide\">\n\t\t\t\t\t\t\t\t\t<div class=\"elementor-carousel-image\" role=\"img\" aria-label=\"Paran\u00e1 - Parque Linear em Jaguariaiva\" style=\"background-image: url(&#039;https:\/\/i0.wp.com\/www.visiteobrasil.com.br\/news\/wp-content\/uploads\/2023\/10\/Jaguariaiva2-Parque-Linear-Foto-Marcio-Geraldo.jpg?fit=901%2C300&amp;ssl=1&#039;)\">\n\n\t\t\t\n\t\t\t\t\t<\/div>\n\t\t\t\t\t\t\t\t<\/div>\n\t\t\t\t\t\t\t\t\t\t\t<div class=\"swiper-slide\">\n\t\t\t\t\t\t\t\t\t<div class=\"elementor-carousel-image\" role=\"img\" aria-label=\"Paran\u00e1 - Parque de Lazer do Arroio Gua\u00e7u em Mercedes\" style=\"background-image: url(&#039;https:\/\/i0.wp.com\/www.visiteobrasil.com.br\/news\/wp-content\/uploads\/2023\/10\/mercedes-parque-de-lazer-do-arroio-guacu-foto-ascom-prefeituragr.jpg?fit=850%2C300&amp;ssl=1&#039;)\">\n\n\t\t\t\n\t\t\t\t\t<\/div>\n\t\t\t\t\t\t\t\t<\/div>\n\t\t\t\t\t\t\t\t\t\t\t<div class=\"swiper-slide\">\n\t\t\t\t\t\t\t\t\t<div class=\"elementor-carousel-image\" role=\"img\" aria-label=\"Paran\u00e1 - Rio Undiaquara em Morretes\" style=\"background-image: url(&#039;https:\/\/i0.wp.com\/www.visiteobrasil.com.br\/news\/wp-content\/uploads\/2023\/10\/morretes-rionhundiaquara-foto-melicenca-cc-by-sa-30gr.jpg?fit=850%2C300&amp;ssl=1&#039;)\">\n\n\t\t\t\n\t\t\t\t\t<\/div>\n\t\t\t\t\t\t\t\t<\/div>\n\t\t\t\t\t\t\t\t\t\t\t<div class=\"swiper-slide\">\n\t\t\t\t\t\t\t\t\t<div class=\"elementor-carousel-image\" role=\"img\" aria-label=\"Paran\u00e1 - Fachada do Clube Palmeirense em Palmeiras\" style=\"background-image: url(&#039;https:\/\/i0.wp.com\/www.visiteobrasil.com.br\/news\/wp-content\/uploads\/2023\/10\/palmeiras-fachadadoclubepalmeirense-foto-guilmannlicenca-dominio-publicogr.jpg?fit=850%2C301&amp;ssl=1&#039;)\">\n\n\t\t\t\n\t\t\t\t\t<\/div>\n\t\t\t\t\t\t\t\t<\/div>\n\t\t\t\t\t\t\t\t\t\t\t<div class=\"swiper-slide\">\n\t\t\t\t\t\t\t\t\t<div class=\"elementor-carousel-image\" role=\"img\" aria-label=\"Paran\u00e1 - Parque Linear em Jaguariaiva\" style=\"background-image: url(&#039;https:\/\/i0.wp.com\/www.visiteobrasil.com.br\/news\/wp-content\/uploads\/2023\/10\/Jaguariaiva-Parque-Linear-Foto-Marcio-Geraldo.jpg?fit=900%2C300&amp;ssl=1&#039;)\">\n\n\t\t\t\n\t\t\t\t\t<\/div>\n\t\t\t\t\t\t\t\t<\/div>\n\t\t\t\t\t\t\t\t\t\t\t<div class=\"swiper-slide\">\n\t\t\t\t\t\t\t\t\t<div class=\"elementor-carousel-image\" role=\"img\" aria-label=\"Paran\u00e1 - Vista lateral da igreja matriz de Palmeiras\" style=\"background-image: url(&#039;https:\/\/i0.wp.com\/www.visiteobrasil.com.br\/news\/wp-content\/uploads\/2023\/10\/palmeiras-vistalateraldaigrejamatrizdacidade-foto-guilmannlicenca-cc-by-sa-30gr.jpg?fit=850%2C301&amp;ssl=1&#039;)\">\n\n\t\t\t\n\t\t\t\t\t<\/div>\n\t\t\t\t\t\t\t\t<\/div>\n\t\t\t\t\t\t\t\t\t<\/div>\n\t\t\t\t\t\t\t\t\t\t\t\t\t\t\t<div class=\"swiper-pagination\"><\/div>\n\t\t\t\t\t\t\t\t\t\t\t\t\t\t\t\t<div class=\"elementor-swiper-button elementor-swiper-button-prev\" role=\"button\" tabindex=\"0\">\n\t\t\t\t\t\t\t<svg aria-hidden=\"true\" class=\"e-font-icon-svg e-eicon-chevron-left\" viewBox=\"0 0 1000 1000\" xmlns=\"http:\/\/www.w3.org\/2000\/svg\"><path d=\"M646 125C629 125 613 133 604 142L308 442C296 454 292 471 292 487 292 504 296 521 308 533L604 854C617 867 629 875 646 875 663 875 679 871 692 858 704 846 713 829 713 812 713 796 708 779 692 767L438 487 692 225C700 217 708 204 708 187 708 171 704 154 692 142 675 129 663 125 646 125Z\"><\/path><\/svg>\t\t\t\t\t\t\t<span class=\"elementor-screen-only\">Previous<\/span>\n\t\t\t\t\t\t<\/div>\n\t\t\t\t\t\t<div class=\"elementor-swiper-button elementor-swiper-button-next\" role=\"button\" tabindex=\"0\">\n\t\t\t\t\t\t\t<svg aria-hidden=\"true\" class=\"e-font-icon-svg e-eicon-chevron-right\" viewBox=\"0 0 1000 1000\" xmlns=\"http:\/\/www.w3.org\/2000\/svg\"><path d=\"M696 533C708 521 713 504 713 487 713 471 708 454 696 446L400 146C388 133 375 125 354 125 338 125 325 129 313 142 300 154 292 171 292 187 292 204 296 221 308 233L563 492 304 771C292 783 288 800 288 817 288 833 296 850 308 863 321 871 338 875 354 875 371 875 388 867 400 854L696 533Z\"><\/path><\/svg>\t\t\t\t\t\t\t<span class=\"elementor-screen-only\">Next<\/span>\n\t\t\t\t\t\t<\/div>\n\t\t\t\t\t\t\t\t\t\t\t\t<\/div>\n\t\t<\/div>\n\t\t\t\t<\/div>\n\t\t\t\t<\/div>\n\t\t\t\t\t<\/div>\n\t\t<\/div>\n\t\t\t\t\t<\/div>\n\t\t<\/section>\n\t\t\t\t<section class=\"elementor-section elementor-top-section elementor-element elementor-element-795078ce elementor-section-boxed elementor-section-height-default elementor-section-height-default\" data-id=\"795078ce\" data-element_type=\"section\">\n\t\t\t\t\t\t<div class=\"elementor-container elementor-column-gap-default\">\n\t\t\t\t\t<div class=\"elementor-column elementor-col-100 elementor-top-column elementor-element elementor-element-c6326c1\" data-id=\"c6326c1\" data-element_type=\"column\">\n\t\t\t<div class=\"elementor-widget-wrap elementor-element-populated\">\n\t\t\t\t\t\t<div class=\"elementor-element elementor-element-75ebdef3 elementor-drop-cap-yes elementor-drop-cap-view-default elementor-widget elementor-widget-text-editor\" data-id=\"75ebdef3\" data-element_type=\"widget\" data-settings=\"{&quot;drop_cap&quot;:&quot;yes&quot;}\" data-widget_type=\"text-editor.default\">\n\t\t\t\t<div class=\"elementor-widget-container\">\n\t\t\t<style>\/*! elementor - v3.23.0 - 05-08-2024 *\/\n.elementor-widget-text-editor.elementor-drop-cap-view-stacked .elementor-drop-cap{background-color:#69727d;color:#fff}.elementor-widget-text-editor.elementor-drop-cap-view-framed .elementor-drop-cap{color:#69727d;border:3px solid;background-color:transparent}.elementor-widget-text-editor:not(.elementor-drop-cap-view-default) .elementor-drop-cap{margin-top:8px}.elementor-widget-text-editor:not(.elementor-drop-cap-view-default) .elementor-drop-cap-letter{width:1em;height:1em}.elementor-widget-text-editor .elementor-drop-cap{float:left;text-align:center;line-height:1;font-size:50px}.elementor-widget-text-editor .elementor-drop-cap-letter{display:inline-block}<\/style>\t\t\t\t<p>O estado do Paran\u00e1, localizado na Regi\u00e3o Sul do Brasil, \u00e9 marcado por sua not\u00e1vel diversidade geogr\u00e1fica. Suas paisagens variam desde a exuberante Mata Atl\u00e2ntica no litoral at\u00e9 as extensas plan\u00edcies do interior e as majestosas serras na regi\u00e3o sul. Al\u00e9m disso, o <a href=\"https:\/\/pt.wikipedia.org\/wiki\/Paran%C3%A1\" target=\"_blank\" rel=\"noopener\">Paran\u00e1<\/a> abriga o maior conjunto de c\u00e2nions da Am\u00e9rica do Sul, conhecido como o Parque Nacional de Aparados da Serra, onde desfiladeiros profundos e cascatas impressionantes oferecem oportunidades de aventura e contempla\u00e7\u00e3o da natureza. A diversidade geogr\u00e1fica do estado \u00e9 complementada por sua rica biodiversidade, abrigando diversas esp\u00e9cies de flora e fauna em seus parques e reservas naturais.<\/p>\n<h2><strong>Cultura e Economia Vibrantes do Paran\u00e1<\/strong><\/h2>\n<p>O Paran\u00e1 tamb\u00e9m se destaca por sua cultura rica e economia din\u00e2mica. <a href=\"https:\/\/www.visiteobrasil.com.br\/sul\/parana\/capital\/curitiba\">Curitiba<\/a>, a capital do estado, \u00e9 conhecida por sua qualidade de vida, planejamento urbano exemplar e atra\u00e7\u00f5es culturais, como o Museu Oscar Niemeyer e o Jardim Bot\u00e2nico. A regi\u00e3o oeste do Paran\u00e1 \u00e9 um importante polo agr\u00edcola do Brasil, com vastas planta\u00e7\u00f5es de soja e milho. Al\u00e9m disso, a cultura e a gastronomia paranaenses s\u00e3o influenciadas pelas tradi\u00e7\u00f5es de imigrantes europeus, principalmente italianos, alem\u00e3es e ucranianos, resultando em uma culin\u00e1ria variada e deliciosa que inclui pratos como pierogi, polenta e churrasco. O&nbsp;<a href=\"https:\/\/visiteobrasil.com.br\/sul\/parana\" target=\"_blank\"><b>Paran\u00e1<\/b><\/a>&nbsp;\u00e9 uma s\u00edntese da riqueza natural e cultural do Brasil, atraindo visitantes que desejam explorar suas belezas naturais e experimentar sua diversificada heran\u00e7a cultural.<\/p>\n<p><br><\/p>\t\t\t\t\t\t<\/div>\n\t\t\t\t<\/div>\n\t\t\t\t\t<\/div>\n\t\t<\/div>\n\t\t\t\t\t<\/div>\n\t\t<\/section>\n\t\t<div class=\"elementor-element elementor-element-727fcdc e-flex e-con-boxed e-con e-parent\" data-id=\"727fcdc\" data-element_type=\"container\">\n\t\t\t\t\t<div class=\"e-con-inner\">\n\t\t<div class=\"elementor-element elementor-element-5662a62 e-con-full e-flex e-con e-child\" data-id=\"5662a62\" data-element_type=\"container\">\n\t\t\t\t<\/div>\n\t\t<div class=\"elementor-element elementor-element-b0a3cb2 e-con-full e-flex e-con e-child\" data-id=\"b0a3cb2\" data-element_type=\"container\">\n\t\t\t\t<div class=\"elementor-element elementor-element-f746922 elementor-widget elementor-widget-eael-creative-button\" data-id=\"f746922\" data-element_type=\"widget\" data-widget_type=\"eael-creative-button.default\">\n\t\t\t\t<div class=\"elementor-widget-container\">\n\t\t\t        <div class=\"eael-creative-button-wrapper\">\n\n            <a class=\"eael-creative-button eael-creative-button--winona\" href=\"https:\/\/visiteobrasil.com.br\/sul\/parana\" data-text=\"Veja\">\n            \t    \n                <div class=\"creative-button-inner\">\n\n                    \n                    <span class=\"cretive-button-text\">Destinos tur\u00edsticos do Paran\u00e1<\/span>\n\n                                    <\/div>\n\t                        <\/a>\n        <\/div>\n        \t\t<\/div>\n\t\t\t\t<\/div>\n\t\t\t\t<\/div>\n\t\t<div class=\"elementor-element elementor-element-fa6ea77 e-con-full e-flex e-con e-child\" data-id=\"fa6ea77\" data-element_type=\"container\">\n\t\t\t\t<\/div>\n\t\t\t\t\t<\/div>\n\t\t\t\t<\/div>\n\t\t\t\t<\/div>\n\t\t","protected":false},"excerpt":{"rendered":"<p>Previous Next O estado do Paran\u00e1, localizado na Regi\u00e3o Sul do Brasil, \u00e9 marcado por sua not\u00e1vel diversidade geogr\u00e1fica. Suas paisagens variam desde a exuberante Mata Atl\u00e2ntica no litoral at\u00e9 as extensas plan\u00edcies do interior e as majestosas serras na regi\u00e3o sul. Al\u00e9m disso, o Paran\u00e1 abriga o maior conjunto de c\u00e2nions da Am\u00e9rica do [&hellip;]<\/p>\n","protected":false},"author":2,"featured_media":4616,"parent":0,"menu_order":0,"comment_status":"closed","ping_status":"closed","template":"","meta":{"footnotes":""},"class_list":["post-4615","page","type-page","status-publish","has-post-thumbnail","hentry"],"jetpack-related-posts":[{"id":4604,"url":"https:\/\/www.visiteobrasil.com.br\/news\/regiao-sul\/","url_meta":{"origin":4615,"position":0},"title":"Regi\u00e3o Sul","author":"Ramon","date":"11 de outubro de 2023","format":false,"excerpt":"Previous Next A Regi\u00e3o Sul do Brasil, composta pelos estados do Paran\u00e1, Santa Catarina e Rio Grande do Sul, \u00e9 conhecida por suas impressionantes belezas naturais e seu clima ameno. A regi\u00e3o \u00e9 marcada por uma geografia diversificada, que inclui serras, vales, planaltos e litorais encantadores. A regi\u00e3o sulista possui\u2026","rel":"","context":"Post similar","block_context":{"text":"Post similar","link":""},"img":{"alt_text":"Regi\u00e3o Sul - Praias de Balne\u00e1rio Cambori\u00fa","src":"https:\/\/i0.wp.com\/www.visiteobrasil.com.br\/news\/wp-content\/uploads\/2023\/10\/Vista-panoramica-das-Praias-de-Balneario-Camboriu-Foto-VerinhaaLicenca-cc-by-sa-3-0.jpg?fit=900%2C301&ssl=1&resize=350%2C200","width":350,"height":200,"srcset":"https:\/\/i0.wp.com\/www.visiteobrasil.com.br\/news\/wp-content\/uploads\/2023\/10\/Vista-panoramica-das-Praias-de-Balneario-Camboriu-Foto-VerinhaaLicenca-cc-by-sa-3-0.jpg?fit=900%2C301&ssl=1&resize=350%2C200 1x, https:\/\/i0.wp.com\/www.visiteobrasil.com.br\/news\/wp-content\/uploads\/2023\/10\/Vista-panoramica-das-Praias-de-Balneario-Camboriu-Foto-VerinhaaLicenca-cc-by-sa-3-0.jpg?fit=900%2C301&ssl=1&resize=525%2C300 1.5x, https:\/\/i0.wp.com\/www.visiteobrasil.com.br\/news\/wp-content\/uploads\/2023\/10\/Vista-panoramica-das-Praias-de-Balneario-Camboriu-Foto-VerinhaaLicenca-cc-by-sa-3-0.jpg?fit=900%2C301&ssl=1&resize=700%2C400 2x"},"classes":[]},{"id":4755,"url":"https:\/\/www.visiteobrasil.com.br\/news\/mato-grosso-do-sul\/","url_meta":{"origin":4615,"position":1},"title":"Mato Grosso do Sul","author":"Ramon","date":"11 de outubro de 2023","format":false,"excerpt":"Previous Next O estado de Mato Grosso do Sul, localizado na Regi\u00e3o Centro-Oeste do Brasil, \u00e9 um tesouro de riqueza natural e biodiversidade. Com paisagens diversas que v\u00e3o desde o Pantanal, a maior plan\u00edcie alagada do mundo, at\u00e9 o Cerrado e as serras, Mato Grosso do Sul \u00e9 um para\u00edso\u2026","rel":"","context":"Post similar","block_context":{"text":"Post similar","link":""},"img":{"alt_text":"Cidade de Bonito - Lagoas com peixes coloridos - Mato Grosso do Sul","src":"https:\/\/i0.wp.com\/www.visiteobrasil.com.br\/news\/wp-content\/uploads\/2023\/10\/Bonito-acidadeeconhecidapelosseusriosdeaguascristalinas-foto-leonardodasilvalicenca-cc-by-sa-30gr.jpg?fit=850%2C300&ssl=1&resize=350%2C200","width":350,"height":200,"srcset":"https:\/\/i0.wp.com\/www.visiteobrasil.com.br\/news\/wp-content\/uploads\/2023\/10\/Bonito-acidadeeconhecidapelosseusriosdeaguascristalinas-foto-leonardodasilvalicenca-cc-by-sa-30gr.jpg?fit=850%2C300&ssl=1&resize=350%2C200 1x, https:\/\/i0.wp.com\/www.visiteobrasil.com.br\/news\/wp-content\/uploads\/2023\/10\/Bonito-acidadeeconhecidapelosseusriosdeaguascristalinas-foto-leonardodasilvalicenca-cc-by-sa-30gr.jpg?fit=850%2C300&ssl=1&resize=525%2C300 1.5x, https:\/\/i0.wp.com\/www.visiteobrasil.com.br\/news\/wp-content\/uploads\/2023\/10\/Bonito-acidadeeconhecidapelosseusriosdeaguascristalinas-foto-leonardodasilvalicenca-cc-by-sa-30gr.jpg?fit=850%2C300&ssl=1&resize=700%2C400 2x"},"classes":[]},{"id":4621,"url":"https:\/\/www.visiteobrasil.com.br\/news\/rio-grande-do-sul\/","url_meta":{"origin":4615,"position":2},"title":"Rio Grande do Sul","author":"Ramon","date":"11 de outubro de 2023","format":false,"excerpt":"Previous Next O estado do Rio Grande do Sul, localizado na Regi\u00e3o Sul do Brasil, \u00e9 uma terra de tradi\u00e7\u00e3o ga\u00facha, cultura rica e paisagens estonteantes. Conhecido por seu estilo de vida rural e orgulho de suas ra\u00edzes, o Rio Grande do Sul \u00e9 o lar das famosas est\u00e2ncias e\u2026","rel":"","context":"Post similar","block_context":{"text":"Post similar","link":""},"img":{"alt_text":"Rio Grande do Sul - Maria Fuma\u00e7a na Esta\u00e7\u00e3o Ferrovi\u00e1ria de Bento Gon\u00e7alves-RS","src":"https:\/\/i0.wp.com\/www.visiteobrasil.com.br\/news\/wp-content\/uploads\/2023\/10\/Maria-Fumaca-Estacao-Ferroviaria-Bento-Goncalves-Foto-Vanius-Turismo.jpg?fit=900%2C300&ssl=1&resize=350%2C200","width":350,"height":200,"srcset":"https:\/\/i0.wp.com\/www.visiteobrasil.com.br\/news\/wp-content\/uploads\/2023\/10\/Maria-Fumaca-Estacao-Ferroviaria-Bento-Goncalves-Foto-Vanius-Turismo.jpg?fit=900%2C300&ssl=1&resize=350%2C200 1x, https:\/\/i0.wp.com\/www.visiteobrasil.com.br\/news\/wp-content\/uploads\/2023\/10\/Maria-Fumaca-Estacao-Ferroviaria-Bento-Goncalves-Foto-Vanius-Turismo.jpg?fit=900%2C300&ssl=1&resize=525%2C300 1.5x, https:\/\/i0.wp.com\/www.visiteobrasil.com.br\/news\/wp-content\/uploads\/2023\/10\/Maria-Fumaca-Estacao-Ferroviaria-Bento-Goncalves-Foto-Vanius-Turismo.jpg?fit=900%2C300&ssl=1&resize=700%2C400 2x"},"classes":[]},{"id":4598,"url":"https:\/\/www.visiteobrasil.com.br\/news\/regiao-centro-oeste\/","url_meta":{"origin":4615,"position":3},"title":"Regi\u00e3o Centro-Oeste","author":"Ramon","date":"11 de outubro de 2023","format":false,"excerpt":"Previous Next A Regi\u00e3o Centro-Oeste do Brasil \u00e9 um territ\u00f3rio de extrema import\u00e2ncia geogr\u00e1fica e econ\u00f4mica no pa\u00eds. Composta pelos estados de Goi\u00e1s, Mato Grosso, Mato Grosso do Sul e Distrito Federal, essa regi\u00e3o se destaca por sua diversidade de paisagens, que v\u00e3o desde o Pantanal, a maior plan\u00edcie alag\u00e1vel\u2026","rel":"","context":"Post similar","block_context":{"text":"Post similar","link":""},"img":{"alt_text":"Regi\u00e3o Centro-oeste - Pantanal","src":"https:\/\/i0.wp.com\/www.visiteobrasil.com.br\/news\/wp-content\/uploads\/2023\/10\/222Pantanal-o-maior-ecossistema-do-estado-Foto-Alicia-yo-Licenca-cc-by-sa-3-0.jpg?fit=900%2C301&ssl=1&resize=350%2C200","width":350,"height":200,"srcset":"https:\/\/i0.wp.com\/www.visiteobrasil.com.br\/news\/wp-content\/uploads\/2023\/10\/222Pantanal-o-maior-ecossistema-do-estado-Foto-Alicia-yo-Licenca-cc-by-sa-3-0.jpg?fit=900%2C301&ssl=1&resize=350%2C200 1x, https:\/\/i0.wp.com\/www.visiteobrasil.com.br\/news\/wp-content\/uploads\/2023\/10\/222Pantanal-o-maior-ecossistema-do-estado-Foto-Alicia-yo-Licenca-cc-by-sa-3-0.jpg?fit=900%2C301&ssl=1&resize=525%2C300 1.5x, https:\/\/i0.wp.com\/www.visiteobrasil.com.br\/news\/wp-content\/uploads\/2023\/10\/222Pantanal-o-maior-ecossistema-do-estado-Foto-Alicia-yo-Licenca-cc-by-sa-3-0.jpg?fit=900%2C301&ssl=1&resize=700%2C400 2x"},"classes":[]},{"id":4618,"url":"https:\/\/www.visiteobrasil.com.br\/news\/santa-catarina\/","url_meta":{"origin":4615,"position":4},"title":"Santa Catarina","author":"Ramon","date":"11 de outubro de 2023","format":false,"excerpt":"Previous Next Santa Catarina, situado na Regi\u00e3o Sul do Brasil, \u00e9 um estado que se destaca pela sua variada geografia e pelas deslumbrantes belezas naturais. Do litoral atl\u00e2ntico com suas praias paradis\u00edacas, como Florian\u00f3polis e Balne\u00e1rio Cambori\u00fa, at\u00e9 as regi\u00f5es serranas, como a famosa cidade de Blumenau, a paisagem catarinense\u2026","rel":"","context":"Post similar","block_context":{"text":"Post similar","link":""},"img":{"alt_text":"Santa Catarina- Praia do Rosa - Ibituba-sc","src":"https:\/\/i0.wp.com\/www.visiteobrasil.com.br\/news\/wp-content\/uploads\/2023\/10\/Praia-do-Rosa-Foto-Claudio-Lima-Setur-Imbituba.jpg?fit=900%2C301&ssl=1&resize=350%2C200","width":350,"height":200,"srcset":"https:\/\/i0.wp.com\/www.visiteobrasil.com.br\/news\/wp-content\/uploads\/2023\/10\/Praia-do-Rosa-Foto-Claudio-Lima-Setur-Imbituba.jpg?fit=900%2C301&ssl=1&resize=350%2C200 1x, https:\/\/i0.wp.com\/www.visiteobrasil.com.br\/news\/wp-content\/uploads\/2023\/10\/Praia-do-Rosa-Foto-Claudio-Lima-Setur-Imbituba.jpg?fit=900%2C301&ssl=1&resize=525%2C300 1.5x, https:\/\/i0.wp.com\/www.visiteobrasil.com.br\/news\/wp-content\/uploads\/2023\/10\/Praia-do-Rosa-Foto-Claudio-Lima-Setur-Imbituba.jpg?fit=900%2C301&ssl=1&resize=700%2C400 2x"},"classes":[]},{"id":4726,"url":"https:\/\/www.visiteobrasil.com.br\/news\/sao-paulo\/","url_meta":{"origin":4615,"position":5},"title":"S\u00e3o Paulo","author":"Ramon","date":"11 de outubro de 2023","format":false,"excerpt":"Previous Next O estado de S\u00e3o Paulo, situado na Regi\u00e3o Sudeste do Brasil, \u00e9 um verdadeiro centro de diversidade e movimenta\u00e7\u00e3o urbana. Sua capital, a cidade de S\u00e3o Paulo, \u00e9 a maior metr\u00f3pole da Am\u00e9rica do Sul e um dos principais centros financeiros do mundo. A cidade abriga uma riqueza\u2026","rel":"","context":"Post similar","block_context":{"text":"Post similar","link":""},"img":{"alt_text":"S\u00e3o Paulo - Campos-do Jordao-Shopping-Aspen-Mall","src":"https:\/\/i0.wp.com\/www.visiteobrasil.com.br\/news\/wp-content\/uploads\/2023\/10\/Campos-do-Jordao-Shopping-Aspen-Mall-Foto-Deni-Williams.jpg?fit=900%2C301&ssl=1&resize=350%2C200","width":350,"height":200,"srcset":"https:\/\/i0.wp.com\/www.visiteobrasil.com.br\/news\/wp-content\/uploads\/2023\/10\/Campos-do-Jordao-Shopping-Aspen-Mall-Foto-Deni-Williams.jpg?fit=900%2C301&ssl=1&resize=350%2C200 1x, https:\/\/i0.wp.com\/www.visiteobrasil.com.br\/news\/wp-content\/uploads\/2023\/10\/Campos-do-Jordao-Shopping-Aspen-Mall-Foto-Deni-Williams.jpg?fit=900%2C301&ssl=1&resize=525%2C300 1.5x, https:\/\/i0.wp.com\/www.visiteobrasil.com.br\/news\/wp-content\/uploads\/2023\/10\/Campos-do-Jordao-Shopping-Aspen-Mall-Foto-Deni-Williams.jpg?fit=900%2C301&ssl=1&resize=700%2C400 2x"},"classes":[]}],"jetpack_sharing_enabled":true,"jetpack_likes_enabled":true,"_links":{"self":[{"href":"https:\/\/www.visiteobrasil.com.br\/news\/wp-json\/wp\/v2\/pages\/4615","targetHints":{"allow":["GET"]}}],"collection":[{"href":"https:\/\/www.visiteobrasil.com.br\/news\/wp-json\/wp\/v2\/pages"}],"about":[{"href":"https:\/\/www.visiteobrasil.com.br\/news\/wp-json\/wp\/v2\/types\/page"}],"author":[{"embeddable":true,"href":"https:\/\/www.visiteobrasil.com.br\/news\/wp-json\/wp\/v2\/users\/2"}],"replies":[{"embeddable":true,"href":"https:\/\/www.visiteobrasil.com.br\/news\/wp-json\/wp\/v2\/comments?post=4615"}],"version-history":[{"count":4,"href":"https:\/\/www.visiteobrasil.com.br\/news\/wp-json\/wp\/v2\/pages\/4615\/revisions"}],"predecessor-version":[{"id":6343,"href":"https:\/\/www.visiteobrasil.com.br\/news\/wp-json\/wp\/v2\/pages\/4615\/revisions\/6343"}],"wp:featuredmedia":[{"embeddable":true,"href":"https:\/\/www.visiteobrasil.com.br\/news\/wp-json\/wp\/v2\/media\/4616"}],"wp:attachment":[{"href":"https:\/\/www.visiteobrasil.com.br\/news\/wp-json\/wp\/v2\/media?parent=4615"}],"curies":[{"name":"wp","href":"https:\/\/api.w.org\/{rel}","templated":true}]}}